{"id":6767,"date":"2020-07-02T16:41:27","date_gmt":"2020-07-02T14:41:27","guid":{"rendered":"https:\/\/titandizajn.com\/foto-studio\/"},"modified":"2023-09-15T12:32:43","modified_gmt":"2023-09-15T10:32:43","slug":"foto-studio","status":"publish","type":"page","link":"https:\/\/titandizajn.com\/it\/foto-studio\/","title":{"rendered":"Foto studio"},"content":{"rendered":"<div id='av-layout-grid-1'  class='av-layout-grid-container entry-content-wrapper main_color av-flex-cells   av-desktop-hide av-medium-hide av-small-hide av-mini-hide   avia-builder-el-0  el_before_av_layout_row  avia-builder-el-first  category-filter container_wrap fullsize' style=' '  >\n<div class=\"flex_cell no_margin av_one_fifth  avia-builder-el-1  el_before_av_cell_three_fifth  avia-builder-el-first   av-hide-on-mobile  \"  style='vertical-align:top; padding:30px; ' ><div class='flex_cell_inner' ><\/div><\/div><div class=\"flex_cell no_margin av_three_fifth  avia-builder-el-2  el_after_av_cell_one_fifth  el_before_av_cell_one_fifth   \"  style='vertical-align:top; padding:30px; ' ><div class='flex_cell_inner' ><div  class='avia-builder-widget-area clearfix  avia-builder-el-3  avia-builder-el-no-sibling '><div id=\"nav_menu-5\" class=\"widget clearfix widget_nav_menu\"><div class=\"menu-portfolio-sr-it-container\"><ul id=\"menu-portfolio-sr-it\" class=\"menu\"><li id=\"menu-item-3827\" class=\"menu-item menu-item-type-post_type menu-item-object-page menu-item-3827\"><a href=\"https:\/\/titandizajn.com\/it\/il-design-web\/\">IL DESIGN WEB<\/a><\/li>\n<li id=\"menu-item-3824\" class=\"menu-item menu-item-type-post_type menu-item-object-page menu-item-3824\"><a href=\"https:\/\/titandizajn.com\/it\/design-catalogo\/\">Design catalogo<\/a><\/li>\n<li id=\"menu-item-3306\" class=\"menu-item menu-item-type-post_type menu-item-object-page menu-item-3306\"><a href=\"https:\/\/titandizajn.com\/it\/design-di-billboard\/\">Design di billboard<\/a><\/li>\n<li id=\"menu-item-3691\" class=\"menu-item menu-item-type-post_type menu-item-object-page menu-item-3691\"><a href=\"https:\/\/titandizajn.com\/it\/design-di-poster\/\">Design di poster<\/a><\/li>\n<li id=\"menu-item-3690\" class=\"menu-item menu-item-type-post_type menu-item-object-page menu-item-3690\"><a href=\"https:\/\/titandizajn.com\/it\/design-di-pubblicazioni\/\">Design di pubblicazioni<\/a><\/li>\n<li id=\"menu-item-3689\" class=\"menu-item menu-item-type-post_type menu-item-object-page menu-item-3689\"><a href=\"https:\/\/titandizajn.com\/it\/branding-dei-veicoli\/\">Branding dei veicoli<\/a><\/li>\n<li id=\"menu-item-3688\" class=\"menu-item menu-item-type-post_type menu-item-object-page menu-item-3688\"><a href=\"https:\/\/titandizajn.com\/it\/design-di-brochure\/\">Design di Brochure<\/a><\/li>\n<li id=\"menu-item-6843\" class=\"menu-item menu-item-type-post_type menu-item-object-page menu-item-6843\"><a href=\"https:\/\/titandizajn.com\/it\/marketing-digitale\/\">Marketing digitale<\/a><\/li>\n<li id=\"menu-item-6806\" class=\"menu-item menu-item-type-post_type menu-item-object-page menu-item-6806\"><a href=\"https:\/\/titandizajn.com\/it\/content-writing\/\">Content Writing<\/a><\/li>\n<li id=\"menu-item-6777\" class=\"menu-item menu-item-type-post_type menu-item-object-page menu-item-6777\"><a href=\"https:\/\/titandizajn.com\/it\/foto-studio\/\">Foto studio<\/a><\/li>\n<\/ul><\/div><\/div><\/div>\n<\/div><\/div><div class=\"flex_cell no_margin av_one_fifth  avia-builder-el-4  el_after_av_cell_three_fifth  avia-builder-el-last   av-hide-on-mobile  \"  style='vertical-align:top; padding:30px; ' ><div class='flex_cell_inner' ><\/div><\/div>\n<\/div>\n<div id='av-layout-grid-2'  class='av-layout-grid-container entry-content-wrapper alternate_color av-flex-cells     avia-builder-el-5  el_after_av_layout_row  el_before_av_masonry_entries  submenu-not-first container_wrap fullsize' style=' '  >\n<div class=\"flex_cell no_margin av_one_full  avia-builder-el-6  avia-builder-el-no-sibling   \" ><div class='flex_cell_inner' ><div class=\"flex_column av_one_full  flex_column_div av-zero-column-padding first  avia-builder-el-7  avia-builder-el-no-sibling  \" style='border-radius:0px; '><section class=\"av_textblock_section \"  itemscope=\"itemscope\" itemtype=\"https:\/\/schema.org\/CreativeWork\" ><div class='avia_textblock about-txt '   itemprop=\"text\" ><h2 style=\"text-align: center;\">Studio Fotografico<\/h2>\n<p style=\"text-align: center;\">Uno dei servizi che offriamo ai nostri clienti \u00e8 la fotografia professionale dei loro prodotti, campagne e talvolta eventi aziendali.<\/p>\n<p style=\"text-align: center;\">\u00c8 noto che una buona foto ha una grande influenza sui clienti e decide di acquistare un determinato prodotto. A volte questo sar\u00e0 uno dei motivi principali per cui qualcuno decider\u00e0 di acquistare un prodotto.<\/p>\n<p style=\"text-align: center;\">Questo \u00e8 uno dei motivi principali per cui abbiamo riconosciuto la fotografia come un elemento importante nei servizi offerti ai clienti. Fotografare i prodotti in un ambiente di studio, con dettagli prima progettati che completano l&#8217;esperienza complessiva, porter\u00e0 al Vostro marchio\u00a0 un nuovo concetto di presentazione del prodotto.<\/p>\n<\/div><\/section><\/div>\n<\/div><\/div>\n<\/div>\n<div id='av-masonry-1' class='av-masonry  noHover av-fixed-size av-no-gap av-hover-overlay- av-masonry-animation-active av-masonry-col-4 av-caption-on-hover av-caption-style-  av-orientation-square  ' style='background-color:#ffffff; ' ><div class='av-masonry-container isotope av-js-disabled ' ><div class='av-masonry-entry isotope-item av-masonry-item-no-image '><\/div><a href=\"https:\/\/titandizajn.com\/it\/portfolio\/foto-di-imballaggio\/\"  id='av-masonry-1-item-6733' data-av-masonry-item='6733' class='av-masonry-entry isotope-item post-6733 portfolio type-portfolio status-publish has-post-thumbnail hentry portfolio_entries-studio-fotografico  av-masonry-item-with-image' title=\"pack\"  itemscope=\"itemscope\" itemtype=\"https:\/\/schema.org\/CreativeWork\" ><div class='av-inner-masonry-sizer'><\/div><figure class='av-inner-masonry main_color'><div class=\"av-masonry-outerimage-container\"><div class=\"av-masonry-image-container\" style=\"background-image: url(https:\/\/titandizajn.com\/wp-content\/uploads\/2020\/07\/pack.jpg);\" title=\"pack\"  alt=\"fotografisanje ambala\u017ee\" ><\/div><\/div><figcaption class='av-inner-masonry-content site-background'><div class='av-inner-masonry-content-pos'><div class='av-inner-masonry-content-pos-content'><div class='avia-arrow'><\/div><h3 class='av-masonry-entry-title entry-title '  itemprop=\"headline\" >Foto di imballaggio<\/h3><\/div><\/div><\/figcaption><\/figure><\/a><!--end av-masonry entry--><a href=\"https:\/\/titandizajn.com\/it\/portfolio\/elaborazione-della-foto\/\"  id='av-masonry-1-item-6745' data-av-masonry-item='6745' class='av-masonry-entry isotope-item post-6745 portfolio type-portfolio status-publish has-post-thumbnail hentry portfolio_entries-studio-fotografico  av-masonry-item-with-image' title=\"Obrada\"  itemscope=\"itemscope\" itemtype=\"https:\/\/schema.org\/CreativeWork\" ><div class='av-inner-masonry-sizer'><\/div><figure class='av-inner-masonry main_color'><div class=\"av-masonry-outerimage-container\"><div class=\"av-masonry-image-container\" style=\"background-image: url(https:\/\/titandizajn.com\/wp-content\/uploads\/2020\/07\/Obrada.jpg);\" title=\"Obrada\"  alt=\"obrada fotofrafije na kojoj se nalazi \u010dokolada i keks\" ><\/div><\/div><figcaption class='av-inner-masonry-content site-background'><div class='av-inner-masonry-content-pos'><div class='av-inner-masonry-content-pos-content'><div class='avia-arrow'><\/div><h3 class='av-masonry-entry-title entry-title '  itemprop=\"headline\" >Elaborazione della foto<\/h3><\/div><\/div><\/figcaption><\/figure><\/a><!--end av-masonry entry--><a href=\"https:\/\/titandizajn.com\/it\/portfolio\/stile-di-vita-lifestyle\/\"  id='av-masonry-1-item-6709' data-av-masonry-item='6709' class='av-masonry-entry isotope-item post-6709 portfolio type-portfolio status-publish has-post-thumbnail hentry portfolio_entries-studio-fotografico  av-masonry-item-with-image' title=\"Lifestyle\"  itemscope=\"itemscope\" itemtype=\"https:\/\/schema.org\/CreativeWork\" ><div class='av-inner-masonry-sizer'><\/div><figure class='av-inner-masonry main_color'><div class=\"av-masonry-outerimage-container\"><div class=\"av-masonry-image-container\" style=\"background-image: url(https:\/\/titandizajn.com\/wp-content\/uploads\/2020\/07\/Lifestyle.jpg);\" title=\"Lifestyle\"  alt=\"lifestyle fotografija prikaz odozgo gde se vidi namazan hleb sa eurocremom\" ><\/div><\/div><figcaption class='av-inner-masonry-content site-background'><div class='av-inner-masonry-content-pos'><div class='av-inner-masonry-content-pos-content'><div class='avia-arrow'><\/div><h3 class='av-masonry-entry-title entry-title '  itemprop=\"headline\" >Stile di vita \u2013 Lifestyle<\/h3><\/div><\/div><\/figcaption><\/figure><\/a><!--end av-masonry entry--><a href=\"https:\/\/titandizajn.com\/it\/portfolio\/reti-sociali\/\"  id='av-masonry-1-item-6758' data-av-masonry-item='6758' class='av-masonry-entry isotope-item post-6758 portfolio type-portfolio status-publish has-post-thumbnail hentry portfolio_entries-studio-fotografico  av-masonry-item-with-image' title=\"drustvene mreze-glavna copy\"  itemscope=\"itemscope\" itemtype=\"https:\/\/schema.org\/CreativeWork\" ><div class='av-inner-masonry-sizer'><\/div><figure class='av-inner-masonry main_color'><div class=\"av-masonry-outerimage-container\"><div class=\"av-masonry-image-container\" style=\"background-image: url(https:\/\/titandizajn.com\/wp-content\/uploads\/2020\/07\/drustvene-mreze-glavna-copy.jpg);\" title=\"drustvene mreze-glavna copy\"  alt=\"fotografija za dru\u0161tvene mre\u017ee vidi se bevita i eurocrem\" ><\/div><\/div><figcaption class='av-inner-masonry-content site-background'><div class='av-inner-masonry-content-pos'><div class='av-inner-masonry-content-pos-content'><div class='avia-arrow'><\/div><h3 class='av-masonry-entry-title entry-title '  itemprop=\"headline\" >Reti sociali<\/h3><\/div><\/div><\/figcaption><\/figure><\/a><!--end av-masonry entry--><\/div><\/div>\n<div id='av-layout-grid-3'  class='av-layout-grid-container entry-content-wrapper alternate_color av-flex-cells     avia-builder-el-10  el_after_av_masonry_entries  avia-builder-el-last  submenu-not-first container_wrap fullsize' style=' '  >\n<div class=\"flex_cell no_margin av_one_full  avia-builder-el-11  avia-builder-el-no-sibling   \" ><div class='flex_cell_inner' ><div class=\"flex_column av_one_full  flex_column_div av-zero-column-padding first  avia-builder-el-12  avia-builder-el-no-sibling  \" style='border-radius:0px; '><section class=\"av_textblock_section \"  itemscope=\"itemscope\" itemtype=\"https:\/\/schema.org\/CreativeWork\" ><div class='avia_textblock about-txt '   itemprop=\"text\" ><p style=\"text-align: center;\">Con l&#8217;avvento dei reti sociali, e in particolare di Instagram, \u00e8 aumentata la necessit\u00e0 di una presentazione visiva dei prodotti a un nuovo livello. I potenziali acquirenti vogliono vedere il prodotto in diverse situazioni e ambienti. Prima di acquistarlo, vogliono vedere come viene utilizzato e chi lo acquista tutto. La fotografia e la pianificazione strategica del &#8220;feed&#8221; possono apportare questo ai Vostro profile sui reti sociali.<\/p>\n<p style=\"text-align: center;\">La fotografia individuale di prodotti per negozi online si \u00e8 dimostrata particolarmente importante per lo sviluppo del lavoro. I clienti vogliono vedere una foto di qualit\u00e0, un prodotto da pi\u00f9 angolazioni e creare un&#8217;idea di come possono quasi toccare il prodotto. Ci\u00f2 fornisce loro un senso di vista pi\u00f9 ravvicinato e li aiuta a prendere la decisione di acquistare il prodotto &#8220;online&#8221;.<\/p>\n<p style=\"text-align: center;\">Affinch\u00e9 i prodotti, oltre ai dettagli e allo speciale ambiente di studio in cui sono collocati, ottengano ulteriore lucentezza, i nostri progettisti li sistemano in modo ancora pi\u00f9 dettagliato nei programmi di elaborazione delle foto, dove enfatizzano le loro migliori caratteristiche, mentre cercano di rendere tutto il pi\u00f9 naturale possibile.<\/p>\n<p style=\"text-align: center;\">A volte facciamo anche foto di dipendenti nelle aziende dei nostri clienti. Ci piace davvero, perch\u00e9 incontrare le persone dietro un certo marchio ci d\u00e0 ulteriore ispirazione per campagne e progetti futuri. A volte \u00e8 un&#8217;attivit\u00e0 all&#8217;interno del progetto di creazione di un sito Web di un&#8217;azienda, in cui fotografiamo i dipendenti per la sezione &#8220;Team&#8221;, e talvolta \u00e8 una fotografia dei loro importanti successi o eventi aziendali.<\/p>\n<\/div><\/section><\/div>\n<\/div><\/div>\n<\/div>\n","protected":false},"excerpt":{"rendered":"","protected":false},"author":14,"featured_media":0,"parent":0,"menu_order":0,"comment_status":"closed","ping_status":"open","template":"","meta":{"_acf_changed":false,"inline_featured_image":false,"footnotes":""},"class_list":["post-6767","page","type-page","status-publish","hentry"],"acf":[],"yoast_head":"<!-- This site is optimized with the Yoast SEO plugin v27.3 - https:\/\/yoast.com\/product\/yoast-seo-wordpress\/ -->\n<title>Profesionalni foto studio, fotografisanje proizvoda - Beograd<\/title>\n<meta name=\"description\" content=\"fotografisanje proizvoda za internet prodavnice, foto ambala\u017ee i korporativnih dogadjaja, portreti, lifestyle fotografije\" \/>\n<meta name=\"robots\" content=\"index, follow, max-snippet:-1, max-image-preview:large, max-video-preview:-1\" \/>\n<link rel=\"canonical\" href=\"https:\/\/titandizajn.com\/it\/foto-studio\/\" \/>\n<meta property=\"og:locale\" content=\"it_IT\" \/>\n<meta property=\"og:type\" content=\"article\" \/>\n<meta property=\"og:title\" content=\"Profesionalni foto studio, fotografisanje proizvoda - Beograd\" \/>\n<meta property=\"og:description\" content=\"fotografisanje proizvoda za internet prodavnice, foto ambala\u017ee i korporativnih dogadjaja, portreti, lifestyle fotografije\" \/>\n<meta property=\"og:url\" content=\"https:\/\/titandizajn.com\/it\/foto-studio\/\" \/>\n<meta property=\"og:site_name\" content=\"Titan Dizajn\" \/>\n<meta property=\"article:modified_time\" content=\"2023-09-15T10:32:43+00:00\" \/>\n<meta property=\"og:image\" content=\"https:\/\/titandizajn.com\/wp-content\/uploads\/2019\/06\/logo-1.png\" \/>\n\t<meta property=\"og:image:width\" content=\"91\" \/>\n\t<meta property=\"og:image:height\" content=\"107\" \/>\n\t<meta property=\"og:image:type\" content=\"image\/png\" \/>\n<meta name=\"twitter:card\" content=\"summary_large_image\" \/>\n<meta name=\"twitter:label1\" content=\"Tempo di lettura stimato\" \/>\n\t<meta name=\"twitter:data1\" content=\"4 minuti\" \/>\n<script type=\"application\/ld+json\" class=\"yoast-schema-graph\">{\"@context\":\"https:\\\/\\\/schema.org\",\"@graph\":[{\"@type\":\"WebPage\",\"@id\":\"https:\\\/\\\/titandizajn.com\\\/it\\\/foto-studio\\\/\",\"url\":\"https:\\\/\\\/titandizajn.com\\\/it\\\/foto-studio\\\/\",\"name\":\"Profesionalni foto studio, fotografisanje proizvoda - Beograd\",\"isPartOf\":{\"@id\":\"https:\\\/\\\/titandizajn.com\\\/#website\"},\"datePublished\":\"2020-07-02T14:41:27+00:00\",\"dateModified\":\"2023-09-15T10:32:43+00:00\",\"description\":\"fotografisanje proizvoda za internet prodavnice, foto ambala\u017ee i korporativnih dogadjaja, portreti, lifestyle fotografije\",\"breadcrumb\":{\"@id\":\"https:\\\/\\\/titandizajn.com\\\/it\\\/foto-studio\\\/#breadcrumb\"},\"inLanguage\":\"it-IT\",\"potentialAction\":[{\"@type\":\"ReadAction\",\"target\":[\"https:\\\/\\\/titandizajn.com\\\/it\\\/foto-studio\\\/\"]}]},{\"@type\":\"BreadcrumbList\",\"@id\":\"https:\\\/\\\/titandizajn.com\\\/it\\\/foto-studio\\\/#breadcrumb\",\"itemListElement\":[{\"@type\":\"ListItem\",\"position\":1,\"name\":\"Po\u010detna\",\"item\":\"https:\\\/\\\/titandizajn.com\\\/it\\\/pocetna\\\/\"},{\"@type\":\"ListItem\",\"position\":2,\"name\":\"Foto studio\"}]},{\"@type\":\"WebSite\",\"@id\":\"https:\\\/\\\/titandizajn.com\\\/#website\",\"url\":\"https:\\\/\\\/titandizajn.com\\\/\",\"name\":\"Titan Dizajn\",\"description\":\"Creative Agency\",\"potentialAction\":[{\"@type\":\"SearchAction\",\"target\":{\"@type\":\"EntryPoint\",\"urlTemplate\":\"https:\\\/\\\/titandizajn.com\\\/?s={search_term_string}\"},\"query-input\":{\"@type\":\"PropertyValueSpecification\",\"valueRequired\":true,\"valueName\":\"search_term_string\"}}],\"inLanguage\":\"it-IT\"}]}<\/script>\n<!-- \/ Yoast SEO plugin. -->","yoast_head_json":{"title":"Profesionalni foto studio, fotografisanje proizvoda - Beograd","description":"fotografisanje proizvoda za internet prodavnice, foto ambala\u017ee i korporativnih dogadjaja, portreti, lifestyle fotografije","robots":{"index":"index","follow":"follow","max-snippet":"max-snippet:-1","max-image-preview":"max-image-preview:large","max-video-preview":"max-video-preview:-1"},"canonical":"https:\/\/titandizajn.com\/it\/foto-studio\/","og_locale":"it_IT","og_type":"article","og_title":"Profesionalni foto studio, fotografisanje proizvoda - Beograd","og_description":"fotografisanje proizvoda za internet prodavnice, foto ambala\u017ee i korporativnih dogadjaja, portreti, lifestyle fotografije","og_url":"https:\/\/titandizajn.com\/it\/foto-studio\/","og_site_name":"Titan Dizajn","article_modified_time":"2023-09-15T10:32:43+00:00","og_image":[{"width":91,"height":107,"url":"https:\/\/titandizajn.com\/wp-content\/uploads\/2019\/06\/logo-1.png","type":"image\/png"}],"twitter_card":"summary_large_image","twitter_misc":{"Tempo di lettura stimato":"4 minuti"},"schema":{"@context":"https:\/\/schema.org","@graph":[{"@type":"WebPage","@id":"https:\/\/titandizajn.com\/it\/foto-studio\/","url":"https:\/\/titandizajn.com\/it\/foto-studio\/","name":"Profesionalni foto studio, fotografisanje proizvoda - Beograd","isPartOf":{"@id":"https:\/\/titandizajn.com\/#website"},"datePublished":"2020-07-02T14:41:27+00:00","dateModified":"2023-09-15T10:32:43+00:00","description":"fotografisanje proizvoda za internet prodavnice, foto ambala\u017ee i korporativnih dogadjaja, portreti, lifestyle fotografije","breadcrumb":{"@id":"https:\/\/titandizajn.com\/it\/foto-studio\/#breadcrumb"},"inLanguage":"it-IT","potentialAction":[{"@type":"ReadAction","target":["https:\/\/titandizajn.com\/it\/foto-studio\/"]}]},{"@type":"BreadcrumbList","@id":"https:\/\/titandizajn.com\/it\/foto-studio\/#breadcrumb","itemListElement":[{"@type":"ListItem","position":1,"name":"Po\u010detna","item":"https:\/\/titandizajn.com\/it\/pocetna\/"},{"@type":"ListItem","position":2,"name":"Foto studio"}]},{"@type":"WebSite","@id":"https:\/\/titandizajn.com\/#website","url":"https:\/\/titandizajn.com\/","name":"Titan Dizajn","description":"Creative Agency","potentialAction":[{"@type":"SearchAction","target":{"@type":"EntryPoint","urlTemplate":"https:\/\/titandizajn.com\/?s={search_term_string}"},"query-input":{"@type":"PropertyValueSpecification","valueRequired":true,"valueName":"search_term_string"}}],"inLanguage":"it-IT"}]}},"_links":{"self":[{"href":"https:\/\/titandizajn.com\/it\/wp-json\/wp\/v2\/pages\/6767","targetHints":{"allow":["GET"]}}],"collection":[{"href":"https:\/\/titandizajn.com\/it\/wp-json\/wp\/v2\/pages"}],"about":[{"href":"https:\/\/titandizajn.com\/it\/wp-json\/wp\/v2\/types\/page"}],"author":[{"embeddable":true,"href":"https:\/\/titandizajn.com\/it\/wp-json\/wp\/v2\/users\/14"}],"replies":[{"embeddable":true,"href":"https:\/\/titandizajn.com\/it\/wp-json\/wp\/v2\/comments?post=6767"}],"version-history":[{"count":6,"href":"https:\/\/titandizajn.com\/it\/wp-json\/wp\/v2\/pages\/6767\/revisions"}],"predecessor-version":[{"id":23260,"href":"https:\/\/titandizajn.com\/it\/wp-json\/wp\/v2\/pages\/6767\/revisions\/23260"}],"wp:attachment":[{"href":"https:\/\/titandizajn.com\/it\/wp-json\/wp\/v2\/media?parent=6767"}],"curies":[{"name":"wp","href":"https:\/\/api.w.org\/{rel}","templated":true}]}}