{"id":3678,"date":"2019-12-19T12:00:56","date_gmt":"2019-12-19T11:00:56","guid":{"rendered":"http:\/\/dev.titandizajn.com\/dizajn-brosura"},"modified":"2023-09-15T11:52:32","modified_gmt":"2023-09-15T09:52:32","slug":"design-di-brochure","status":"publish","type":"page","link":"https:\/\/titandizajn.com\/it\/design-di-brochure\/","title":{"rendered":"Design di Brochure"},"content":{"rendered":"<div id='av-layout-grid-1'  class='av-layout-grid-container entry-content-wrapper main_color av-flex-cells   av-desktop-hide av-medium-hide av-small-hide av-mini-hide   avia-builder-el-0  el_before_av_layout_row  avia-builder-el-first  category-filter container_wrap fullsize' style=' '  >\n<div class=\"flex_cell no_margin av_one_full  avia-builder-el-1  avia-builder-el-no-sibling   \"  style='vertical-align:top; padding:30px; ' ><div class='flex_cell_inner' ><div  class='avia-builder-widget-area clearfix  avia-builder-el-2  avia-builder-el-no-sibling '><div id=\"nav_menu-5\" class=\"widget clearfix widget_nav_menu\"><div class=\"menu-portfolio-sr-it-container\"><ul id=\"menu-portfolio-sr-it\" class=\"menu\"><li id=\"menu-item-3827\" class=\"menu-item menu-item-type-post_type menu-item-object-page menu-item-3827\"><a href=\"https:\/\/titandizajn.com\/it\/il-design-web\/\">IL DESIGN WEB<\/a><\/li>\n<li id=\"menu-item-3824\" class=\"menu-item menu-item-type-post_type menu-item-object-page menu-item-3824\"><a href=\"https:\/\/titandizajn.com\/it\/design-catalogo\/\">Design catalogo<\/a><\/li>\n<li id=\"menu-item-3306\" class=\"menu-item menu-item-type-post_type menu-item-object-page menu-item-3306\"><a href=\"https:\/\/titandizajn.com\/it\/design-di-billboard\/\">Design di billboard<\/a><\/li>\n<li id=\"menu-item-3691\" class=\"menu-item menu-item-type-post_type menu-item-object-page menu-item-3691\"><a href=\"https:\/\/titandizajn.com\/it\/design-di-poster\/\">Design di poster<\/a><\/li>\n<li id=\"menu-item-3690\" class=\"menu-item menu-item-type-post_type menu-item-object-page menu-item-3690\"><a href=\"https:\/\/titandizajn.com\/it\/design-di-pubblicazioni\/\">Design di pubblicazioni<\/a><\/li>\n<li id=\"menu-item-3689\" class=\"menu-item menu-item-type-post_type menu-item-object-page menu-item-3689\"><a href=\"https:\/\/titandizajn.com\/it\/branding-dei-veicoli\/\">Branding dei veicoli<\/a><\/li>\n<li id=\"menu-item-3688\" class=\"menu-item menu-item-type-post_type menu-item-object-page menu-item-3688\"><a href=\"https:\/\/titandizajn.com\/it\/design-di-brochure\/\">Design di Brochure<\/a><\/li>\n<li id=\"menu-item-6843\" class=\"menu-item menu-item-type-post_type menu-item-object-page menu-item-6843\"><a href=\"https:\/\/titandizajn.com\/it\/marketing-digitale\/\">Marketing digitale<\/a><\/li>\n<li id=\"menu-item-6806\" class=\"menu-item menu-item-type-post_type menu-item-object-page menu-item-6806\"><a href=\"https:\/\/titandizajn.com\/it\/content-writing\/\">Content Writing<\/a><\/li>\n<li id=\"menu-item-6777\" class=\"menu-item menu-item-type-post_type menu-item-object-page menu-item-6777\"><a href=\"https:\/\/titandizajn.com\/it\/foto-studio\/\">Foto studio<\/a><\/li>\n<\/ul><\/div><\/div><\/div>\n<\/div><\/div>\n<\/div>\n<div id='av-layout-grid-2'  class='av-layout-grid-container entry-content-wrapper main_color av-flex-cells     avia-builder-el-3  el_after_av_layout_row  el_before_av_layout_row  home-grid submenu-not-first container_wrap fullsize' style=' '  >\n<div class=\"flex_cell no_margin av_one_half  avia-builder-el-4  el_before_av_cell_one_half  avia-builder-el-first   av-zero-padding \"  style='vertical-align:middle; padding:0px; ' ><div class='flex_cell_inner' ><div class='flex_column_table av-equal-height-column-flextable -flextable' ><div class=\"flex_column av_one_full  no_margin flex_column_table_cell av-equal-height-column av-align-middle av-zero-column-padding first  avia-builder-el-5  avia-builder-el-no-sibling  \" style='border-radius:0px; '><div  class='avia-image-container  av-styling-no-styling    avia-builder-el-6  avia-builder-el-no-sibling  avia-align-center '  itemprop=\"image\" itemscope=\"itemscope\" itemtype=\"https:\/\/schema.org\/ImageObject\"  ><div class='avia-image-container-inner'><div class='avia-image-overlay-wrap'><img decoding=\"async\" class='wp-image-19982 avia-img-lazy-loading-not-19982 avia_image' src=\"https:\/\/titandizajn.com\/wp-content\/uploads\/2022\/08\/dizajn-brosure-primer.webp\" alt='dizajn bro\u0161ure' title='dizajn bro\u0161ure' height=\"670\" width=\"960\"  itemprop=\"thumbnailUrl\" srcset=\"https:\/\/titandizajn.com\/wp-content\/uploads\/2022\/08\/dizajn-brosure-primer.webp 960w, https:\/\/titandizajn.com\/wp-content\/uploads\/2022\/08\/dizajn-brosure-primer-600x419.webp 600w, https:\/\/titandizajn.com\/wp-content\/uploads\/2022\/08\/dizajn-brosure-primer-300x209.webp 300w, https:\/\/titandizajn.com\/wp-content\/uploads\/2022\/08\/dizajn-brosure-primer-768x536.webp 768w, https:\/\/titandizajn.com\/wp-content\/uploads\/2022\/08\/dizajn-brosure-primer-705x492.webp 705w\" sizes=\"(max-width: 960px) 100vw, 960px\" \/><\/div><\/div><\/div><\/div><\/div><!--close column table wrapper. Autoclose: 1 -->\n<\/div><\/div><div class=\"flex_cell no_margin av_one_half  avia-builder-el-7  el_after_av_cell_one_half  avia-builder-el-last  grid-txt  \"  style='vertical-align:middle; padding:28px 40px 28px 40px ; ' ><div class='flex_cell_inner' ><section class=\"av_textblock_section \"  itemscope=\"itemscope\" itemtype=\"https:\/\/schema.org\/CreativeWork\" ><div class='avia_textblock  '   itemprop=\"text\" ><h1 style=\"text-align: left;\">Il design di Brochure<\/h1>\n<p style=\"text-align: left;\"><strong>Il design grafico<\/strong> di brochure rappresenta lo strumento perfetto di marketing perche\u2019 si possa presentare un\u2019azienda. Nell\u2019agenzia Titan design Vi offriamo il design grafico unico di brochure. Il design brochure segue l\u2019aspetto della vostra identita\u2019 aziendale e segue il gruppo target per chi brochure e\u2019 destinata.<\/p>\n<h2 style=\"text-align: left;\">Creazione e design di brochure<\/h2>\n<p style=\"text-align: left;\">Lo scopo di una brochure e\u2019 di presentare una ditta e i suoi prodotti o servizi in modo interessante e unico il che non solo che attrae l\u2019attenzione dell\u2019osservatore ma anche gli fa rivolgersi a questa ditta. Una combinazione delle immagini forti e i messaggi scritti chiaramente e nettamente creano una soluzione di design migliore. La brochure dovrebbe dare le risposte alle domande seguenti: di cosa si occupa la ditta? Come il lettore puo\u2019 ottenere le ulteriori informazioni? E il piu\u2019 importante in che modo il lettore puo\u2019 approfittare con uso dei loro prodotti e servizi?<\/p>\n<\/div><\/section>\n<\/div><\/div>\n<\/div>\n<div id='av-layout-grid-3'  class='av-layout-grid-container entry-content-wrapper main_color av-flex-cells     avia-builder-el-9  el_after_av_layout_row  el_before_av_layout_row  home-grid submenu-not-first container_wrap fullsize' style=' '  >\n<div class=\"flex_cell no_margin av_one_half  avia-builder-el-10  el_before_av_cell_one_half  avia-builder-el-first   av-zero-padding \"  style='vertical-align:middle; padding:0px; ' ><div class='flex_cell_inner' ><div class='flex_column_table av-equal-height-column-flextable -flextable' ><div class=\"flex_column av_one_full  no_margin flex_column_table_cell av-equal-height-column av-align-middle av-zero-column-padding first  avia-builder-el-11  avia-builder-el-no-sibling  \" style='border-radius:0px; '><div  class='avia-image-container  av-styling-no-styling    avia-builder-el-12  avia-builder-el-no-sibling  avia-align-center '  itemprop=\"image\" itemscope=\"itemscope\" itemtype=\"https:\/\/schema.org\/ImageObject\"  ><div class='avia-image-container-inner'><div class='avia-image-overlay-wrap'><img decoding=\"async\" class='wp-image-20000 avia-img-lazy-loading-not-20000 avia_image' src=\"https:\/\/titandizajn.com\/wp-content\/uploads\/2022\/08\/teoli.webp\" alt='dizajn bro\u0161ure' title='dizajn bro\u0161ure' height=\"670\" width=\"960\"  itemprop=\"thumbnailUrl\" srcset=\"https:\/\/titandizajn.com\/wp-content\/uploads\/2022\/08\/teoli.webp 960w, https:\/\/titandizajn.com\/wp-content\/uploads\/2022\/08\/teoli-600x419.webp 600w, https:\/\/titandizajn.com\/wp-content\/uploads\/2022\/08\/teoli-300x209.webp 300w, https:\/\/titandizajn.com\/wp-content\/uploads\/2022\/08\/teoli-768x536.webp 768w, https:\/\/titandizajn.com\/wp-content\/uploads\/2022\/08\/teoli-705x492.webp 705w\" sizes=\"(max-width: 960px) 100vw, 960px\" \/><\/div><\/div><\/div><\/div><\/div><!--close column table wrapper. Autoclose: 1 -->\n<\/div><\/div><div class=\"flex_cell no_margin av_one_half  avia-builder-el-13  el_after_av_cell_one_half  avia-builder-el-last  grid-txt  \"  style='vertical-align:middle; padding:40px; ' ><div class='flex_cell_inner' ><section class=\"av_textblock_section \"  itemscope=\"itemscope\" itemtype=\"https:\/\/schema.org\/CreativeWork\" ><div class='avia_textblock  '   itemprop=\"text\" ><h2 style=\"text-align: left;\">Tipi di brochure<\/h2>\n<p style=\"text-align: left;\"><strong>1. Capacita\u2019<\/strong><br \/>\nSi mette al fuoco la trasmissione delle informazioni dei servizi che l\u2019azienda offre.<\/p>\n<p style=\"text-align: left;\"><strong>2. Vendita\/Marketing<\/strong><br \/>\nPresenta informazioni dettagliate su prodotti specifici, comprese informazioni su caratteristiche e prezzo.<\/p>\n<p style=\"text-align: left;\"><strong>3. Immagine<\/strong><br \/>\nIntroduce un nuovo marchio o un&#8217;immagine aziendale.<\/p>\n<p style=\"text-align: left;\"><strong>4. Opuscolo informativo<\/strong><br \/>\nRappresenta informazioni significative su un particolare argomento o problema a cui il pubblico \u00e8 interessato e offre l&#8217;opportunit\u00e0 di saperne di pi\u00f9 facendo riferimento a un sito Web o un numero di telefono.<\/p>\n<\/div><\/section>\n<\/div><\/div>\n<\/div>\n<div id='av-layout-grid-4'  class='av-layout-grid-container entry-content-wrapper main_color av-flex-cells     avia-builder-el-15  el_after_av_layout_row  el_before_av_layout_row  home-grid submenu-not-first container_wrap fullsize' style=' '  >\n<div class=\"flex_cell no_margin av_one_half  avia-builder-el-16  el_before_av_cell_one_half  avia-builder-el-first   av-zero-padding \"  style='vertical-align:middle; padding:0px; ' ><div class='flex_cell_inner' ><p><div class='flex_column_table av-equal-height-column-flextable -flextable' ><div class=\"flex_column av_one_half  av-animated-generic left-to-right  no_margin flex_column_table_cell av-equal-height-column av-align-middle av-zero-column-padding first  avia-builder-el-17  el_before_av_one_half  avia-builder-el-first  \" style='border-radius:0px; '><div  class='avia-image-container  av-styling-no-styling    avia-builder-el-18  avia-builder-el-no-sibling  avia-align-center '  itemprop=\"image\" itemscope=\"itemscope\" itemtype=\"https:\/\/schema.org\/ImageObject\"  ><div class='avia-image-container-inner'><div class='avia-image-overlay-wrap'><img decoding=\"async\" class='wp-image-20008 avia-img-lazy-loading-not-20008 avia_image' src=\"https:\/\/titandizajn.com\/wp-content\/uploads\/2022\/08\/3.webp\" alt='' title='' height=\"435\" width=\"480\"  itemprop=\"thumbnailUrl\" srcset=\"https:\/\/titandizajn.com\/wp-content\/uploads\/2022\/08\/3.webp 480w, https:\/\/titandizajn.com\/wp-content\/uploads\/2022\/08\/3-300x272.webp 300w\" sizes=\"(max-width: 480px) 100vw, 480px\" \/><\/div><\/div><\/div><\/div><div class=\"flex_column av_one_half  av-animated-generic left-to-right  no_margin flex_column_table_cell av-equal-height-column av-align-middle av-zero-column-padding   avia-builder-el-19  el_after_av_one_half  avia-builder-el-last  \" style='border-radius:0px; '><div  class='avia-image-container  av-styling-no-styling    avia-builder-el-20  avia-builder-el-no-sibling  avia-align-center '  itemprop=\"image\" itemscope=\"itemscope\" itemtype=\"https:\/\/schema.org\/ImageObject\"  ><div class='avia-image-container-inner'><div class='avia-image-overlay-wrap'><img decoding=\"async\" class='wp-image-20013 avia-img-lazy-loading-not-20013 avia_image' src=\"https:\/\/titandizajn.com\/wp-content\/uploads\/2022\/08\/5.webp\" alt='primer \u0161tampane bro\u0161ure' title='' height=\"435\" width=\"480\"  itemprop=\"thumbnailUrl\" srcset=\"https:\/\/titandizajn.com\/wp-content\/uploads\/2022\/08\/5.webp 480w, https:\/\/titandizajn.com\/wp-content\/uploads\/2022\/08\/5-300x272.webp 300w\" sizes=\"(max-width: 480px) 100vw, 480px\" \/><\/div><\/div><\/div><\/div><\/div><!--close column table wrapper. Autoclose: 1 --><\/p>\n<\/div><\/div><div class=\"flex_cell no_margin av_one_half  avia-builder-el-21  el_after_av_cell_one_half  avia-builder-el-last   av-zero-padding \"  style='vertical-align:middle; padding:0px; ' ><div class='flex_cell_inner' ><p><div class='flex_column_table av-equal-height-column-flextable -flextable' ><div class=\"flex_column av_one_half  av-animated-generic right-to-left  no_margin flex_column_table_cell av-equal-height-column av-align-middle av-zero-column-padding first  avia-builder-el-22  el_before_av_one_half  avia-builder-el-first  \" style='border-radius:0px; '><div  class='avia-image-container  av-styling-no-styling    avia-builder-el-23  avia-builder-el-no-sibling  avia-align-center '  itemprop=\"image\" itemscope=\"itemscope\" itemtype=\"https:\/\/schema.org\/ImageObject\"  ><div class='avia-image-container-inner'><div class='avia-image-overlay-wrap'><img decoding=\"async\" class='wp-image-20018 avia-img-lazy-loading-not-20018 avia_image' src=\"https:\/\/titandizajn.com\/wp-content\/uploads\/2022\/08\/6.webp\" alt='pocetna strana brosure' title='pocetna strana brosure' height=\"435\" width=\"480\"  itemprop=\"thumbnailUrl\" srcset=\"https:\/\/titandizajn.com\/wp-content\/uploads\/2022\/08\/6.webp 480w, https:\/\/titandizajn.com\/wp-content\/uploads\/2022\/08\/6-300x272.webp 300w\" sizes=\"(max-width: 480px) 100vw, 480px\" \/><\/div><\/div><\/div><\/div><div class=\"flex_column av_one_half  av-animated-generic right-to-left  no_margin flex_column_table_cell av-equal-height-column av-align-middle av-zero-column-padding   avia-builder-el-24  el_after_av_one_half  avia-builder-el-last  \" style='border-radius:0px; '><div  class='avia-image-container  av-styling-    avia-builder-el-25  avia-builder-el-no-sibling  avia-align-center '  itemprop=\"image\" itemscope=\"itemscope\" itemtype=\"https:\/\/schema.org\/ImageObject\"  ><div class='avia-image-container-inner'><div class='avia-image-overlay-wrap'><img decoding=\"async\" class='wp-image-20022 avia-img-lazy-loading-not-20022 avia_image' src=\"https:\/\/titandizajn.com\/wp-content\/uploads\/2022\/08\/7.webp\" alt='naslovna strana brosure sa zlatotiskom' title='' height=\"435\" width=\"480\"  itemprop=\"thumbnailUrl\" srcset=\"https:\/\/titandizajn.com\/wp-content\/uploads\/2022\/08\/7.webp 480w, https:\/\/titandizajn.com\/wp-content\/uploads\/2022\/08\/7-300x272.webp 300w\" sizes=\"(max-width: 480px) 100vw, 480px\" \/><\/div><\/div><\/div><\/div><\/div><!--close column table wrapper. Autoclose: 1 --><\/p>\n<\/div><\/div>\n<\/div>\n<div id='av-layout-grid-5'  class='av-layout-grid-container entry-content-wrapper main_color av-flex-cells     avia-builder-el-26  el_after_av_layout_row  avia-builder-el-last  home-grid submenu-not-first container_wrap fullsize' style=' '  >\n<div class=\"flex_cell no_margin av_one_half  avia-builder-el-27  el_before_av_cell_one_half  avia-builder-el-first   av-zero-padding \"  style='vertical-align:middle; padding:0px; ' ><div class='flex_cell_inner' ><p><div class='flex_column_table av-equal-height-column-flextable -flextable' ><div class=\"flex_column av_one_half  no_margin flex_column_table_cell av-equal-height-column av-align-middle av-zero-column-padding first  avia-builder-el-28  el_before_av_one_half  avia-builder-el-first  \" style='border-radius:0px; '><div  class='avia-image-container  av-styling-no-styling    avia-builder-el-29  avia-builder-el-no-sibling  avia-align-center '  itemprop=\"image\" itemscope=\"itemscope\" itemtype=\"https:\/\/schema.org\/ImageObject\"  ><div class='avia-image-container-inner'><div class='avia-image-overlay-wrap'><img decoding=\"async\" class='wp-image-20027 avia-img-lazy-loading-not-20027 avia_image' src=\"https:\/\/titandizajn.com\/wp-content\/uploads\/2022\/08\/8.webp\" alt='tipografija na bro\u0161uri prikaz' title='' height=\"435\" width=\"480\"  itemprop=\"thumbnailUrl\" srcset=\"https:\/\/titandizajn.com\/wp-content\/uploads\/2022\/08\/8.webp 480w, https:\/\/titandizajn.com\/wp-content\/uploads\/2022\/08\/8-300x272.webp 300w\" sizes=\"(max-width: 480px) 100vw, 480px\" \/><\/div><\/div><\/div><\/div><div class=\"flex_column av_one_half  no_margin flex_column_table_cell av-equal-height-column av-align-middle av-zero-column-padding   avia-builder-el-30  el_after_av_one_half  avia-builder-el-last  \" style='border-radius:0px; '><div  class='avia-image-container  av-styling-no-styling    avia-builder-el-31  avia-builder-el-no-sibling  avia-align-center '  itemprop=\"image\" itemscope=\"itemscope\" itemtype=\"https:\/\/schema.org\/ImageObject\"  ><div class='avia-image-container-inner'><div class='avia-image-overlay-wrap'><img decoding=\"async\" class='wp-image-20031 avia-img-lazy-loading-not-20031 avia_image' src=\"https:\/\/titandizajn.com\/wp-content\/uploads\/2022\/08\/9.webp\" alt='naslovna strana na bro\u0161uri' title='' height=\"435\" width=\"480\"  itemprop=\"thumbnailUrl\" srcset=\"https:\/\/titandizajn.com\/wp-content\/uploads\/2022\/08\/9.webp 480w, https:\/\/titandizajn.com\/wp-content\/uploads\/2022\/08\/9-300x272.webp 300w\" sizes=\"(max-width: 480px) 100vw, 480px\" \/><\/div><\/div><\/div><\/div><\/div><!--close column table wrapper. Autoclose: 1 --><\/p>\n<\/div><\/div><div class=\"flex_cell no_margin av_one_half  avia-builder-el-32  el_after_av_cell_one_half  avia-builder-el-last  grid-txt  \"  style='vertical-align:middle; padding:20px 40px 0px 40px ; ' ><div class='flex_cell_inner' ><section class=\"av_textblock_section \"  itemscope=\"itemscope\" itemtype=\"https:\/\/schema.org\/CreativeWork\" ><div class='avia_textblock  '   itemprop=\"text\" ><h2 style=\"text-align: left;\">Gli scopi di design di brochure<\/h2>\n<p style=\"text-align: left;\">Far aprire il lettore la brochure e leggere ulteriori informazioni sulla societ\u00e0, sul prodotto o sul servizio. Il designer ha circa 6 secondi per attirare l&#8217;attenzione dello spettatore.<\/p>\n<p style=\"text-align: left;\">Determinare la consapevolezza di un&#8217;azienda, organizzazione o prodotto utilizzando immagini interessanti e testo ben scritto.<\/p>\n<p style=\"text-align: left;\">Fornire informazioni utili e importanti affinch\u00e9 l&#8217;osservatore abbia il desiderio di conservare la brochure per future letture.<\/p>\n<p style=\"text-align: left;\">Chiedere ai lettori di contattare per ulteriori informazioni utilizzando l&#8217;invito all&#8217;azione. Ci\u00f2 pu\u00f2 includere il numero di telefono, indirizzo e-mail o locazioneWeb.<\/p>\n<\/div><\/section>\n<\/div><\/div>\n<\/div>\n","protected":false},"excerpt":{"rendered":"","protected":false},"author":14,"featured_media":0,"parent":0,"menu_order":0,"comment_status":"closed","ping_status":"open","template":"","meta":{"_acf_changed":false,"inline_featured_image":false,"footnotes":""},"class_list":["post-3678","page","type-page","status-publish","hentry"],"acf":[],"yoast_head":"<!-- This site is optimized with the Yoast SEO plugin v27.3 - https:\/\/yoast.com\/product\/yoast-seo-wordpress\/ -->\n<title>Design di Brochure - Titan Dizajn<\/title>\n<meta name=\"robots\" content=\"index, follow, max-snippet:-1, max-image-preview:large, max-video-preview:-1\" \/>\n<link rel=\"canonical\" href=\"https:\/\/titandizajn.com\/it\/design-di-brochure\/\" \/>\n<meta property=\"og:locale\" content=\"it_IT\" \/>\n<meta property=\"og:type\" content=\"article\" \/>\n<meta property=\"og:title\" content=\"Design di Brochure - Titan Dizajn\" \/>\n<meta property=\"og:url\" content=\"https:\/\/titandizajn.com\/it\/design-di-brochure\/\" \/>\n<meta property=\"og:site_name\" content=\"Titan Dizajn\" \/>\n<meta property=\"article:modified_time\" content=\"2023-09-15T09:52:32+00:00\" \/>\n<meta property=\"og:image\" content=\"https:\/\/titandizajn.com\/wp-content\/uploads\/2019\/06\/logo-1.png\" \/>\n\t<meta property=\"og:image:width\" content=\"91\" \/>\n\t<meta property=\"og:image:height\" content=\"107\" \/>\n\t<meta property=\"og:image:type\" content=\"image\/png\" \/>\n<meta name=\"twitter:card\" content=\"summary_large_image\" \/>\n<meta name=\"twitter:label1\" content=\"Tempo di lettura stimato\" \/>\n\t<meta name=\"twitter:data1\" content=\"7 minuti\" \/>\n<script type=\"application\/ld+json\" class=\"yoast-schema-graph\">{\"@context\":\"https:\\\/\\\/schema.org\",\"@graph\":[{\"@type\":\"WebPage\",\"@id\":\"https:\\\/\\\/titandizajn.com\\\/it\\\/design-di-brochure\\\/\",\"url\":\"https:\\\/\\\/titandizajn.com\\\/it\\\/design-di-brochure\\\/\",\"name\":\"Design di Brochure - Titan Dizajn\",\"isPartOf\":{\"@id\":\"https:\\\/\\\/titandizajn.com\\\/#website\"},\"datePublished\":\"2019-12-19T11:00:56+00:00\",\"dateModified\":\"2023-09-15T09:52:32+00:00\",\"breadcrumb\":{\"@id\":\"https:\\\/\\\/titandizajn.com\\\/it\\\/design-di-brochure\\\/#breadcrumb\"},\"inLanguage\":\"it-IT\",\"potentialAction\":[{\"@type\":\"ReadAction\",\"target\":[\"https:\\\/\\\/titandizajn.com\\\/it\\\/design-di-brochure\\\/\"]}]},{\"@type\":\"BreadcrumbList\",\"@id\":\"https:\\\/\\\/titandizajn.com\\\/it\\\/design-di-brochure\\\/#breadcrumb\",\"itemListElement\":[{\"@type\":\"ListItem\",\"position\":1,\"name\":\"Po\u010detna\",\"item\":\"https:\\\/\\\/titandizajn.com\\\/it\\\/pocetna\\\/\"},{\"@type\":\"ListItem\",\"position\":2,\"name\":\"Design di Brochure\"}]},{\"@type\":\"WebSite\",\"@id\":\"https:\\\/\\\/titandizajn.com\\\/#website\",\"url\":\"https:\\\/\\\/titandizajn.com\\\/\",\"name\":\"Titan Dizajn\",\"description\":\"Creative Agency\",\"potentialAction\":[{\"@type\":\"SearchAction\",\"target\":{\"@type\":\"EntryPoint\",\"urlTemplate\":\"https:\\\/\\\/titandizajn.com\\\/?s={search_term_string}\"},\"query-input\":{\"@type\":\"PropertyValueSpecification\",\"valueRequired\":true,\"valueName\":\"search_term_string\"}}],\"inLanguage\":\"it-IT\"}]}<\/script>\n<!-- \/ Yoast SEO plugin. -->","yoast_head_json":{"title":"Design di Brochure - Titan Dizajn","robots":{"index":"index","follow":"follow","max-snippet":"max-snippet:-1","max-image-preview":"max-image-preview:large","max-video-preview":"max-video-preview:-1"},"canonical":"https:\/\/titandizajn.com\/it\/design-di-brochure\/","og_locale":"it_IT","og_type":"article","og_title":"Design di Brochure - Titan Dizajn","og_url":"https:\/\/titandizajn.com\/it\/design-di-brochure\/","og_site_name":"Titan Dizajn","article_modified_time":"2023-09-15T09:52:32+00:00","og_image":[{"width":91,"height":107,"url":"https:\/\/titandizajn.com\/wp-content\/uploads\/2019\/06\/logo-1.png","type":"image\/png"}],"twitter_card":"summary_large_image","twitter_misc":{"Tempo di lettura stimato":"7 minuti"},"schema":{"@context":"https:\/\/schema.org","@graph":[{"@type":"WebPage","@id":"https:\/\/titandizajn.com\/it\/design-di-brochure\/","url":"https:\/\/titandizajn.com\/it\/design-di-brochure\/","name":"Design di Brochure - Titan Dizajn","isPartOf":{"@id":"https:\/\/titandizajn.com\/#website"},"datePublished":"2019-12-19T11:00:56+00:00","dateModified":"2023-09-15T09:52:32+00:00","breadcrumb":{"@id":"https:\/\/titandizajn.com\/it\/design-di-brochure\/#breadcrumb"},"inLanguage":"it-IT","potentialAction":[{"@type":"ReadAction","target":["https:\/\/titandizajn.com\/it\/design-di-brochure\/"]}]},{"@type":"BreadcrumbList","@id":"https:\/\/titandizajn.com\/it\/design-di-brochure\/#breadcrumb","itemListElement":[{"@type":"ListItem","position":1,"name":"Po\u010detna","item":"https:\/\/titandizajn.com\/it\/pocetna\/"},{"@type":"ListItem","position":2,"name":"Design di Brochure"}]},{"@type":"WebSite","@id":"https:\/\/titandizajn.com\/#website","url":"https:\/\/titandizajn.com\/","name":"Titan Dizajn","description":"Creative Agency","potentialAction":[{"@type":"SearchAction","target":{"@type":"EntryPoint","urlTemplate":"https:\/\/titandizajn.com\/?s={search_term_string}"},"query-input":{"@type":"PropertyValueSpecification","valueRequired":true,"valueName":"search_term_string"}}],"inLanguage":"it-IT"}]}},"_links":{"self":[{"href":"https:\/\/titandizajn.com\/it\/wp-json\/wp\/v2\/pages\/3678","targetHints":{"allow":["GET"]}}],"collection":[{"href":"https:\/\/titandizajn.com\/it\/wp-json\/wp\/v2\/pages"}],"about":[{"href":"https:\/\/titandizajn.com\/it\/wp-json\/wp\/v2\/types\/page"}],"author":[{"embeddable":true,"href":"https:\/\/titandizajn.com\/it\/wp-json\/wp\/v2\/users\/14"}],"replies":[{"embeddable":true,"href":"https:\/\/titandizajn.com\/it\/wp-json\/wp\/v2\/comments?post=3678"}],"version-history":[{"count":6,"href":"https:\/\/titandizajn.com\/it\/wp-json\/wp\/v2\/pages\/3678\/revisions"}],"predecessor-version":[{"id":23229,"href":"https:\/\/titandizajn.com\/it\/wp-json\/wp\/v2\/pages\/3678\/revisions\/23229"}],"wp:attachment":[{"href":"https:\/\/titandizajn.com\/it\/wp-json\/wp\/v2\/media?parent=3678"}],"curies":[{"name":"wp","href":"https:\/\/api.w.org\/{rel}","templated":true}]}}