{"id":3657,"date":"2019-12-09T10:58:32","date_gmt":"2019-12-09T09:58:32","guid":{"rendered":"http:\/\/dev.titandizajn.com\/dizajn-plakata"},"modified":"2023-09-15T11:56:50","modified_gmt":"2023-09-15T09:56:50","slug":"design-di-poster","status":"publish","type":"page","link":"https:\/\/titandizajn.com\/it\/design-di-poster\/","title":{"rendered":"Design di poster"},"content":{"rendered":"<div id='av-layout-grid-1'  class='av-layout-grid-container entry-content-wrapper main_color av-flex-cells   av-desktop-hide av-medium-hide av-small-hide av-mini-hide   avia-builder-el-0  el_before_av_layout_row  avia-builder-el-first  category-filter container_wrap fullsize' style=' '  >\n<div class=\"flex_cell no_margin av_one_full  avia-builder-el-1  avia-builder-el-no-sibling   \"  style='vertical-align:top; padding:30px; ' ><div class='flex_cell_inner' ><div  class='avia-builder-widget-area clearfix  avia-builder-el-2  avia-builder-el-no-sibling '><div id=\"nav_menu-5\" class=\"widget clearfix widget_nav_menu\"><div class=\"menu-portfolio-sr-it-container\"><ul id=\"menu-portfolio-sr-it\" class=\"menu\"><li id=\"menu-item-3827\" class=\"menu-item menu-item-type-post_type menu-item-object-page menu-item-3827\"><a href=\"https:\/\/titandizajn.com\/it\/il-design-web\/\">IL DESIGN WEB<\/a><\/li>\n<li id=\"menu-item-3824\" class=\"menu-item menu-item-type-post_type menu-item-object-page menu-item-3824\"><a href=\"https:\/\/titandizajn.com\/it\/design-catalogo\/\">Design catalogo<\/a><\/li>\n<li id=\"menu-item-3306\" class=\"menu-item menu-item-type-post_type menu-item-object-page menu-item-3306\"><a href=\"https:\/\/titandizajn.com\/it\/design-di-billboard\/\">Design di billboard<\/a><\/li>\n<li id=\"menu-item-3691\" class=\"menu-item menu-item-type-post_type menu-item-object-page menu-item-3691\"><a href=\"https:\/\/titandizajn.com\/it\/design-di-poster\/\">Design di poster<\/a><\/li>\n<li id=\"menu-item-3690\" class=\"menu-item menu-item-type-post_type menu-item-object-page menu-item-3690\"><a href=\"https:\/\/titandizajn.com\/it\/design-di-pubblicazioni\/\">Design di pubblicazioni<\/a><\/li>\n<li id=\"menu-item-3689\" class=\"menu-item menu-item-type-post_type menu-item-object-page menu-item-3689\"><a href=\"https:\/\/titandizajn.com\/it\/branding-dei-veicoli\/\">Branding dei veicoli<\/a><\/li>\n<li id=\"menu-item-3688\" class=\"menu-item menu-item-type-post_type menu-item-object-page menu-item-3688\"><a href=\"https:\/\/titandizajn.com\/it\/design-di-brochure\/\">Design di Brochure<\/a><\/li>\n<li id=\"menu-item-6843\" class=\"menu-item menu-item-type-post_type menu-item-object-page menu-item-6843\"><a href=\"https:\/\/titandizajn.com\/it\/marketing-digitale\/\">Marketing digitale<\/a><\/li>\n<li id=\"menu-item-6806\" class=\"menu-item menu-item-type-post_type menu-item-object-page menu-item-6806\"><a href=\"https:\/\/titandizajn.com\/it\/content-writing\/\">Content Writing<\/a><\/li>\n<li id=\"menu-item-6777\" class=\"menu-item menu-item-type-post_type menu-item-object-page menu-item-6777\"><a href=\"https:\/\/titandizajn.com\/it\/foto-studio\/\">Foto studio<\/a><\/li>\n<\/ul><\/div><\/div><\/div>\n<\/div><\/div>\n<\/div>\n<div id='av-layout-grid-2'  class='av-layout-grid-container entry-content-wrapper main_color av-flex-cells     avia-builder-el-3  el_after_av_layout_row  el_before_av_masonry_entries  submenu-not-first container_wrap fullsize' style=' '  >\n<div class=\"flex_cell no_margin av_one_full  avia-builder-el-4  avia-builder-el-no-sibling   \" ><div class='flex_cell_inner' ><section class=\"av_textblock_section \"  itemscope=\"itemscope\" itemtype=\"https:\/\/schema.org\/CreativeWork\" ><div class='avia_textblock about-txt '   itemprop=\"text\" ><h2 style=\"text-align: center;\">Il design di poster<\/h2>\n<p style=\"text-align: center;\">Il primo obiettivo di ogni poster \u00e8 attirare l&#8217;attenzione dei passanti e trasmettere immediatamente il messaggio pianificato. Man mano che il mondo diventa strapieno di luci, insegne, billboard e lenti, diventa sempre pi\u00f9 difficile creare poster dinamici che si distinguono nel trambusto visivo e connettersi con gli spettatori. Ecco perch\u00e9 un forte concetto visivo, che richiede poco o nessun testo, \u00e8 fondamentale per la comunicazione e una chiara gerarchia.<\/p>\n<\/div><\/section>\n<\/div><\/div>\n<\/div>\n<div id='av-masonry-1' class='av-masonry  noHover av-fixed-size av-no-gap av-hover-overlay- av-masonry-animation-active av-masonry-col-4 av-caption-on-hover av-caption-style-  av-orientation-square  '  ><div class='av-masonry-container isotope av-js-disabled ' ><div class='av-masonry-entry isotope-item av-masonry-item-no-image '><\/div><a href=\"https:\/\/titandizajn.com\/it\/portfolio\/krc-krc\/\"  id='av-masonry-1-item-4052' data-av-masonry-item='4052' class='av-masonry-entry isotope-item post-4052 portfolio type-portfolio status-publish has-post-thumbnail hentry portfolio_entries-design-di-poster portfolio_entries-disegno-grafico  av-masonry-item-with-image' title=\"Krc Krc\"  itemscope=\"itemscope\" itemtype=\"https:\/\/schema.org\/CreativeWork\" ><div class='av-inner-masonry-sizer'><\/div><figure class='av-inner-masonry main_color'><div class=\"av-masonry-outerimage-container\"><div class=\"av-masonry-image-container\" style=\"background-image: url(https:\/\/titandizajn.com\/wp-content\/uploads\/2019\/12\/7.jpg);\"><\/div><\/div><figcaption class='av-inner-masonry-content site-background'><div class='av-inner-masonry-content-pos'><div class='av-inner-masonry-content-pos-content'><div class='avia-arrow'><\/div><h3 class='av-masonry-entry-title entry-title '  itemprop=\"headline\" >Krc Krc<\/h3><\/div><\/div><\/figcaption><\/figure><\/a><!--end av-masonry entry--><a href=\"https:\/\/titandizajn.com\/it\/portfolio\/skola-turkog-jezika\/\"  id='av-masonry-1-item-4035' data-av-masonry-item='4035' class='av-masonry-entry isotope-item post-4035 portfolio type-portfolio status-publish has-post-thumbnail hentry portfolio_entries-design-di-poster portfolio_entries-disegno-grafico  av-masonry-item-with-image' title=\"\u0160kola Turkog Jezika\"  itemscope=\"itemscope\" itemtype=\"https:\/\/schema.org\/CreativeWork\" ><div class='av-inner-masonry-sizer'><\/div><figure class='av-inner-masonry main_color'><div class=\"av-masonry-outerimage-container\"><div class=\"av-masonry-image-container\" style=\"background-image: url(https:\/\/titandizajn.com\/wp-content\/uploads\/2019\/12\/3.jpg);\"><\/div><\/div><figcaption class='av-inner-masonry-content site-background'><div class='av-inner-masonry-content-pos'><div class='av-inner-masonry-content-pos-content'><div class='avia-arrow'><\/div><h3 class='av-masonry-entry-title entry-title '  itemprop=\"headline\" >\u0160kola Turkog Jezika<\/h3><\/div><\/div><\/figcaption><\/figure><\/a><!--end av-masonry entry--><\/div><\/div>\n<div id='av-layout-grid-3'  class='av-layout-grid-container entry-content-wrapper main_color av-flex-cells     avia-builder-el-7  el_after_av_masonry_entries  el_before_av_masonry_entries  submenu-not-first container_wrap fullsize' style=' '  >\n<div class=\"flex_cell no_margin av_one_full  avia-builder-el-8  avia-builder-el-no-sibling   \" ><div class='flex_cell_inner' ><section class=\"av_textblock_section \"  itemscope=\"itemscope\" itemtype=\"https:\/\/schema.org\/CreativeWork\" ><div class='avia_textblock about-txt '   itemprop=\"text\" ><h2 style=\"text-align: center;\">Il design grafico del manifesto &#8211; poster<\/h2>\n<p style=\"text-align: center;\">Quando si progetta un manifesto &#8211;\u00a0 poster, si tiene conto di dove verr\u00e0 posizionato il poster. Sar\u00e0 nell&#8217;edificio, sar\u00e0 ben illuminato, tra molti altri manifesti in un luogo affollato, o sar\u00e0 piegato e spedito? Decidete se gli osservatori avranno il tempo di fermarsi e guardare il poster, o se devono attirare la loro attenzione e trasmettere il messaggio in pochi secondi con una composizione potente e snella. Ogni scenario richiede una strategia di progettazione diversa per avere successo.<br \/>\nI poster di grandi dimensioni sono pi\u00f9 efficaci nell&#8217;attirare l&#8217;attenzione di chi guarda. Le uniche restrizioni riguardano il posizionamento del poster, le dimensioni della macchina da stampa e il budget del cliente.<\/p>\n<\/div><\/section>\n<\/div><\/div>\n<\/div>\n<div id='av-masonry-2' class='av-masonry  noHover av-fixed-size av-no-gap av-hover-overlay- av-masonry-animation-active av-masonry-col-4 av-caption-on-hover av-caption-style-  av-orientation-square  '  ><div class='av-masonry-container isotope av-js-disabled ' ><div class='av-masonry-entry isotope-item av-masonry-item-no-image '><\/div><a href=\"https:\/\/titandizajn.com\/it\/portfolio\/skola-turkog-jezika\/\"  id='av-masonry-2-item-4035' data-av-masonry-item='4035' class='av-masonry-entry isotope-item post-4035 portfolio type-portfolio status-publish has-post-thumbnail hentry portfolio_entries-design-di-poster portfolio_entries-disegno-grafico  av-masonry-item-with-image' title=\"\u0160kola Turkog Jezika\"  itemscope=\"itemscope\" itemtype=\"https:\/\/schema.org\/CreativeWork\" ><div class='av-inner-masonry-sizer'><\/div><figure class='av-inner-masonry main_color'><div class=\"av-masonry-outerimage-container\"><div class=\"av-masonry-image-container\" style=\"background-image: url(https:\/\/titandizajn.com\/wp-content\/uploads\/2019\/12\/3.jpg);\"><\/div><\/div><figcaption class='av-inner-masonry-content site-background'><div class='av-inner-masonry-content-pos'><div class='av-inner-masonry-content-pos-content'><div class='avia-arrow'><\/div><h3 class='av-masonry-entry-title entry-title '  itemprop=\"headline\" >\u0160kola Turkog Jezika<\/h3><\/div><\/div><\/figcaption><\/figure><\/a><!--end av-masonry entry--><a href=\"https:\/\/titandizajn.com\/it\/portfolio\/krc-krc\/\"  id='av-masonry-2-item-4052' data-av-masonry-item='4052' class='av-masonry-entry isotope-item post-4052 portfolio type-portfolio status-publish has-post-thumbnail hentry portfolio_entries-design-di-poster portfolio_entries-disegno-grafico  av-masonry-item-with-image' title=\"Krc Krc\"  itemscope=\"itemscope\" itemtype=\"https:\/\/schema.org\/CreativeWork\" ><div class='av-inner-masonry-sizer'><\/div><figure class='av-inner-masonry main_color'><div class=\"av-masonry-outerimage-container\"><div class=\"av-masonry-image-container\" style=\"background-image: url(https:\/\/titandizajn.com\/wp-content\/uploads\/2019\/12\/7.jpg);\"><\/div><\/div><figcaption class='av-inner-masonry-content site-background'><div class='av-inner-masonry-content-pos'><div class='av-inner-masonry-content-pos-content'><div class='avia-arrow'><\/div><h3 class='av-masonry-entry-title entry-title '  itemprop=\"headline\" >Krc Krc<\/h3><\/div><\/div><\/figcaption><\/figure><\/a><!--end av-masonry entry--><\/div><\/div>\n","protected":false},"excerpt":{"rendered":"","protected":false},"author":14,"featured_media":0,"parent":0,"menu_order":0,"comment_status":"closed","ping_status":"open","template":"","meta":{"_acf_changed":false,"inline_featured_image":false,"footnotes":""},"class_list":["post-3657","page","type-page","status-publish","hentry"],"acf":[],"yoast_head":"<!-- This site is optimized with the Yoast SEO plugin v27.3 - https:\/\/yoast.com\/product\/yoast-seo-wordpress\/ -->\n<title>Design di poster - Titan Dizajn<\/title>\n<meta name=\"robots\" content=\"index, follow, max-snippet:-1, max-image-preview:large, max-video-preview:-1\" \/>\n<link rel=\"canonical\" href=\"https:\/\/titandizajn.com\/it\/design-di-poster\/\" \/>\n<meta property=\"og:locale\" content=\"it_IT\" \/>\n<meta property=\"og:type\" content=\"article\" \/>\n<meta property=\"og:title\" content=\"Design di poster - Titan Dizajn\" \/>\n<meta property=\"og:url\" content=\"https:\/\/titandizajn.com\/it\/design-di-poster\/\" \/>\n<meta property=\"og:site_name\" content=\"Titan Dizajn\" \/>\n<meta property=\"article:modified_time\" content=\"2023-09-15T09:56:50+00:00\" \/>\n<meta property=\"og:image\" content=\"https:\/\/titandizajn.com\/wp-content\/uploads\/2019\/06\/logo-1.png\" \/>\n\t<meta property=\"og:image:width\" content=\"91\" \/>\n\t<meta property=\"og:image:height\" content=\"107\" \/>\n\t<meta property=\"og:image:type\" content=\"image\/png\" \/>\n<meta name=\"twitter:card\" content=\"summary_large_image\" \/>\n<meta name=\"twitter:label1\" content=\"Tempo di lettura stimato\" \/>\n\t<meta name=\"twitter:data1\" content=\"2 minuti\" \/>\n<script type=\"application\/ld+json\" class=\"yoast-schema-graph\">{\"@context\":\"https:\\\/\\\/schema.org\",\"@graph\":[{\"@type\":\"WebPage\",\"@id\":\"https:\\\/\\\/titandizajn.com\\\/it\\\/design-di-poster\\\/\",\"url\":\"https:\\\/\\\/titandizajn.com\\\/it\\\/design-di-poster\\\/\",\"name\":\"Design di poster - Titan Dizajn\",\"isPartOf\":{\"@id\":\"https:\\\/\\\/titandizajn.com\\\/#website\"},\"datePublished\":\"2019-12-09T09:58:32+00:00\",\"dateModified\":\"2023-09-15T09:56:50+00:00\",\"breadcrumb\":{\"@id\":\"https:\\\/\\\/titandizajn.com\\\/it\\\/design-di-poster\\\/#breadcrumb\"},\"inLanguage\":\"it-IT\",\"potentialAction\":[{\"@type\":\"ReadAction\",\"target\":[\"https:\\\/\\\/titandizajn.com\\\/it\\\/design-di-poster\\\/\"]}]},{\"@type\":\"BreadcrumbList\",\"@id\":\"https:\\\/\\\/titandizajn.com\\\/it\\\/design-di-poster\\\/#breadcrumb\",\"itemListElement\":[{\"@type\":\"ListItem\",\"position\":1,\"name\":\"Po\u010detna\",\"item\":\"https:\\\/\\\/titandizajn.com\\\/it\\\/pocetna\\\/\"},{\"@type\":\"ListItem\",\"position\":2,\"name\":\"Design di poster\"}]},{\"@type\":\"WebSite\",\"@id\":\"https:\\\/\\\/titandizajn.com\\\/#website\",\"url\":\"https:\\\/\\\/titandizajn.com\\\/\",\"name\":\"Titan Dizajn\",\"description\":\"Creative Agency\",\"potentialAction\":[{\"@type\":\"SearchAction\",\"target\":{\"@type\":\"EntryPoint\",\"urlTemplate\":\"https:\\\/\\\/titandizajn.com\\\/?s={search_term_string}\"},\"query-input\":{\"@type\":\"PropertyValueSpecification\",\"valueRequired\":true,\"valueName\":\"search_term_string\"}}],\"inLanguage\":\"it-IT\"}]}<\/script>\n<!-- \/ Yoast SEO plugin. -->","yoast_head_json":{"title":"Design di poster - Titan Dizajn","robots":{"index":"index","follow":"follow","max-snippet":"max-snippet:-1","max-image-preview":"max-image-preview:large","max-video-preview":"max-video-preview:-1"},"canonical":"https:\/\/titandizajn.com\/it\/design-di-poster\/","og_locale":"it_IT","og_type":"article","og_title":"Design di poster - Titan Dizajn","og_url":"https:\/\/titandizajn.com\/it\/design-di-poster\/","og_site_name":"Titan Dizajn","article_modified_time":"2023-09-15T09:56:50+00:00","og_image":[{"width":91,"height":107,"url":"https:\/\/titandizajn.com\/wp-content\/uploads\/2019\/06\/logo-1.png","type":"image\/png"}],"twitter_card":"summary_large_image","twitter_misc":{"Tempo di lettura stimato":"2 minuti"},"schema":{"@context":"https:\/\/schema.org","@graph":[{"@type":"WebPage","@id":"https:\/\/titandizajn.com\/it\/design-di-poster\/","url":"https:\/\/titandizajn.com\/it\/design-di-poster\/","name":"Design di poster - Titan Dizajn","isPartOf":{"@id":"https:\/\/titandizajn.com\/#website"},"datePublished":"2019-12-09T09:58:32+00:00","dateModified":"2023-09-15T09:56:50+00:00","breadcrumb":{"@id":"https:\/\/titandizajn.com\/it\/design-di-poster\/#breadcrumb"},"inLanguage":"it-IT","potentialAction":[{"@type":"ReadAction","target":["https:\/\/titandizajn.com\/it\/design-di-poster\/"]}]},{"@type":"BreadcrumbList","@id":"https:\/\/titandizajn.com\/it\/design-di-poster\/#breadcrumb","itemListElement":[{"@type":"ListItem","position":1,"name":"Po\u010detna","item":"https:\/\/titandizajn.com\/it\/pocetna\/"},{"@type":"ListItem","position":2,"name":"Design di poster"}]},{"@type":"WebSite","@id":"https:\/\/titandizajn.com\/#website","url":"https:\/\/titandizajn.com\/","name":"Titan Dizajn","description":"Creative Agency","potentialAction":[{"@type":"SearchAction","target":{"@type":"EntryPoint","urlTemplate":"https:\/\/titandizajn.com\/?s={search_term_string}"},"query-input":{"@type":"PropertyValueSpecification","valueRequired":true,"valueName":"search_term_string"}}],"inLanguage":"it-IT"}]}},"_links":{"self":[{"href":"https:\/\/titandizajn.com\/it\/wp-json\/wp\/v2\/pages\/3657","targetHints":{"allow":["GET"]}}],"collection":[{"href":"https:\/\/titandizajn.com\/it\/wp-json\/wp\/v2\/pages"}],"about":[{"href":"https:\/\/titandizajn.com\/it\/wp-json\/wp\/v2\/types\/page"}],"author":[{"embeddable":true,"href":"https:\/\/titandizajn.com\/it\/wp-json\/wp\/v2\/users\/14"}],"replies":[{"embeddable":true,"href":"https:\/\/titandizajn.com\/it\/wp-json\/wp\/v2\/comments?post=3657"}],"version-history":[{"count":7,"href":"https:\/\/titandizajn.com\/it\/wp-json\/wp\/v2\/pages\/3657\/revisions"}],"predecessor-version":[{"id":23242,"href":"https:\/\/titandizajn.com\/it\/wp-json\/wp\/v2\/pages\/3657\/revisions\/23242"}],"wp:attachment":[{"href":"https:\/\/titandizajn.com\/it\/wp-json\/wp\/v2\/media?parent=3657"}],"curies":[{"name":"wp","href":"https:\/\/api.w.org\/{rel}","templated":true}]}}