{"id":3304,"date":"2019-12-09T11:29:14","date_gmt":"2019-12-09T10:29:14","guid":{"rendered":"http:\/\/dev.titandizajn.com\/dizajn-bilborda"},"modified":"2023-09-15T11:50:48","modified_gmt":"2023-09-15T09:50:48","slug":"design-di-billboard","status":"publish","type":"page","link":"https:\/\/titandizajn.com\/it\/design-di-billboard\/","title":{"rendered":"Design di billboard"},"content":{"rendered":"<div id='av-layout-grid-1'  class='av-layout-grid-container entry-content-wrapper main_color av-flex-cells   av-desktop-hide av-medium-hide av-small-hide av-mini-hide   avia-builder-el-0  el_before_av_layout_row  avia-builder-el-first  category-filter container_wrap fullsize' style=' '  >\n<div class=\"flex_cell no_margin av_one_full  avia-builder-el-1  avia-builder-el-no-sibling   \"  style='vertical-align:top; padding:30px; ' ><div class='flex_cell_inner' ><div  class='avia-builder-widget-area clearfix  avia-builder-el-2  avia-builder-el-no-sibling '><div id=\"nav_menu-5\" class=\"widget clearfix widget_nav_menu\"><div class=\"menu-portfolio-sr-it-container\"><ul id=\"menu-portfolio-sr-it\" class=\"menu\"><li id=\"menu-item-3827\" class=\"menu-item menu-item-type-post_type menu-item-object-page menu-item-3827\"><a href=\"https:\/\/titandizajn.com\/it\/il-design-web\/\">IL DESIGN WEB<\/a><\/li>\n<li id=\"menu-item-3824\" class=\"menu-item menu-item-type-post_type menu-item-object-page menu-item-3824\"><a href=\"https:\/\/titandizajn.com\/it\/design-catalogo\/\">Design catalogo<\/a><\/li>\n<li id=\"menu-item-3306\" class=\"menu-item menu-item-type-post_type menu-item-object-page menu-item-3306\"><a href=\"https:\/\/titandizajn.com\/it\/design-di-billboard\/\">Design di billboard<\/a><\/li>\n<li id=\"menu-item-3691\" class=\"menu-item menu-item-type-post_type menu-item-object-page menu-item-3691\"><a href=\"https:\/\/titandizajn.com\/it\/design-di-poster\/\">Design di poster<\/a><\/li>\n<li id=\"menu-item-3690\" class=\"menu-item menu-item-type-post_type menu-item-object-page menu-item-3690\"><a href=\"https:\/\/titandizajn.com\/it\/design-di-pubblicazioni\/\">Design di pubblicazioni<\/a><\/li>\n<li id=\"menu-item-3689\" class=\"menu-item menu-item-type-post_type menu-item-object-page menu-item-3689\"><a href=\"https:\/\/titandizajn.com\/it\/branding-dei-veicoli\/\">Branding dei veicoli<\/a><\/li>\n<li id=\"menu-item-3688\" class=\"menu-item menu-item-type-post_type menu-item-object-page menu-item-3688\"><a href=\"https:\/\/titandizajn.com\/it\/design-di-brochure\/\">Design di Brochure<\/a><\/li>\n<li id=\"menu-item-6843\" class=\"menu-item menu-item-type-post_type menu-item-object-page menu-item-6843\"><a href=\"https:\/\/titandizajn.com\/it\/marketing-digitale\/\">Marketing digitale<\/a><\/li>\n<li id=\"menu-item-6806\" class=\"menu-item menu-item-type-post_type menu-item-object-page menu-item-6806\"><a href=\"https:\/\/titandizajn.com\/it\/content-writing\/\">Content Writing<\/a><\/li>\n<li id=\"menu-item-6777\" class=\"menu-item menu-item-type-post_type menu-item-object-page menu-item-6777\"><a href=\"https:\/\/titandizajn.com\/it\/foto-studio\/\">Foto studio<\/a><\/li>\n<\/ul><\/div><\/div><\/div>\n<\/div><\/div>\n<\/div>\n<div id='av-layout-grid-2'  class='av-layout-grid-container entry-content-wrapper main_color av-flex-cells     avia-builder-el-3  el_after_av_layout_row  el_before_av_masonry_entries  submenu-not-first container_wrap fullsize' style=' '  >\n<div class=\"flex_cell no_margin av_one_full  avia-builder-el-4  avia-builder-el-no-sibling   \" ><div class='flex_cell_inner' ><section class=\"av_textblock_section \"  itemscope=\"itemscope\" itemtype=\"https:\/\/schema.org\/CreativeWork\" ><div class='avia_textblock about-txt '   itemprop=\"text\" ><h2 style=\"text-align: center;\">Il Design di Billboard<\/h2>\n<p style=\"text-align: center;\">Una parte del lavoro di ogni disegnatore e il design dei billboard. Lo scopo di un billboard buono ed efficace e\u2019 di attirare attenzione dei spettatori e mandargli un messagio chiaro. Il design dei billboard e\u2019 il modo di mandare messaggio visivo agli utenti. Esistono diverse regole per la progettazione di un buon \u00a0billboard che impressioner\u00e0 gli utenti:<\/p>\n<\/div><\/section>\n<\/div><\/div>\n<\/div>\n<div id='av-masonry-1' class='av-masonry  noHover av-fixed-size av-no-gap av-hover-overlay- av-masonry-animation-active av-masonry-col-4 av-caption-on-hover av-caption-style-  av-orientation-square  '  ><div class='av-masonry-container isotope av-js-disabled ' ><div class='av-masonry-entry isotope-item av-masonry-item-no-image '><\/div><a href=\"https:\/\/titandizajn.com\/it\/portfolio\/cozzy\/\"  id='av-masonry-1-item-9768' data-av-masonry-item='9768' class='av-masonry-entry isotope-item post-9768 portfolio type-portfolio status-publish has-post-thumbnail hentry portfolio_entries-design-di-billboard portfolio_entries-disegno-grafico portfolio_entries-identita-visual  av-masonry-item-with-image' title=\"Cozzzy &#8211; Post 1 (480&#215;435)\"  itemscope=\"itemscope\" itemtype=\"https:\/\/schema.org\/CreativeWork\" ><div class='av-inner-masonry-sizer'><\/div><figure class='av-inner-masonry main_color'><div class=\"av-masonry-outerimage-container\"><div class=\"av-masonry-image-container\" style=\"background-image: url(https:\/\/titandizajn.com\/wp-content\/uploads\/2021\/03\/Cozzzy-Post-1-480x435-1.jpg);\" title=\"Cozzzy &#8211; Post 1 (480&#215;435)\" ><\/div><\/div><figcaption class='av-inner-masonry-content site-background'><div class='av-inner-masonry-content-pos'><div class='av-inner-masonry-content-pos-content'><div class='avia-arrow'><\/div><h3 class='av-masonry-entry-title entry-title '  itemprop=\"headline\" >Cozzy<\/h3><\/div><\/div><\/figcaption><\/figure><\/a><!--end av-masonry entry--><\/div><\/div>\n<div id='av-layout-grid-3'  class='av-layout-grid-container entry-content-wrapper main_color av-flex-cells     avia-builder-el-7  el_after_av_masonry_entries  el_before_av_masonry_entries  submenu-not-first container_wrap fullsize' style=' '  >\n<div class=\"flex_cell no_margin av_one_full  avia-builder-el-8  avia-builder-el-no-sibling   \" ><div class='flex_cell_inner' ><section class=\"av_textblock_section \"  itemscope=\"itemscope\" itemtype=\"https:\/\/schema.org\/CreativeWork\" ><div class='avia_textblock about-txt '   itemprop=\"text\" ><h2 style=\"text-align: center;\">Il design grafico dei Billboard<\/h2>\n<p style=\"text-align: center;\"><strong>Semplicita\u2019:<\/strong><\/p>\n<p style=\"text-align: center;\">In un design completo la cosa piu\u2019 importante e\u2019 semplicita\u2019. I messaggi piu\u2019 efficaci sono corti, chiari e \u00a0semplici, cosi\u2019 che billboard deve essere un\u2019espressione corte di un\u2019idea o messaggio. Il messaggio conciso. I disegnatori raramente inventano slogan e messaggi, ma \u00e8 importante sapere che i messaggi brevi sono sempre la soluzione migliore. La regola \u00e8 di 5 &#8211; 7 parole.<\/p>\n<p style=\"text-align: center;\"><strong>Tenete al mente il tempo<\/strong><\/p>\n<p style=\"text-align: center;\">\u00c8 molto importante che il design trasmetta il messaggio all&#8217;utente in pochi secondi. \u00c8 importante tenere presente che mentre si passa accanto al billboard, la velocit\u00e0 media dell&#8217;automobile \u00e8 di 50 &#8211; 60 km \/ h, quindi non si noteranno elementi ridondanti o design complicati.<\/p>\n<\/div><\/section>\n<\/div><\/div>\n<\/div>\n<div id='av-masonry-2' class='av-masonry  noHover av-fixed-size av-no-gap av-hover-overlay- av-masonry-animation-active av-masonry-col-4 av-caption-on-hover av-caption-style-  av-orientation-square  '  ><div class='av-masonry-container isotope av-js-disabled ' ><div class='av-masonry-entry isotope-item av-masonry-item-no-image '><\/div><a href=\"https:\/\/titandizajn.com\/it\/portfolio\/cozzy\/\"  id='av-masonry-2-item-9768' data-av-masonry-item='9768' class='av-masonry-entry isotope-item post-9768 portfolio type-portfolio status-publish has-post-thumbnail hentry portfolio_entries-design-di-billboard portfolio_entries-disegno-grafico portfolio_entries-identita-visual  av-masonry-item-with-image' title=\"Cozzzy &#8211; Post 1 (480&#215;435)\"  itemscope=\"itemscope\" itemtype=\"https:\/\/schema.org\/CreativeWork\" ><div class='av-inner-masonry-sizer'><\/div><figure class='av-inner-masonry main_color'><div class=\"av-masonry-outerimage-container\"><div class=\"av-masonry-image-container\" style=\"background-image: url(https:\/\/titandizajn.com\/wp-content\/uploads\/2021\/03\/Cozzzy-Post-1-480x435-1.jpg);\" title=\"Cozzzy &#8211; Post 1 (480&#215;435)\" ><\/div><\/div><figcaption class='av-inner-masonry-content site-background'><div class='av-inner-masonry-content-pos'><div class='av-inner-masonry-content-pos-content'><div class='avia-arrow'><\/div><h3 class='av-masonry-entry-title entry-title '  itemprop=\"headline\" >Cozzy<\/h3><\/div><\/div><\/figcaption><\/figure><\/a><!--end av-masonry entry--><\/div><\/div>\n<div id='av-layout-grid-4'  class='av-layout-grid-container entry-content-wrapper main_color av-flex-cells     avia-builder-el-11  el_after_av_masonry_entries  avia-builder-el-last  submenu-not-first container_wrap fullsize' style=' '  >\n<div class=\"flex_cell no_margin av_one_full  avia-builder-el-12  avia-builder-el-no-sibling   \" ><div class='flex_cell_inner' ><section class=\"av_textblock_section \"  itemscope=\"itemscope\" itemtype=\"https:\/\/schema.org\/CreativeWork\" ><div class='avia_textblock about-txt '   itemprop=\"text\" ><p style=\"text-align: center;\"><strong>Caratteri e testo di grandi<\/strong> <strong>dimensioni<\/strong><\/p>\n<p style=\"text-align: center;\">Uno degli obiettivi del billboard \u00e8 che le persone leggano il messaggio da lontano. Ecco perch\u00e9 le parole chiavi sono grandi, il carattere \u00e8 chiaro e facile da leggere. La soluzione migliore sono i caratteri non sceriffo e la spaziatura dei caratteri adeguata.<\/p>\n<p style=\"text-align: center;\"><strong>Contrasto<\/strong><\/p>\n<p style=\"text-align: center;\">Un contrasto adeguato \u00e8 essenziale per la leggibilit\u00e0. I colori migliori sono quelli di base: nero, bianco e colori primari come giallo, rosso e blu.<\/p>\n<p style=\"text-align: center;\"><strong>Un&#8217;immagine parla pi\u00f9 di mille parole<\/strong><\/p>\n<p style=\"text-align: center;\">\u00c8 necessario utilizzare un quadro generale per attirare l&#8217;attenzione del pubblico il pi\u00f9 rapidamente possibile. Un barattolo \u00e8 sempre pi\u00f9 efficace di 3 barattoli. Se si tratta di piccoli oggetti, \u00e8 importante che siano ingranditi e chiari.<\/p>\n<p style=\"text-align: center;\"><strong>Lo sfondo<\/strong><\/p>\n<p style=\"text-align: center;\">Per un billboard \u00e8 meglio mantenere lo sfondo semplice, senza influire su immagini, slogan o logo. Lo spazio vuoto \u00e8 un elemento essenziale nella progettazione della pagina, ma \u00e8 importante tenere presente che un billboard \u00e8 un&#8217;area enorme.<\/p>\n<p style=\"text-align: center;\"><strong>Un invito all\u2019azione<\/strong><\/p>\n<p style=\"text-align: center;\">Come sul web, c&#8217;\u00e8 un pulsante su cui fare clic. Sebbene ci\u00f2 non sia possibile su un billboard, certamente un billboard deve richiedere un&#8217;azione. \u00c8 importante sapere cosa vuole fare il gruppo target quando vede il billboard. Il billboard per le affissioni pu\u00f2 fungere da linea guida per un sito ufficiale, un sito di media sociali o altro coinvolgimento.<\/p>\n<p style=\"text-align: center;\"><strong>Il logo<\/strong><\/p>\n<p style=\"text-align: center;\">L&#8217;equilibrio tra l&#8217;immagine e il logo \u00e8 molto importante e deve esistere. Una regola non scritta afferma che un logo non deve essere inferiore a 1\/8 della dimensione della superficie. Un logo \u00e8 un elemento che deve raggiungere i consumatori, attirare la loro attenzione ed essere ricordato.<\/p>\n<\/div><\/section>\n<\/div><\/div>\n<\/div>\n","protected":false},"excerpt":{"rendered":"","protected":false},"author":14,"featured_media":0,"parent":0,"menu_order":0,"comment_status":"closed","ping_status":"open","template":"","meta":{"_acf_changed":false,"inline_featured_image":false,"footnotes":""},"class_list":["post-3304","page","type-page","status-publish","hentry"],"acf":[],"yoast_head":"<!-- This site is optimized with the Yoast SEO plugin v27.3 - https:\/\/yoast.com\/product\/yoast-seo-wordpress\/ -->\n<title>Design di billboard - Titan Dizajn<\/title>\n<meta name=\"robots\" content=\"index, follow, max-snippet:-1, max-image-preview:large, max-video-preview:-1\" \/>\n<link rel=\"canonical\" href=\"https:\/\/titandizajn.com\/it\/design-di-billboard\/\" \/>\n<meta property=\"og:locale\" content=\"it_IT\" \/>\n<meta property=\"og:type\" content=\"article\" \/>\n<meta property=\"og:title\" content=\"Design di billboard - Titan Dizajn\" \/>\n<meta property=\"og:url\" content=\"https:\/\/titandizajn.com\/it\/design-di-billboard\/\" \/>\n<meta property=\"og:site_name\" content=\"Titan Dizajn\" \/>\n<meta property=\"article:modified_time\" content=\"2023-09-15T09:50:48+00:00\" \/>\n<meta property=\"og:image\" content=\"https:\/\/titandizajn.com\/wp-content\/uploads\/2019\/06\/logo-1.png\" \/>\n\t<meta property=\"og:image:width\" content=\"91\" \/>\n\t<meta property=\"og:image:height\" content=\"107\" \/>\n\t<meta property=\"og:image:type\" content=\"image\/png\" \/>\n<meta name=\"twitter:card\" content=\"summary_large_image\" \/>\n<meta name=\"twitter:label1\" content=\"Tempo di lettura stimato\" \/>\n\t<meta name=\"twitter:data1\" content=\"4 minuti\" \/>\n<script type=\"application\/ld+json\" class=\"yoast-schema-graph\">{\"@context\":\"https:\\\/\\\/schema.org\",\"@graph\":[{\"@type\":\"WebPage\",\"@id\":\"https:\\\/\\\/titandizajn.com\\\/it\\\/design-di-billboard\\\/\",\"url\":\"https:\\\/\\\/titandizajn.com\\\/it\\\/design-di-billboard\\\/\",\"name\":\"Design di billboard - Titan Dizajn\",\"isPartOf\":{\"@id\":\"https:\\\/\\\/titandizajn.com\\\/#website\"},\"datePublished\":\"2019-12-09T10:29:14+00:00\",\"dateModified\":\"2023-09-15T09:50:48+00:00\",\"breadcrumb\":{\"@id\":\"https:\\\/\\\/titandizajn.com\\\/it\\\/design-di-billboard\\\/#breadcrumb\"},\"inLanguage\":\"it-IT\",\"potentialAction\":[{\"@type\":\"ReadAction\",\"target\":[\"https:\\\/\\\/titandizajn.com\\\/it\\\/design-di-billboard\\\/\"]}]},{\"@type\":\"BreadcrumbList\",\"@id\":\"https:\\\/\\\/titandizajn.com\\\/it\\\/design-di-billboard\\\/#breadcrumb\",\"itemListElement\":[{\"@type\":\"ListItem\",\"position\":1,\"name\":\"Po\u010detna\",\"item\":\"https:\\\/\\\/titandizajn.com\\\/it\\\/pocetna\\\/\"},{\"@type\":\"ListItem\",\"position\":2,\"name\":\"Design di billboard\"}]},{\"@type\":\"WebSite\",\"@id\":\"https:\\\/\\\/titandizajn.com\\\/#website\",\"url\":\"https:\\\/\\\/titandizajn.com\\\/\",\"name\":\"Titan Dizajn\",\"description\":\"Creative Agency\",\"potentialAction\":[{\"@type\":\"SearchAction\",\"target\":{\"@type\":\"EntryPoint\",\"urlTemplate\":\"https:\\\/\\\/titandizajn.com\\\/?s={search_term_string}\"},\"query-input\":{\"@type\":\"PropertyValueSpecification\",\"valueRequired\":true,\"valueName\":\"search_term_string\"}}],\"inLanguage\":\"it-IT\"}]}<\/script>\n<!-- \/ Yoast SEO plugin. -->","yoast_head_json":{"title":"Design di billboard - Titan Dizajn","robots":{"index":"index","follow":"follow","max-snippet":"max-snippet:-1","max-image-preview":"max-image-preview:large","max-video-preview":"max-video-preview:-1"},"canonical":"https:\/\/titandizajn.com\/it\/design-di-billboard\/","og_locale":"it_IT","og_type":"article","og_title":"Design di billboard - Titan Dizajn","og_url":"https:\/\/titandizajn.com\/it\/design-di-billboard\/","og_site_name":"Titan Dizajn","article_modified_time":"2023-09-15T09:50:48+00:00","og_image":[{"width":91,"height":107,"url":"https:\/\/titandizajn.com\/wp-content\/uploads\/2019\/06\/logo-1.png","type":"image\/png"}],"twitter_card":"summary_large_image","twitter_misc":{"Tempo di lettura stimato":"4 minuti"},"schema":{"@context":"https:\/\/schema.org","@graph":[{"@type":"WebPage","@id":"https:\/\/titandizajn.com\/it\/design-di-billboard\/","url":"https:\/\/titandizajn.com\/it\/design-di-billboard\/","name":"Design di billboard - Titan Dizajn","isPartOf":{"@id":"https:\/\/titandizajn.com\/#website"},"datePublished":"2019-12-09T10:29:14+00:00","dateModified":"2023-09-15T09:50:48+00:00","breadcrumb":{"@id":"https:\/\/titandizajn.com\/it\/design-di-billboard\/#breadcrumb"},"inLanguage":"it-IT","potentialAction":[{"@type":"ReadAction","target":["https:\/\/titandizajn.com\/it\/design-di-billboard\/"]}]},{"@type":"BreadcrumbList","@id":"https:\/\/titandizajn.com\/it\/design-di-billboard\/#breadcrumb","itemListElement":[{"@type":"ListItem","position":1,"name":"Po\u010detna","item":"https:\/\/titandizajn.com\/it\/pocetna\/"},{"@type":"ListItem","position":2,"name":"Design di billboard"}]},{"@type":"WebSite","@id":"https:\/\/titandizajn.com\/#website","url":"https:\/\/titandizajn.com\/","name":"Titan Dizajn","description":"Creative Agency","potentialAction":[{"@type":"SearchAction","target":{"@type":"EntryPoint","urlTemplate":"https:\/\/titandizajn.com\/?s={search_term_string}"},"query-input":{"@type":"PropertyValueSpecification","valueRequired":true,"valueName":"search_term_string"}}],"inLanguage":"it-IT"}]}},"_links":{"self":[{"href":"https:\/\/titandizajn.com\/it\/wp-json\/wp\/v2\/pages\/3304","targetHints":{"allow":["GET"]}}],"collection":[{"href":"https:\/\/titandizajn.com\/it\/wp-json\/wp\/v2\/pages"}],"about":[{"href":"https:\/\/titandizajn.com\/it\/wp-json\/wp\/v2\/types\/page"}],"author":[{"embeddable":true,"href":"https:\/\/titandizajn.com\/it\/wp-json\/wp\/v2\/users\/14"}],"replies":[{"embeddable":true,"href":"https:\/\/titandizajn.com\/it\/wp-json\/wp\/v2\/comments?post=3304"}],"version-history":[{"count":6,"href":"https:\/\/titandizajn.com\/it\/wp-json\/wp\/v2\/pages\/3304\/revisions"}],"predecessor-version":[{"id":23222,"href":"https:\/\/titandizajn.com\/it\/wp-json\/wp\/v2\/pages\/3304\/revisions\/23222"}],"wp:attachment":[{"href":"https:\/\/titandizajn.com\/it\/wp-json\/wp\/v2\/media?parent=3304"}],"curies":[{"name":"wp","href":"https:\/\/api.w.org\/{rel}","templated":true}]}}