{"id":3300,"date":"2019-12-09T10:42:29","date_gmt":"2019-12-09T09:42:29","guid":{"rendered":"http:\/\/dev.titandizajn.com\/dizajn-kataloga"},"modified":"2023-09-15T11:54:41","modified_gmt":"2023-09-15T09:54:41","slug":"design-catalogo","status":"publish","type":"page","link":"https:\/\/titandizajn.com\/it\/design-catalogo\/","title":{"rendered":"Design catalogo"},"content":{"rendered":"<div id='av-layout-grid-1'  class='av-layout-grid-container entry-content-wrapper main_color av-flex-cells   av-desktop-hide av-medium-hide av-small-hide av-mini-hide   avia-builder-el-0  el_before_av_layout_row  avia-builder-el-first  category-filter container_wrap fullsize' style=' '  >\n<div class=\"flex_cell no_margin av_one_full  avia-builder-el-1  avia-builder-el-no-sibling   \"  style='vertical-align:top; padding:30px; ' ><div class='flex_cell_inner' ><div  class='avia-builder-widget-area clearfix  avia-builder-el-2  avia-builder-el-no-sibling '><div id=\"nav_menu-5\" class=\"widget clearfix widget_nav_menu\"><div class=\"menu-portfolio-sr-it-container\"><ul id=\"menu-portfolio-sr-it\" class=\"menu\"><li id=\"menu-item-3827\" class=\"menu-item menu-item-type-post_type menu-item-object-page menu-item-3827\"><a href=\"https:\/\/titandizajn.com\/it\/il-design-web\/\">IL DESIGN WEB<\/a><\/li>\n<li id=\"menu-item-3824\" class=\"menu-item menu-item-type-post_type menu-item-object-page menu-item-3824\"><a href=\"https:\/\/titandizajn.com\/it\/design-catalogo\/\">Design catalogo<\/a><\/li>\n<li id=\"menu-item-3306\" class=\"menu-item menu-item-type-post_type menu-item-object-page menu-item-3306\"><a href=\"https:\/\/titandizajn.com\/it\/design-di-billboard\/\">Design di billboard<\/a><\/li>\n<li id=\"menu-item-3691\" class=\"menu-item menu-item-type-post_type menu-item-object-page menu-item-3691\"><a href=\"https:\/\/titandizajn.com\/it\/design-di-poster\/\">Design di poster<\/a><\/li>\n<li id=\"menu-item-3690\" class=\"menu-item menu-item-type-post_type menu-item-object-page menu-item-3690\"><a href=\"https:\/\/titandizajn.com\/it\/design-di-pubblicazioni\/\">Design di pubblicazioni<\/a><\/li>\n<li id=\"menu-item-3689\" class=\"menu-item menu-item-type-post_type menu-item-object-page menu-item-3689\"><a href=\"https:\/\/titandizajn.com\/it\/branding-dei-veicoli\/\">Branding dei veicoli<\/a><\/li>\n<li id=\"menu-item-3688\" class=\"menu-item menu-item-type-post_type menu-item-object-page menu-item-3688\"><a href=\"https:\/\/titandizajn.com\/it\/design-di-brochure\/\">Design di Brochure<\/a><\/li>\n<li id=\"menu-item-6843\" class=\"menu-item menu-item-type-post_type menu-item-object-page menu-item-6843\"><a href=\"https:\/\/titandizajn.com\/it\/marketing-digitale\/\">Marketing digitale<\/a><\/li>\n<li id=\"menu-item-6806\" class=\"menu-item menu-item-type-post_type menu-item-object-page menu-item-6806\"><a href=\"https:\/\/titandizajn.com\/it\/content-writing\/\">Content Writing<\/a><\/li>\n<li id=\"menu-item-6777\" class=\"menu-item menu-item-type-post_type menu-item-object-page menu-item-6777\"><a href=\"https:\/\/titandizajn.com\/it\/foto-studio\/\">Foto studio<\/a><\/li>\n<\/ul><\/div><\/div><\/div>\n<\/div><\/div>\n<\/div>\n<div id='av-layout-grid-2'  class='av-layout-grid-container entry-content-wrapper main_color av-flex-cells     avia-builder-el-3  el_after_av_layout_row  el_before_av_masonry_entries  submenu-not-first container_wrap fullsize' style=' '  >\n<div class=\"flex_cell no_margin av_one_full  avia-builder-el-4  avia-builder-el-no-sibling   \" ><div class='flex_cell_inner' ><section class=\"av_textblock_section \"  itemscope=\"itemscope\" itemtype=\"https:\/\/schema.org\/CreativeWork\" ><div class='avia_textblock about-txt '   itemprop=\"text\" ><h2 style=\"text-align: center;\">Il design e progettazione del Catalogo<\/h2>\n<p style=\"text-align: center;\"><strong>Il design grafico<\/strong> del catalogo \u00e8 uno strumento che un&#8217;azienda presenta un assortimento di articoli provenienti da diverse linee di prodotti. Ci\u00f2 significa che il catalogo viene consegnato ai clienti senza l&#8217;intermediario del venditore al fine di attirarli per l&#8217;acquisto. Il catalogo deve essere pi\u00f9 convincente per coinvolgere lo spettatore con splendide fotografie e descrizioni dettagliate.Nell&#8217;agenzia Titan design vi \u00a0offriamo un design grafico unico del catalogo.<br \/>\nDall&#8217;idea, dal design, alla fotografia dei tuoi prodotti che saranno presenti nel catalogo.<\/p>\n<\/div><\/section>\n<\/div><\/div>\n<\/div>\n<div id='av-masonry-1' class='av-masonry  noHover av-fixed-size av-no-gap av-hover-overlay- av-masonry-animation-active av-masonry-col-4 av-caption-on-hover av-caption-style-  av-orientation-square  '  ><div class='av-masonry-container isotope av-js-disabled ' ><div class='av-masonry-entry isotope-item av-masonry-item-no-image '><\/div><a href=\"https:\/\/titandizajn.com\/it\/portfolio\/petit-coco\/\"  id='av-masonry-1-item-3435' data-av-masonry-item='3435' class='av-masonry-entry isotope-item post-3435 portfolio type-portfolio status-publish has-post-thumbnail hentry tag-graphic-design-it tag-logo-design-it portfolio_entries-design-catalogo portfolio_entries-design-di-logo portfolio_entries-disegno-grafico  av-masonry-item-with-image' title=\"Petit coco\"  itemscope=\"itemscope\" itemtype=\"https:\/\/schema.org\/CreativeWork\" ><div class='av-inner-masonry-sizer'><\/div><figure class='av-inner-masonry main_color'><div class=\"av-masonry-outerimage-container\"><div class=\"av-masonry-image-container\" style=\"background-image: url(https:\/\/titandizajn.com\/wp-content\/uploads\/2019\/11\/petit-prva.jpg);\" title=\"Petit coco\" ><\/div><\/div><figcaption class='av-inner-masonry-content site-background'><div class='av-inner-masonry-content-pos'><div class='av-inner-masonry-content-pos-content'><div class='avia-arrow'><\/div><h3 class='av-masonry-entry-title entry-title '  itemprop=\"headline\" >Petit Coco<\/h3><\/div><\/div><\/figcaption><\/figure><\/a><!--end av-masonry entry--><\/div><\/div>\n<div id='av-layout-grid-3'  class='av-layout-grid-container entry-content-wrapper main_color av-flex-cells     avia-builder-el-7  el_after_av_masonry_entries  el_before_av_masonry_entries  submenu-not-first container_wrap fullsize' style=' '  >\n<div class=\"flex_cell no_margin av_one_full  avia-builder-el-8  avia-builder-el-no-sibling   \" ><div class='flex_cell_inner' ><section class=\"av_textblock_section \"  itemscope=\"itemscope\" itemtype=\"https:\/\/schema.org\/CreativeWork\" ><div class='avia_textblock about-txt '   itemprop=\"text\" ><h2 style=\"text-align: center;\">Il design grafico del Catalogo<\/h2>\n<p style=\"text-align: center;\">Cataloghi efficaci rendono possibile agli utenti di trovare rapidamente le informazioni di cui hanno bisogno. Il modo pi\u00f9 semplice per farlo \u00e8 organizzare il contenuto in sezioni chiaramente definite e contrassegnate che siano facili da trovare e distinguere. Queste categorie di prodotti possono variare in base al tipo di articolo, alla funzione che hanno o al luogo in cui vengono utilizzate.<br \/>\nUn diesgnatore grafico pu\u00f2, naturalmente, utilizzare immagini di grandi dimensioni, didascalie o scelte di colore per contrassegnare sezioni diverse. \u00c8 altrettanto importante garantire una facile navigazione del sito, che pu\u00f2 fornire una rete ben organizzata. Poich\u00e9 i clienti di solito non hanno un contatto fisico con il prodotto, \u00e8 importante che gli articoli nel catalogo vengano visualizzati accuratamente con fotografie chiare e descrizioni dettagliate.<br \/>\nDimensioni, colore, prezzo e altre caratteristiche speciali dovrebbero essere evidenziate nel testo per un rapido riconoscimento.<\/p>\n<\/div><\/section>\n<\/div><\/div>\n<\/div>\n<div id='av-masonry-2' class='av-masonry  noHover av-fixed-size av-no-gap av-hover-overlay- av-masonry-animation-active av-masonry-col-4 av-caption-on-hover av-caption-style-  av-orientation-square  '  ><div class='av-masonry-container isotope av-js-disabled ' ><div class='av-masonry-entry isotope-item av-masonry-item-no-image '><\/div><a href=\"https:\/\/titandizajn.com\/it\/portfolio\/petit-coco\/\"  id='av-masonry-2-item-3435' data-av-masonry-item='3435' class='av-masonry-entry isotope-item post-3435 portfolio type-portfolio status-publish has-post-thumbnail hentry tag-graphic-design-it tag-logo-design-it portfolio_entries-design-catalogo portfolio_entries-design-di-logo portfolio_entries-disegno-grafico  av-masonry-item-with-image' title=\"Petit coco\"  itemscope=\"itemscope\" itemtype=\"https:\/\/schema.org\/CreativeWork\" ><div class='av-inner-masonry-sizer'><\/div><figure class='av-inner-masonry main_color'><div class=\"av-masonry-outerimage-container\"><div class=\"av-masonry-image-container\" style=\"background-image: url(https:\/\/titandizajn.com\/wp-content\/uploads\/2019\/11\/petit-prva.jpg);\" title=\"Petit coco\" ><\/div><\/div><figcaption class='av-inner-masonry-content site-background'><div class='av-inner-masonry-content-pos'><div class='av-inner-masonry-content-pos-content'><div class='avia-arrow'><\/div><h3 class='av-masonry-entry-title entry-title '  itemprop=\"headline\" >Petit Coco<\/h3><\/div><\/div><\/figcaption><\/figure><\/a><!--end av-masonry entry--><\/div><\/div>\n<div id='av-layout-grid-4'  class='av-layout-grid-container entry-content-wrapper main_color av-flex-cells     avia-builder-el-11  el_after_av_masonry_entries  avia-builder-el-last  submenu-not-first container_wrap fullsize' style=' '  >\n<div class=\"flex_cell no_margin av_one_full  avia-builder-el-12  avia-builder-el-no-sibling   \" ><div class='flex_cell_inner' ><section class=\"av_textblock_section \"  itemscope=\"itemscope\" itemtype=\"https:\/\/schema.org\/CreativeWork\" ><div class='avia_textblock about-txt '   itemprop=\"text\" ><h2 style=\"text-align: center;\"><strong>Catalogo od opuscoli?<\/strong><\/h2>\n<p style=\"text-align: center;\">Opuscoli e cataloghi hanno funzioni simili cosi\u2019 che il loro obiettivo principale sia quello di vendere prodotti o servizi a un mercato target specifico. La differenza \u00e8 che gli opuscoli tendono a mostrare solo una linea di prodotti o servizi e di solito i venditori li consegnano ai clienti di tempo in tempo, mentre i cataloghi contengono un assortimento di articoli di diverse linee di prodotti e, senza l&#8217;intervento del venditore, vengono consegnati ai clienti per acquistarli. Il catalogo deve essere pi\u00f9 convincente per coinvolgere lo spettatore con splendide fotografie e descrizioni dettagliate.<\/p>\n<\/div><\/section>\n<\/div><\/div>\n<\/div>\n","protected":false},"excerpt":{"rendered":"","protected":false},"author":14,"featured_media":0,"parent":0,"menu_order":0,"comment_status":"closed","ping_status":"open","template":"","meta":{"_acf_changed":false,"inline_featured_image":false,"footnotes":""},"class_list":["post-3300","page","type-page","status-publish","hentry"],"acf":[],"yoast_head":"<!-- This site is optimized with the Yoast SEO plugin v27.3 - https:\/\/yoast.com\/product\/yoast-seo-wordpress\/ -->\n<title>Design catalogo - Titan Dizajn<\/title>\n<meta name=\"robots\" content=\"index, follow, max-snippet:-1, max-image-preview:large, max-video-preview:-1\" \/>\n<link rel=\"canonical\" href=\"https:\/\/titandizajn.com\/it\/design-catalogo\/\" \/>\n<meta property=\"og:locale\" content=\"it_IT\" \/>\n<meta property=\"og:type\" content=\"article\" \/>\n<meta property=\"og:title\" content=\"Design catalogo - Titan Dizajn\" \/>\n<meta property=\"og:url\" content=\"https:\/\/titandizajn.com\/it\/design-catalogo\/\" \/>\n<meta property=\"og:site_name\" content=\"Titan Dizajn\" \/>\n<meta property=\"article:modified_time\" content=\"2023-09-15T09:54:41+00:00\" \/>\n<meta property=\"og:image\" content=\"https:\/\/titandizajn.com\/wp-content\/uploads\/2019\/06\/logo-1.png\" \/>\n\t<meta property=\"og:image:width\" content=\"91\" \/>\n\t<meta property=\"og:image:height\" content=\"107\" \/>\n\t<meta property=\"og:image:type\" content=\"image\/png\" \/>\n<meta name=\"twitter:card\" content=\"summary_large_image\" \/>\n<meta name=\"twitter:label1\" content=\"Tempo di lettura stimato\" \/>\n\t<meta name=\"twitter:data1\" content=\"3 minuti\" \/>\n<script type=\"application\/ld+json\" class=\"yoast-schema-graph\">{\"@context\":\"https:\\\/\\\/schema.org\",\"@graph\":[{\"@type\":\"WebPage\",\"@id\":\"https:\\\/\\\/titandizajn.com\\\/it\\\/design-catalogo\\\/\",\"url\":\"https:\\\/\\\/titandizajn.com\\\/it\\\/design-catalogo\\\/\",\"name\":\"Design catalogo - Titan Dizajn\",\"isPartOf\":{\"@id\":\"https:\\\/\\\/titandizajn.com\\\/#website\"},\"datePublished\":\"2019-12-09T09:42:29+00:00\",\"dateModified\":\"2023-09-15T09:54:41+00:00\",\"breadcrumb\":{\"@id\":\"https:\\\/\\\/titandizajn.com\\\/it\\\/design-catalogo\\\/#breadcrumb\"},\"inLanguage\":\"it-IT\",\"potentialAction\":[{\"@type\":\"ReadAction\",\"target\":[\"https:\\\/\\\/titandizajn.com\\\/it\\\/design-catalogo\\\/\"]}]},{\"@type\":\"BreadcrumbList\",\"@id\":\"https:\\\/\\\/titandizajn.com\\\/it\\\/design-catalogo\\\/#breadcrumb\",\"itemListElement\":[{\"@type\":\"ListItem\",\"position\":1,\"name\":\"Po\u010detna\",\"item\":\"https:\\\/\\\/titandizajn.com\\\/it\\\/pocetna\\\/\"},{\"@type\":\"ListItem\",\"position\":2,\"name\":\"Design catalogo\"}]},{\"@type\":\"WebSite\",\"@id\":\"https:\\\/\\\/titandizajn.com\\\/#website\",\"url\":\"https:\\\/\\\/titandizajn.com\\\/\",\"name\":\"Titan Dizajn\",\"description\":\"Creative Agency\",\"potentialAction\":[{\"@type\":\"SearchAction\",\"target\":{\"@type\":\"EntryPoint\",\"urlTemplate\":\"https:\\\/\\\/titandizajn.com\\\/?s={search_term_string}\"},\"query-input\":{\"@type\":\"PropertyValueSpecification\",\"valueRequired\":true,\"valueName\":\"search_term_string\"}}],\"inLanguage\":\"it-IT\"}]}<\/script>\n<!-- \/ Yoast SEO plugin. -->","yoast_head_json":{"title":"Design catalogo - Titan Dizajn","robots":{"index":"index","follow":"follow","max-snippet":"max-snippet:-1","max-image-preview":"max-image-preview:large","max-video-preview":"max-video-preview:-1"},"canonical":"https:\/\/titandizajn.com\/it\/design-catalogo\/","og_locale":"it_IT","og_type":"article","og_title":"Design catalogo - Titan Dizajn","og_url":"https:\/\/titandizajn.com\/it\/design-catalogo\/","og_site_name":"Titan Dizajn","article_modified_time":"2023-09-15T09:54:41+00:00","og_image":[{"width":91,"height":107,"url":"https:\/\/titandizajn.com\/wp-content\/uploads\/2019\/06\/logo-1.png","type":"image\/png"}],"twitter_card":"summary_large_image","twitter_misc":{"Tempo di lettura stimato":"3 minuti"},"schema":{"@context":"https:\/\/schema.org","@graph":[{"@type":"WebPage","@id":"https:\/\/titandizajn.com\/it\/design-catalogo\/","url":"https:\/\/titandizajn.com\/it\/design-catalogo\/","name":"Design catalogo - Titan Dizajn","isPartOf":{"@id":"https:\/\/titandizajn.com\/#website"},"datePublished":"2019-12-09T09:42:29+00:00","dateModified":"2023-09-15T09:54:41+00:00","breadcrumb":{"@id":"https:\/\/titandizajn.com\/it\/design-catalogo\/#breadcrumb"},"inLanguage":"it-IT","potentialAction":[{"@type":"ReadAction","target":["https:\/\/titandizajn.com\/it\/design-catalogo\/"]}]},{"@type":"BreadcrumbList","@id":"https:\/\/titandizajn.com\/it\/design-catalogo\/#breadcrumb","itemListElement":[{"@type":"ListItem","position":1,"name":"Po\u010detna","item":"https:\/\/titandizajn.com\/it\/pocetna\/"},{"@type":"ListItem","position":2,"name":"Design catalogo"}]},{"@type":"WebSite","@id":"https:\/\/titandizajn.com\/#website","url":"https:\/\/titandizajn.com\/","name":"Titan Dizajn","description":"Creative Agency","potentialAction":[{"@type":"SearchAction","target":{"@type":"EntryPoint","urlTemplate":"https:\/\/titandizajn.com\/?s={search_term_string}"},"query-input":{"@type":"PropertyValueSpecification","valueRequired":true,"valueName":"search_term_string"}}],"inLanguage":"it-IT"}]}},"_links":{"self":[{"href":"https:\/\/titandizajn.com\/it\/wp-json\/wp\/v2\/pages\/3300","targetHints":{"allow":["GET"]}}],"collection":[{"href":"https:\/\/titandizajn.com\/it\/wp-json\/wp\/v2\/pages"}],"about":[{"href":"https:\/\/titandizajn.com\/it\/wp-json\/wp\/v2\/types\/page"}],"author":[{"embeddable":true,"href":"https:\/\/titandizajn.com\/it\/wp-json\/wp\/v2\/users\/14"}],"replies":[{"embeddable":true,"href":"https:\/\/titandizajn.com\/it\/wp-json\/wp\/v2\/comments?post=3300"}],"version-history":[{"count":6,"href":"https:\/\/titandizajn.com\/it\/wp-json\/wp\/v2\/pages\/3300\/revisions"}],"predecessor-version":[{"id":3822,"href":"https:\/\/titandizajn.com\/it\/wp-json\/wp\/v2\/pages\/3300\/revisions\/3822"}],"wp:attachment":[{"href":"https:\/\/titandizajn.com\/it\/wp-json\/wp\/v2\/media?parent=3300"}],"curies":[{"name":"wp","href":"https:\/\/api.w.org\/{rel}","templated":true}]}}