{"id":6766,"date":"2020-07-02T16:41:27","date_gmt":"2020-07-02T14:41:27","guid":{"rendered":"https:\/\/titandizajn.com\/foto-studio\/"},"modified":"2023-09-15T12:32:25","modified_gmt":"2023-09-15T10:32:25","slug":"fotostudio","status":"publish","type":"page","link":"https:\/\/titandizajn.com\/de\/fotostudio\/","title":{"rendered":"Fotostudio"},"content":{"rendered":"<div id='av-layout-grid-1'  class='av-layout-grid-container entry-content-wrapper main_color av-flex-cells   av-desktop-hide av-medium-hide av-small-hide av-mini-hide   avia-builder-el-0  el_before_av_layout_row  avia-builder-el-first  category-filter container_wrap fullsize' style=' '  >\n<div class=\"flex_cell no_margin av_one_fifth  avia-builder-el-1  el_before_av_cell_three_fifth  avia-builder-el-first   av-hide-on-mobile  \"  style='vertical-align:top; padding:30px; ' ><div class='flex_cell_inner' ><\/div><\/div><div class=\"flex_cell no_margin av_three_fifth  avia-builder-el-2  el_after_av_cell_one_fifth  el_before_av_cell_one_fifth   \"  style='vertical-align:top; padding:30px; ' ><div class='flex_cell_inner' >\n<\/div><\/div><div class=\"flex_cell no_margin av_one_fifth  avia-builder-el-4  el_after_av_cell_three_fifth  avia-builder-el-last   av-hide-on-mobile  \"  style='vertical-align:top; padding:30px; ' ><div class='flex_cell_inner' ><\/div><\/div>\n<\/div>\n<div id='av-layout-grid-2'  class='av-layout-grid-container entry-content-wrapper alternate_color av-flex-cells     avia-builder-el-5  el_after_av_layout_row  el_before_av_masonry_entries  submenu-not-first container_wrap fullsize' style=' '  >\n<div class=\"flex_cell no_margin av_one_full  avia-builder-el-6  avia-builder-el-no-sibling   \" ><div class='flex_cell_inner' ><div class=\"flex_column av_one_full  flex_column_div av-zero-column-padding first  avia-builder-el-7  avia-builder-el-no-sibling  \" style='border-radius:0px; '><section class=\"av_textblock_section \"  itemscope=\"itemscope\" itemtype=\"https:\/\/schema.org\/CreativeWork\" ><div class='avia_textblock about-txt '   itemprop=\"text\" ><h2 style=\"text-align: center;\">Fotostudio<\/h2>\n<p style=\"text-align: center;\">Eine der Dienstleistungen, die wir unseren Kunden anbieten, ist die professionelle Fotografie ihrer Produkte, Kampagnen und manchmal auch Firmenveranstaltungen.<\/p>\n<p style=\"text-align: center;\">Es ist bekannt, dass ein gutes Foto einen gro\u00dfen Einfluss auf die Kunden und die Kaufentscheidung f\u00fcr ein bestimmtes Produkt hat. Manchmal ist dies einer der Hauptgr\u00fcnde, warum sich jemand f\u00fcr den Kauf eines Produkts entscheidet.<\/p>\n<p style=\"text-align: center;\">Dies ist einer der Hauptgr\u00fcnde, warum wir die Fotografie als ein wichtiges Element in den Dienstleistungen anerkannt haben, die wir unseren Kunden anbieten. Das Fotografieren von Produkten unter Studiobedingungen mit vorgefertigten Details, die das Gesamterlebnis vervollst\u00e4ndigen, bringt Ihrer Marke ein neues Konzept der Produktpr\u00e4sentation.<\/p>\n<\/div><\/section><\/div>\n<\/div><\/div>\n<\/div>\n<div id='av-masonry-1' class='av-masonry  noHover av-fixed-size av-no-gap av-hover-overlay- av-masonry-animation-active av-masonry-col-4 av-caption-on-hover av-caption-style-  av-orientation-square  ' style='background-color:#ffffff; ' ><div class='av-masonry-container isotope av-js-disabled ' ><div class='av-masonry-entry isotope-item av-masonry-item-no-image '><\/div><a href=\"https:\/\/titandizajn.com\/de\/portfolio\/verpackungsfotografien\/\"  id='av-masonry-1-item-6732' data-av-masonry-item='6732' class='av-masonry-entry isotope-item post-6732 portfolio type-portfolio status-publish has-post-thumbnail hentry portfolio_entries-fotostudio  av-masonry-item-with-image' title=\"pack\"  itemscope=\"itemscope\" itemtype=\"https:\/\/schema.org\/CreativeWork\" ><div class='av-inner-masonry-sizer'><\/div><figure class='av-inner-masonry main_color'><div class=\"av-masonry-outerimage-container\"><div class=\"av-masonry-image-container\" style=\"background-image: url(https:\/\/titandizajn.com\/wp-content\/uploads\/2020\/07\/pack.jpg);\" title=\"pack\"  alt=\"fotografisanje ambala\u017ee\" ><\/div><\/div><figcaption class='av-inner-masonry-content site-background'><div class='av-inner-masonry-content-pos'><div class='av-inner-masonry-content-pos-content'><div class='avia-arrow'><\/div><h3 class='av-masonry-entry-title entry-title '  itemprop=\"headline\" >Verpackungsfotografien<\/h3><\/div><\/div><\/figcaption><\/figure><\/a><!--end av-masonry entry--><a href=\"https:\/\/titandizajn.com\/de\/portfolio\/fotobearbeitung\/\"  id='av-masonry-1-item-6744' data-av-masonry-item='6744' class='av-masonry-entry isotope-item post-6744 portfolio type-portfolio status-publish has-post-thumbnail hentry portfolio_entries-fotostudio  av-masonry-item-with-image' title=\"Obrada\"  itemscope=\"itemscope\" itemtype=\"https:\/\/schema.org\/CreativeWork\" ><div class='av-inner-masonry-sizer'><\/div><figure class='av-inner-masonry main_color'><div class=\"av-masonry-outerimage-container\"><div class=\"av-masonry-image-container\" style=\"background-image: url(https:\/\/titandizajn.com\/wp-content\/uploads\/2020\/07\/Obrada.jpg);\" title=\"Obrada\"  alt=\"obrada fotofrafije na kojoj se nalazi \u010dokolada i keks\" ><\/div><\/div><figcaption class='av-inner-masonry-content site-background'><div class='av-inner-masonry-content-pos'><div class='av-inner-masonry-content-pos-content'><div class='avia-arrow'><\/div><h3 class='av-masonry-entry-title entry-title '  itemprop=\"headline\" >Fotobearbeitung<\/h3><\/div><\/div><\/figcaption><\/figure><\/a><!--end av-masonry entry--><a href=\"https:\/\/titandizajn.com\/de\/portfolio\/lifestyle\/\"  id='av-masonry-1-item-6708' data-av-masonry-item='6708' class='av-masonry-entry isotope-item post-6708 portfolio type-portfolio status-publish has-post-thumbnail hentry portfolio_entries-fotostudio  av-masonry-item-with-image' title=\"Lifestyle\"  itemscope=\"itemscope\" itemtype=\"https:\/\/schema.org\/CreativeWork\" ><div class='av-inner-masonry-sizer'><\/div><figure class='av-inner-masonry main_color'><div class=\"av-masonry-outerimage-container\"><div class=\"av-masonry-image-container\" style=\"background-image: url(https:\/\/titandizajn.com\/wp-content\/uploads\/2020\/07\/Lifestyle.jpg);\" title=\"Lifestyle\"  alt=\"lifestyle fotografija prikaz odozgo gde se vidi namazan hleb sa eurocremom\" ><\/div><\/div><figcaption class='av-inner-masonry-content site-background'><div class='av-inner-masonry-content-pos'><div class='av-inner-masonry-content-pos-content'><div class='avia-arrow'><\/div><h3 class='av-masonry-entry-title entry-title '  itemprop=\"headline\" >Lifestyle<\/h3><\/div><\/div><\/figcaption><\/figure><\/a><!--end av-masonry entry--><a href=\"https:\/\/titandizajn.com\/de\/portfolio\/sozialnetzerke\/\"  id='av-masonry-1-item-6757' data-av-masonry-item='6757' class='av-masonry-entry isotope-item post-6757 portfolio type-portfolio status-publish has-post-thumbnail hentry portfolio_entries-fotostudio  av-masonry-item-with-image' title=\"drustvene mreze-glavna copy\"  itemscope=\"itemscope\" itemtype=\"https:\/\/schema.org\/CreativeWork\" ><div class='av-inner-masonry-sizer'><\/div><figure class='av-inner-masonry main_color'><div class=\"av-masonry-outerimage-container\"><div class=\"av-masonry-image-container\" style=\"background-image: url(https:\/\/titandizajn.com\/wp-content\/uploads\/2020\/07\/drustvene-mreze-glavna-copy.jpg);\" title=\"drustvene mreze-glavna copy\"  alt=\"fotografija za dru\u0161tvene mre\u017ee vidi se bevita i eurocrem\" ><\/div><\/div><figcaption class='av-inner-masonry-content site-background'><div class='av-inner-masonry-content-pos'><div class='av-inner-masonry-content-pos-content'><div class='avia-arrow'><\/div><h3 class='av-masonry-entry-title entry-title '  itemprop=\"headline\" >Sozialnetzerke<\/h3><\/div><\/div><\/figcaption><\/figure><\/a><!--end av-masonry entry--><\/div><\/div>\n<div id='av-layout-grid-3'  class='av-layout-grid-container entry-content-wrapper alternate_color av-flex-cells     avia-builder-el-10  el_after_av_masonry_entries  avia-builder-el-last  submenu-not-first container_wrap fullsize' style=' '  >\n<div class=\"flex_cell no_margin av_one_full  avia-builder-el-11  avia-builder-el-no-sibling   \" ><div class='flex_cell_inner' ><div class=\"flex_column av_one_full  flex_column_div av-zero-column-padding first  avia-builder-el-12  avia-builder-el-no-sibling  \" style='border-radius:0px; '><section class=\"av_textblock_section \"  itemscope=\"itemscope\" itemtype=\"https:\/\/schema.org\/CreativeWork\" ><div class='avia_textblock about-txt '   itemprop=\"text\" ><p style=\"text-align: center;\">Mit der Erscheinung von sozialer Netzwerke und insbesonders von Instagram hat der Bedarf an visueller Pr\u00e4sentation von Produkten auf einer neuen Ebene zugenommen. Potenzielle K\u00e4ufer m\u00f6chten das Produkt in verschiedenen Situationen und Umgebungen sehen. Bevor sie es kaufen, wollen sie sehen, wie es verwendet wird und wer alles kauft. Das Fotografieren und die strategische Planung des \u201eFeeds\u201c k\u00f6nnen dies auf Ihre Social-Media-Konten \u00fcbertragen.<\/p>\n<p style=\"text-align: center;\">Die individuelle Fotografie von Produkten f\u00fcr Online-Shops erwies sich als besonders wichtig f\u00fcr den Gesch\u00e4ftsverlauf. Kunden m\u00f6chten ein Qualit\u00e4tsfoto, ein Produkt aus mehreren Blickwinkeln, sehen und ein Gef\u00fchl daf\u00fcr entwickeln, wie sie das Produkt fast ber\u00fchren k\u00f6nnen. Dies gibt ihnen ein genaueres Bild und hilft ihnen bei der Entscheidung, das Produkt \u201eonline\u201c zu kaufen.<\/p>\n<p style=\"text-align: center;\">Damit die Produkte zus\u00e4tzlich zu den Details und der speziellen Studioumgebung, in der sie platziert sind, zus\u00e4tzlichen Glanz erhalten, ordnen unsere Designer sie in Fotobearbeitungsprogrammen noch detaillierter an, wobei sie ihre besten Eigenschaften hervorheben und gleichzeitig versuchen, alles so nat\u00fcrlich wie m\u00f6glich aussehen zu lassen.<\/p>\n<p style=\"text-align: center;\">Manchmal fotografieren wir auch Mitarbeiter in den Unternehmen unserer Kunden. Wir genie\u00dfen es wirklich, denn die Begegnung mit den Menschen hinter einer bestimmten Marke gibt uns zus\u00e4tzliche Inspiration f\u00fcr zuk\u00fcnftige Kampagnen und Projekte. Manchmal ist es eine Aufgabe innerhalb des Projekts, eine Website eines Unternehmens zu erstellen, auf der wir Mitarbeiter f\u00fcr den Bereich \u201eTeam\u201c fotografieren, und manchmal ist es eine Fotografie ihrer wichtigen Gesch\u00e4ftserfolge oder Ereignisse.<\/p>\n<\/div><\/section><\/div>\n<\/div><\/div>\n<\/div>\n","protected":false},"excerpt":{"rendered":"","protected":false},"author":14,"featured_media":0,"parent":0,"menu_order":0,"comment_status":"closed","ping_status":"open","template":"","meta":{"_acf_changed":false,"inline_featured_image":false,"footnotes":""},"class_list":["post-6766","page","type-page","status-publish","hentry"],"acf":[],"yoast_head":"<!-- This site is optimized with the Yoast SEO plugin v27.3 - https:\/\/yoast.com\/product\/yoast-seo-wordpress\/ -->\n<title>Profesionalni foto studio, fotografisanje proizvoda - Beograd<\/title>\n<meta name=\"description\" content=\"fotografisanje proizvoda za internet prodavnice, foto ambala\u017ee i korporativnih dogadjaja, portreti, lifestyle fotografije\" \/>\n<meta name=\"robots\" content=\"index, follow, max-snippet:-1, max-image-preview:large, max-video-preview:-1\" \/>\n<link rel=\"canonical\" href=\"https:\/\/titandizajn.com\/de\/fotostudio\/\" \/>\n<meta property=\"og:locale\" content=\"de_DE\" \/>\n<meta property=\"og:type\" content=\"article\" \/>\n<meta property=\"og:title\" content=\"Profesionalni foto studio, fotografisanje proizvoda - Beograd\" \/>\n<meta property=\"og:description\" content=\"fotografisanje proizvoda za internet prodavnice, foto ambala\u017ee i korporativnih dogadjaja, portreti, lifestyle fotografije\" \/>\n<meta property=\"og:url\" content=\"https:\/\/titandizajn.com\/de\/fotostudio\/\" \/>\n<meta property=\"og:site_name\" content=\"Titan Dizajn\" \/>\n<meta property=\"article:modified_time\" content=\"2023-09-15T10:32:25+00:00\" \/>\n<meta property=\"og:image\" content=\"https:\/\/titandizajn.com\/wp-content\/uploads\/2019\/06\/logo-1.png\" \/>\n\t<meta property=\"og:image:width\" content=\"91\" \/>\n\t<meta property=\"og:image:height\" content=\"107\" \/>\n\t<meta property=\"og:image:type\" content=\"image\/png\" \/>\n<meta name=\"twitter:card\" content=\"summary_large_image\" \/>\n<meta name=\"twitter:label1\" content=\"Gesch\u00e4tzte Lesezeit\" \/>\n\t<meta name=\"twitter:data1\" content=\"4\u00a0Minuten\" \/>\n<script type=\"application\/ld+json\" class=\"yoast-schema-graph\">{\"@context\":\"https:\\\/\\\/schema.org\",\"@graph\":[{\"@type\":\"WebPage\",\"@id\":\"https:\\\/\\\/titandizajn.com\\\/de\\\/fotostudio\\\/\",\"url\":\"https:\\\/\\\/titandizajn.com\\\/de\\\/fotostudio\\\/\",\"name\":\"Profesionalni foto studio, fotografisanje proizvoda - Beograd\",\"isPartOf\":{\"@id\":\"https:\\\/\\\/titandizajn.com\\\/#website\"},\"datePublished\":\"2020-07-02T14:41:27+00:00\",\"dateModified\":\"2023-09-15T10:32:25+00:00\",\"description\":\"fotografisanje proizvoda za internet prodavnice, foto ambala\u017ee i korporativnih dogadjaja, portreti, lifestyle fotografije\",\"breadcrumb\":{\"@id\":\"https:\\\/\\\/titandizajn.com\\\/de\\\/fotostudio\\\/#breadcrumb\"},\"inLanguage\":\"de\",\"potentialAction\":[{\"@type\":\"ReadAction\",\"target\":[\"https:\\\/\\\/titandizajn.com\\\/de\\\/fotostudio\\\/\"]}]},{\"@type\":\"BreadcrumbList\",\"@id\":\"https:\\\/\\\/titandizajn.com\\\/de\\\/fotostudio\\\/#breadcrumb\",\"itemListElement\":[{\"@type\":\"ListItem\",\"position\":1,\"name\":\"Po\u010detna\",\"item\":\"https:\\\/\\\/titandizajn.com\\\/de\\\/pocetna\\\/\"},{\"@type\":\"ListItem\",\"position\":2,\"name\":\"Fotostudio\"}]},{\"@type\":\"WebSite\",\"@id\":\"https:\\\/\\\/titandizajn.com\\\/#website\",\"url\":\"https:\\\/\\\/titandizajn.com\\\/\",\"name\":\"Titan Dizajn\",\"description\":\"Creative Agency\",\"potentialAction\":[{\"@type\":\"SearchAction\",\"target\":{\"@type\":\"EntryPoint\",\"urlTemplate\":\"https:\\\/\\\/titandizajn.com\\\/?s={search_term_string}\"},\"query-input\":{\"@type\":\"PropertyValueSpecification\",\"valueRequired\":true,\"valueName\":\"search_term_string\"}}],\"inLanguage\":\"de\"}]}<\/script>\n<!-- \/ Yoast SEO plugin. -->","yoast_head_json":{"title":"Profesionalni foto studio, fotografisanje proizvoda - Beograd","description":"fotografisanje proizvoda za internet prodavnice, foto ambala\u017ee i korporativnih dogadjaja, portreti, lifestyle fotografije","robots":{"index":"index","follow":"follow","max-snippet":"max-snippet:-1","max-image-preview":"max-image-preview:large","max-video-preview":"max-video-preview:-1"},"canonical":"https:\/\/titandizajn.com\/de\/fotostudio\/","og_locale":"de_DE","og_type":"article","og_title":"Profesionalni foto studio, fotografisanje proizvoda - Beograd","og_description":"fotografisanje proizvoda za internet prodavnice, foto ambala\u017ee i korporativnih dogadjaja, portreti, lifestyle fotografije","og_url":"https:\/\/titandizajn.com\/de\/fotostudio\/","og_site_name":"Titan Dizajn","article_modified_time":"2023-09-15T10:32:25+00:00","og_image":[{"width":91,"height":107,"url":"https:\/\/titandizajn.com\/wp-content\/uploads\/2019\/06\/logo-1.png","type":"image\/png"}],"twitter_card":"summary_large_image","twitter_misc":{"Gesch\u00e4tzte Lesezeit":"4\u00a0Minuten"},"schema":{"@context":"https:\/\/schema.org","@graph":[{"@type":"WebPage","@id":"https:\/\/titandizajn.com\/de\/fotostudio\/","url":"https:\/\/titandizajn.com\/de\/fotostudio\/","name":"Profesionalni foto studio, fotografisanje proizvoda - Beograd","isPartOf":{"@id":"https:\/\/titandizajn.com\/#website"},"datePublished":"2020-07-02T14:41:27+00:00","dateModified":"2023-09-15T10:32:25+00:00","description":"fotografisanje proizvoda za internet prodavnice, foto ambala\u017ee i korporativnih dogadjaja, portreti, lifestyle fotografije","breadcrumb":{"@id":"https:\/\/titandizajn.com\/de\/fotostudio\/#breadcrumb"},"inLanguage":"de","potentialAction":[{"@type":"ReadAction","target":["https:\/\/titandizajn.com\/de\/fotostudio\/"]}]},{"@type":"BreadcrumbList","@id":"https:\/\/titandizajn.com\/de\/fotostudio\/#breadcrumb","itemListElement":[{"@type":"ListItem","position":1,"name":"Po\u010detna","item":"https:\/\/titandizajn.com\/de\/pocetna\/"},{"@type":"ListItem","position":2,"name":"Fotostudio"}]},{"@type":"WebSite","@id":"https:\/\/titandizajn.com\/#website","url":"https:\/\/titandizajn.com\/","name":"Titan Dizajn","description":"Creative Agency","potentialAction":[{"@type":"SearchAction","target":{"@type":"EntryPoint","urlTemplate":"https:\/\/titandizajn.com\/?s={search_term_string}"},"query-input":{"@type":"PropertyValueSpecification","valueRequired":true,"valueName":"search_term_string"}}],"inLanguage":"de"}]}},"_links":{"self":[{"href":"https:\/\/titandizajn.com\/de\/wp-json\/wp\/v2\/pages\/6766","targetHints":{"allow":["GET"]}}],"collection":[{"href":"https:\/\/titandizajn.com\/de\/wp-json\/wp\/v2\/pages"}],"about":[{"href":"https:\/\/titandizajn.com\/de\/wp-json\/wp\/v2\/types\/page"}],"author":[{"embeddable":true,"href":"https:\/\/titandizajn.com\/de\/wp-json\/wp\/v2\/users\/14"}],"replies":[{"embeddable":true,"href":"https:\/\/titandizajn.com\/de\/wp-json\/wp\/v2\/comments?post=6766"}],"version-history":[{"count":6,"href":"https:\/\/titandizajn.com\/de\/wp-json\/wp\/v2\/pages\/6766\/revisions"}],"predecessor-version":[{"id":23258,"href":"https:\/\/titandizajn.com\/de\/wp-json\/wp\/v2\/pages\/6766\/revisions\/23258"}],"wp:attachment":[{"href":"https:\/\/titandizajn.com\/de\/wp-json\/wp\/v2\/media?parent=6766"}],"curies":[{"name":"wp","href":"https:\/\/api.w.org\/{rel}","templated":true}]}}