{"id":3677,"date":"2019-12-19T12:00:56","date_gmt":"2019-12-19T11:00:56","guid":{"rendered":"http:\/\/dev.titandizajn.com\/dizajn-brosura"},"modified":"2023-09-15T11:52:12","modified_gmt":"2023-09-15T09:52:12","slug":"broschuerendesign","status":"publish","type":"page","link":"https:\/\/titandizajn.com\/de\/broschuerendesign\/","title":{"rendered":"Brosch\u00fcrendesign"},"content":{"rendered":"<div id='av-layout-grid-1'  class='av-layout-grid-container entry-content-wrapper main_color av-flex-cells     avia-builder-el-0  el_before_av_layout_row  avia-builder-el-first  home-grid container_wrap fullsize' style=' '  >\n<div class=\"flex_cell no_margin av_one_half  avia-builder-el-1  el_before_av_cell_one_half  avia-builder-el-first   av-zero-padding \"  style='vertical-align:middle; padding:0px; ' ><div class='flex_cell_inner' ><div class='flex_column_table av-equal-height-column-flextable -flextable' ><div class=\"flex_column av_one_full  no_margin flex_column_table_cell av-equal-height-column av-align-middle av-zero-column-padding first  avia-builder-el-2  avia-builder-el-no-sibling  \" style='border-radius:0px; '><div  class='avia-image-container  av-styling-no-styling    avia-builder-el-3  avia-builder-el-no-sibling  avia-align-center '  itemprop=\"image\" itemscope=\"itemscope\" itemtype=\"https:\/\/schema.org\/ImageObject\"  ><div class='avia-image-container-inner'><div class='avia-image-overlay-wrap'><img decoding=\"async\" class='wp-image-19981 avia-img-lazy-loading-not-19981 avia_image' src=\"https:\/\/titandizajn.com\/wp-content\/uploads\/2022\/08\/dizajn-brosure-primer.webp\" alt='dizajn bro\u0161ure' title='dizajn bro\u0161ure' height=\"670\" width=\"960\"  itemprop=\"thumbnailUrl\" srcset=\"https:\/\/titandizajn.com\/wp-content\/uploads\/2022\/08\/dizajn-brosure-primer.webp 960w, https:\/\/titandizajn.com\/wp-content\/uploads\/2022\/08\/dizajn-brosure-primer-600x419.webp 600w, https:\/\/titandizajn.com\/wp-content\/uploads\/2022\/08\/dizajn-brosure-primer-300x209.webp 300w, https:\/\/titandizajn.com\/wp-content\/uploads\/2022\/08\/dizajn-brosure-primer-768x536.webp 768w, https:\/\/titandizajn.com\/wp-content\/uploads\/2022\/08\/dizajn-brosure-primer-705x492.webp 705w\" sizes=\"(max-width: 960px) 100vw, 960px\" \/><\/div><\/div><\/div><\/div><\/div><!--close column table wrapper. Autoclose: 1 -->\n<\/div><\/div><div class=\"flex_cell no_margin av_one_half  avia-builder-el-4  el_after_av_cell_one_half  avia-builder-el-last  grid-txt  \"  style='vertical-align:middle; padding:28px 40px 28px 40px ; ' ><div class='flex_cell_inner' ><section class=\"av_textblock_section \"  itemscope=\"itemscope\" itemtype=\"https:\/\/schema.org\/CreativeWork\" ><div class='avia_textblock  '   itemprop=\"text\" ><h1 style=\"text-align: left;\">Brosch\u00fcrendesign<\/h1>\n<p style=\"text-align: left;\"><strong>Graphischer Design<\/strong> einer Brosch\u00fcre ist ein gro\u00dfartiges Marketinginstrument, um ein Unternehmen vorzustellen. In der Titan Design Agentur bieten wir Ihnen eine einzigartige Grafikdesign-Brosch\u00fcre an. Die Gestaltung der Brosch\u00fcre orientiert sich am Erscheinungsbild Ihrer Unternehmungsidentit\u00e4t und an der Zielgruppe, f\u00fcr die die Brosch\u00fcre bestimmt ist.<\/p>\n<h2 style=\"text-align: left;\">Ausarbeitung und Brosch\u00fcrendesign<\/h2>\n<p style=\"text-align: left;\">Das Ziel der Brosch\u00fcre ist es, das Unternehmen und seine Produkte oder Dienstleistungen auf einzigartige und interessante Weise zu pr\u00e4sentieren, die nicht nur die Aufmerksamkeit des Betrachters auf sich ziehen, sondern ihn auch auffordern, Kontakt mit dem Unternehmen aufzunehmen. Die Kombination aus aussagekr\u00e4ftigen Bildern und klar geschriebenen und pr\u00e4gnanten Nachrichten ergibt die beste Designl\u00f6sung. Die Brosch\u00fcre sollte in einem leicht lesbaren Format die folgenden Fragen beantworten: Was macht das Unternehmen? Wie kann der Leser mehr Informationen erhalten? Und was am wichtigsten ist, wie wird der Leser von der Nutzung seiner Produkte und Dienstleistungen profitieren k\u00f6nnen?<\/p>\n<\/div><\/section><br \/>\n<div  class='avia-button-wrap avia-button-left  avia-builder-el-6  el_after_av_textblock  avia-builder-el-last  home-btn' ><a href='https:\/\/titandizajn.com\/kontakt'  class='avia-button   avia-icon_select-no avia-size-medium avia-position-left '  style='background-color:#eb9422; border-color:#eb9422; color:#ffffff; ' ><span class='avia_iconbox_title' >Kontaktirajte nas<\/span><\/a><\/div><\/p>\n<\/div><\/div>\n<\/div>\n<div id='av-layout-grid-2'  class='av-layout-grid-container entry-content-wrapper main_color av-flex-cells     avia-builder-el-7  el_after_av_layout_row  el_before_av_layout_row  home-grid submenu-not-first container_wrap fullsize' style=' '  >\n<div class=\"flex_cell no_margin av_one_half  avia-builder-el-8  el_before_av_cell_one_half  avia-builder-el-first   av-zero-padding \"  style='vertical-align:middle; padding:0px; ' ><div class='flex_cell_inner' ><div class='flex_column_table av-equal-height-column-flextable -flextable' ><div class=\"flex_column av_one_full  no_margin flex_column_table_cell av-equal-height-column av-align-middle av-zero-column-padding first  avia-builder-el-9  avia-builder-el-no-sibling  \" style='border-radius:0px; '><div  class='avia-image-container  av-styling-no-styling    avia-builder-el-10  avia-builder-el-no-sibling  avia-align-center '  itemprop=\"image\" itemscope=\"itemscope\" itemtype=\"https:\/\/schema.org\/ImageObject\"  ><div class='avia-image-container-inner'><div class='avia-image-overlay-wrap'><img decoding=\"async\" class='wp-image-19999 avia-img-lazy-loading-not-19999 avia_image' src=\"https:\/\/titandizajn.com\/wp-content\/uploads\/2022\/08\/teoli.webp\" alt='dizajn bro\u0161ure' title='dizajn bro\u0161ure' height=\"670\" width=\"960\"  itemprop=\"thumbnailUrl\" srcset=\"https:\/\/titandizajn.com\/wp-content\/uploads\/2022\/08\/teoli.webp 960w, https:\/\/titandizajn.com\/wp-content\/uploads\/2022\/08\/teoli-600x419.webp 600w, https:\/\/titandizajn.com\/wp-content\/uploads\/2022\/08\/teoli-300x209.webp 300w, https:\/\/titandizajn.com\/wp-content\/uploads\/2022\/08\/teoli-768x536.webp 768w, https:\/\/titandizajn.com\/wp-content\/uploads\/2022\/08\/teoli-705x492.webp 705w\" sizes=\"(max-width: 960px) 100vw, 960px\" \/><\/div><\/div><\/div><\/div><\/div><!--close column table wrapper. Autoclose: 1 -->\n<\/div><\/div><div class=\"flex_cell no_margin av_one_half  avia-builder-el-11  el_after_av_cell_one_half  avia-builder-el-last  grid-txt  \"  style='vertical-align:middle; padding:40px; ' ><div class='flex_cell_inner' ><section class=\"av_textblock_section \"  itemscope=\"itemscope\" itemtype=\"https:\/\/schema.org\/CreativeWork\" ><div class='avia_textblock  '   itemprop=\"text\" ><h2 style=\"text-align: left;\">Brosch\u00fcretypen<\/h2>\n<p style=\"text-align: left;\"><strong>1. F\u00e4higkeit<\/strong><br \/>\nEs konzentriert sich auf die Vermittlung von Informationen \u00fcber die Dienstleistungen, die das Unternehmen anbietet.<\/p>\n<p style=\"text-align: left;\"><strong>2. Verkauf \/ Marketing<\/strong><br \/>\nEs enth\u00e4lt detaillierte Informationen zu bestimmten Produkten, einschlie\u00dflich Funktionen und Preisinformationen.<\/p>\n<p style=\"text-align: left;\"><strong>3. Bild<\/strong><br \/>\nF\u00fchrt eine neue Marke oder ein neues Unternehmensimage ein.<\/p>\n<p style=\"text-align: left;\"><strong>4. Informationsbrosch\u00fcre<\/strong><br \/>\nStellt wichtige Informationen zu einem bestimmten Thema oder Problem dar, das Ihre Zielgruppe interessiert, und bietet die M\u00f6glichkeit, durch Verweisen auf eine Website oder Telefonnummer mehr zu erfahren.<\/p>\n<\/div><\/section>\n<\/div><\/div>\n<\/div>\n<div id='av-layout-grid-3'  class='av-layout-grid-container entry-content-wrapper main_color av-flex-cells     avia-builder-el-13  el_after_av_layout_row  el_before_av_layout_row  home-grid submenu-not-first container_wrap fullsize' style=' '  >\n<div class=\"flex_cell no_margin av_one_half  avia-builder-el-14  el_before_av_cell_one_half  avia-builder-el-first   av-zero-padding \"  style='vertical-align:middle; padding:0px; ' ><div class='flex_cell_inner' ><p><div class='flex_column_table av-equal-height-column-flextable -flextable' ><div class=\"flex_column av_one_half  av-animated-generic left-to-right  no_margin flex_column_table_cell av-equal-height-column av-align-middle av-zero-column-padding first  avia-builder-el-15  el_before_av_one_half  avia-builder-el-first  \" style='border-radius:0px; '><div  class='avia-image-container  av-styling-no-styling    avia-builder-el-16  avia-builder-el-no-sibling  avia-align-center '  itemprop=\"image\" itemscope=\"itemscope\" itemtype=\"https:\/\/schema.org\/ImageObject\"  ><div class='avia-image-container-inner'><div class='avia-image-overlay-wrap'><img decoding=\"async\" class='wp-image-20007 avia-img-lazy-loading-not-20007 avia_image' src=\"https:\/\/titandizajn.com\/wp-content\/uploads\/2022\/08\/3.webp\" alt='' title='' height=\"435\" width=\"480\"  itemprop=\"thumbnailUrl\" srcset=\"https:\/\/titandizajn.com\/wp-content\/uploads\/2022\/08\/3.webp 480w, https:\/\/titandizajn.com\/wp-content\/uploads\/2022\/08\/3-300x272.webp 300w\" sizes=\"(max-width: 480px) 100vw, 480px\" \/><\/div><\/div><\/div><\/div><div class=\"flex_column av_one_half  av-animated-generic left-to-right  no_margin flex_column_table_cell av-equal-height-column av-align-middle av-zero-column-padding   avia-builder-el-17  el_after_av_one_half  avia-builder-el-last  \" style='border-radius:0px; '><div  class='avia-image-container  av-styling-no-styling    avia-builder-el-18  avia-builder-el-no-sibling  avia-align-center '  itemprop=\"image\" itemscope=\"itemscope\" itemtype=\"https:\/\/schema.org\/ImageObject\"  ><div class='avia-image-container-inner'><div class='avia-image-overlay-wrap'><img decoding=\"async\" class='wp-image-20012 avia-img-lazy-loading-not-20012 avia_image' src=\"https:\/\/titandizajn.com\/wp-content\/uploads\/2022\/08\/5.webp\" alt='primer \u0161tampane bro\u0161ure' title='' height=\"435\" width=\"480\"  itemprop=\"thumbnailUrl\" srcset=\"https:\/\/titandizajn.com\/wp-content\/uploads\/2022\/08\/5.webp 480w, https:\/\/titandizajn.com\/wp-content\/uploads\/2022\/08\/5-300x272.webp 300w\" sizes=\"(max-width: 480px) 100vw, 480px\" \/><\/div><\/div><\/div><\/div><\/div><!--close column table wrapper. Autoclose: 1 --><\/p>\n<\/div><\/div><div class=\"flex_cell no_margin av_one_half  avia-builder-el-19  el_after_av_cell_one_half  avia-builder-el-last   av-zero-padding \"  style='vertical-align:middle; padding:0px; ' ><div class='flex_cell_inner' ><p><div class='flex_column_table av-equal-height-column-flextable -flextable' ><div class=\"flex_column av_one_half  av-animated-generic right-to-left  no_margin flex_column_table_cell av-equal-height-column av-align-middle av-zero-column-padding first  avia-builder-el-20  el_before_av_one_half  avia-builder-el-first  \" style='border-radius:0px; '><div  class='avia-image-container  av-styling-no-styling    avia-builder-el-21  avia-builder-el-no-sibling  avia-align-center '  itemprop=\"image\" itemscope=\"itemscope\" itemtype=\"https:\/\/schema.org\/ImageObject\"  ><div class='avia-image-container-inner'><div class='avia-image-overlay-wrap'><img decoding=\"async\" class='wp-image-20017 avia-img-lazy-loading-not-20017 avia_image' src=\"https:\/\/titandizajn.com\/wp-content\/uploads\/2022\/08\/6.webp\" alt='pocetna strana brosure' title='pocetna strana brosure' height=\"435\" width=\"480\"  itemprop=\"thumbnailUrl\" srcset=\"https:\/\/titandizajn.com\/wp-content\/uploads\/2022\/08\/6.webp 480w, https:\/\/titandizajn.com\/wp-content\/uploads\/2022\/08\/6-300x272.webp 300w\" sizes=\"(max-width: 480px) 100vw, 480px\" \/><\/div><\/div><\/div><\/div><div class=\"flex_column av_one_half  av-animated-generic right-to-left  no_margin flex_column_table_cell av-equal-height-column av-align-middle av-zero-column-padding   avia-builder-el-22  el_after_av_one_half  avia-builder-el-last  \" style='border-radius:0px; '><div  class='avia-image-container  av-styling-    avia-builder-el-23  avia-builder-el-no-sibling  avia-align-center '  itemprop=\"image\" itemscope=\"itemscope\" itemtype=\"https:\/\/schema.org\/ImageObject\"  ><div class='avia-image-container-inner'><div class='avia-image-overlay-wrap'><img decoding=\"async\" class='wp-image-20021 avia-img-lazy-loading-not-20021 avia_image' src=\"https:\/\/titandizajn.com\/wp-content\/uploads\/2022\/08\/7.webp\" alt='naslovna strana brosure sa zlatotiskom' title='' height=\"435\" width=\"480\"  itemprop=\"thumbnailUrl\" srcset=\"https:\/\/titandizajn.com\/wp-content\/uploads\/2022\/08\/7.webp 480w, https:\/\/titandizajn.com\/wp-content\/uploads\/2022\/08\/7-300x272.webp 300w\" sizes=\"(max-width: 480px) 100vw, 480px\" \/><\/div><\/div><\/div><\/div><\/div><!--close column table wrapper. Autoclose: 1 --><\/p>\n<\/div><\/div>\n<\/div>\n<div id='av-layout-grid-4'  class='av-layout-grid-container entry-content-wrapper main_color av-flex-cells     avia-builder-el-24  el_after_av_layout_row  avia-builder-el-last  home-grid submenu-not-first container_wrap fullsize' style=' '  >\n<div class=\"flex_cell no_margin av_one_half  avia-builder-el-25  el_before_av_cell_one_half  avia-builder-el-first   av-zero-padding \"  style='vertical-align:middle; padding:0px; ' ><div class='flex_cell_inner' ><p><div class='flex_column_table av-equal-height-column-flextable -flextable' ><div class=\"flex_column av_one_half  no_margin flex_column_table_cell av-equal-height-column av-align-middle av-zero-column-padding first  avia-builder-el-26  el_before_av_one_half  avia-builder-el-first  \" style='border-radius:0px; '><div  class='avia-image-container  av-styling-no-styling    avia-builder-el-27  avia-builder-el-no-sibling  avia-align-center '  itemprop=\"image\" itemscope=\"itemscope\" itemtype=\"https:\/\/schema.org\/ImageObject\"  ><div class='avia-image-container-inner'><div class='avia-image-overlay-wrap'><img decoding=\"async\" class='wp-image-20026 avia-img-lazy-loading-not-20026 avia_image' src=\"https:\/\/titandizajn.com\/wp-content\/uploads\/2022\/08\/8.webp\" alt='tipografija na bro\u0161uri prikaz' title='' height=\"435\" width=\"480\"  itemprop=\"thumbnailUrl\" srcset=\"https:\/\/titandizajn.com\/wp-content\/uploads\/2022\/08\/8.webp 480w, https:\/\/titandizajn.com\/wp-content\/uploads\/2022\/08\/8-300x272.webp 300w\" sizes=\"(max-width: 480px) 100vw, 480px\" \/><\/div><\/div><\/div><\/div><div class=\"flex_column av_one_half  no_margin flex_column_table_cell av-equal-height-column av-align-middle av-zero-column-padding   avia-builder-el-28  el_after_av_one_half  avia-builder-el-last  \" style='border-radius:0px; '><div  class='avia-image-container  av-styling-no-styling    avia-builder-el-29  avia-builder-el-no-sibling  avia-align-center '  itemprop=\"image\" itemscope=\"itemscope\" itemtype=\"https:\/\/schema.org\/ImageObject\"  ><div class='avia-image-container-inner'><div class='avia-image-overlay-wrap'><img decoding=\"async\" class='wp-image-20030 avia-img-lazy-loading-not-20030 avia_image' src=\"https:\/\/titandizajn.com\/wp-content\/uploads\/2022\/08\/9.webp\" alt='naslovna strana na bro\u0161uri' title='' height=\"435\" width=\"480\"  itemprop=\"thumbnailUrl\" srcset=\"https:\/\/titandizajn.com\/wp-content\/uploads\/2022\/08\/9.webp 480w, https:\/\/titandizajn.com\/wp-content\/uploads\/2022\/08\/9-300x272.webp 300w\" sizes=\"(max-width: 480px) 100vw, 480px\" \/><\/div><\/div><\/div><\/div><\/div><!--close column table wrapper. Autoclose: 1 --><\/p>\n<\/div><\/div><div class=\"flex_cell no_margin av_one_half  avia-builder-el-30  el_after_av_cell_one_half  avia-builder-el-last  grid-txt  \"  style='vertical-align:middle; padding:20px 40px 0px 40px ; ' ><div class='flex_cell_inner' ><section class=\"av_textblock_section \"  itemscope=\"itemscope\" itemtype=\"https:\/\/schema.org\/CreativeWork\" ><div class='avia_textblock  '   itemprop=\"text\" ><h2 style=\"text-align: left;\">Die ziele des brosch\u00fcredesigns<\/h2>\n<p style=\"text-align: left;\">Wecken Sie beim Leser das Interesse, die Brosch\u00fcre zu \u00f6ffnen und mehr \u00fcber das Unternehmen, das Produkt oder die Dienstleistung zu erfahren. Der Designer hat ca. 6 Sekunden Zeit, um den Betrachter auf sich aufmerksam zu machen.<\/p>\n<p style=\"text-align: left;\">Bestimmen Sie anhand von interessanten Bildern und gut geschriebenen Texten das Bewusstsein f\u00fcr ein Unternehmen, eine Organisation oder ein Produkt.<\/p>\n<p style=\"text-align: left;\">Stellen Sie n\u00fctzliche und wichtige Informationen zur Verf\u00fcgung, damit der Betrachter die Brosch\u00fcre f\u00fcr die zuk\u00fcnftige Lekt\u00fcre aufbewahren kann.<\/p>\n<p style=\"text-align: left;\">Wecken Sie beim Leser das Interesse, sich mit dem Aufruf zum Handeln an weitere Informationen zu wenden. Dies kann Ihre Telefonnummer, E-Mail-Adresse oder Website umfassen.<\/p>\n<\/div><\/section>\n<\/div><\/div>\n<\/div>\n","protected":false},"excerpt":{"rendered":"","protected":false},"author":14,"featured_media":0,"parent":0,"menu_order":0,"comment_status":"closed","ping_status":"open","template":"","meta":{"_acf_changed":false,"inline_featured_image":false,"footnotes":""},"class_list":["post-3677","page","type-page","status-publish","hentry"],"acf":[],"yoast_head":"<!-- This site is optimized with the Yoast SEO plugin v27.3 - https:\/\/yoast.com\/product\/yoast-seo-wordpress\/ -->\n<title>Brosch\u00fcrendesign - Titan Dizajn<\/title>\n<meta name=\"robots\" content=\"index, follow, max-snippet:-1, max-image-preview:large, max-video-preview:-1\" \/>\n<link rel=\"canonical\" href=\"https:\/\/titandizajn.com\/de\/broschuerendesign\/\" \/>\n<meta property=\"og:locale\" content=\"de_DE\" \/>\n<meta property=\"og:type\" content=\"article\" \/>\n<meta property=\"og:title\" content=\"Brosch\u00fcrendesign - Titan Dizajn\" \/>\n<meta property=\"og:url\" content=\"https:\/\/titandizajn.com\/de\/broschuerendesign\/\" \/>\n<meta property=\"og:site_name\" content=\"Titan Dizajn\" \/>\n<meta property=\"article:modified_time\" content=\"2023-09-15T09:52:12+00:00\" \/>\n<meta property=\"og:image\" content=\"https:\/\/titandizajn.com\/wp-content\/uploads\/2019\/06\/logo-1.png\" \/>\n\t<meta property=\"og:image:width\" content=\"91\" \/>\n\t<meta property=\"og:image:height\" content=\"107\" \/>\n\t<meta property=\"og:image:type\" content=\"image\/png\" \/>\n<meta name=\"twitter:card\" content=\"summary_large_image\" \/>\n<meta name=\"twitter:label1\" content=\"Gesch\u00e4tzte Lesezeit\" \/>\n\t<meta name=\"twitter:data1\" content=\"7\u00a0Minuten\" \/>\n<script type=\"application\/ld+json\" class=\"yoast-schema-graph\">{\"@context\":\"https:\\\/\\\/schema.org\",\"@graph\":[{\"@type\":\"WebPage\",\"@id\":\"https:\\\/\\\/titandizajn.com\\\/de\\\/broschuerendesign\\\/\",\"url\":\"https:\\\/\\\/titandizajn.com\\\/de\\\/broschuerendesign\\\/\",\"name\":\"Brosch\u00fcrendesign - Titan Dizajn\",\"isPartOf\":{\"@id\":\"https:\\\/\\\/titandizajn.com\\\/#website\"},\"datePublished\":\"2019-12-19T11:00:56+00:00\",\"dateModified\":\"2023-09-15T09:52:12+00:00\",\"breadcrumb\":{\"@id\":\"https:\\\/\\\/titandizajn.com\\\/de\\\/broschuerendesign\\\/#breadcrumb\"},\"inLanguage\":\"de\",\"potentialAction\":[{\"@type\":\"ReadAction\",\"target\":[\"https:\\\/\\\/titandizajn.com\\\/de\\\/broschuerendesign\\\/\"]}]},{\"@type\":\"BreadcrumbList\",\"@id\":\"https:\\\/\\\/titandizajn.com\\\/de\\\/broschuerendesign\\\/#breadcrumb\",\"itemListElement\":[{\"@type\":\"ListItem\",\"position\":1,\"name\":\"Po\u010detna\",\"item\":\"https:\\\/\\\/titandizajn.com\\\/de\\\/pocetna\\\/\"},{\"@type\":\"ListItem\",\"position\":2,\"name\":\"Brosch\u00fcrendesign\"}]},{\"@type\":\"WebSite\",\"@id\":\"https:\\\/\\\/titandizajn.com\\\/#website\",\"url\":\"https:\\\/\\\/titandizajn.com\\\/\",\"name\":\"Titan Dizajn\",\"description\":\"Creative Agency\",\"potentialAction\":[{\"@type\":\"SearchAction\",\"target\":{\"@type\":\"EntryPoint\",\"urlTemplate\":\"https:\\\/\\\/titandizajn.com\\\/?s={search_term_string}\"},\"query-input\":{\"@type\":\"PropertyValueSpecification\",\"valueRequired\":true,\"valueName\":\"search_term_string\"}}],\"inLanguage\":\"de\"}]}<\/script>\n<!-- \/ Yoast SEO plugin. -->","yoast_head_json":{"title":"Brosch\u00fcrendesign - Titan Dizajn","robots":{"index":"index","follow":"follow","max-snippet":"max-snippet:-1","max-image-preview":"max-image-preview:large","max-video-preview":"max-video-preview:-1"},"canonical":"https:\/\/titandizajn.com\/de\/broschuerendesign\/","og_locale":"de_DE","og_type":"article","og_title":"Brosch\u00fcrendesign - Titan Dizajn","og_url":"https:\/\/titandizajn.com\/de\/broschuerendesign\/","og_site_name":"Titan Dizajn","article_modified_time":"2023-09-15T09:52:12+00:00","og_image":[{"width":91,"height":107,"url":"https:\/\/titandizajn.com\/wp-content\/uploads\/2019\/06\/logo-1.png","type":"image\/png"}],"twitter_card":"summary_large_image","twitter_misc":{"Gesch\u00e4tzte Lesezeit":"7\u00a0Minuten"},"schema":{"@context":"https:\/\/schema.org","@graph":[{"@type":"WebPage","@id":"https:\/\/titandizajn.com\/de\/broschuerendesign\/","url":"https:\/\/titandizajn.com\/de\/broschuerendesign\/","name":"Brosch\u00fcrendesign - Titan Dizajn","isPartOf":{"@id":"https:\/\/titandizajn.com\/#website"},"datePublished":"2019-12-19T11:00:56+00:00","dateModified":"2023-09-15T09:52:12+00:00","breadcrumb":{"@id":"https:\/\/titandizajn.com\/de\/broschuerendesign\/#breadcrumb"},"inLanguage":"de","potentialAction":[{"@type":"ReadAction","target":["https:\/\/titandizajn.com\/de\/broschuerendesign\/"]}]},{"@type":"BreadcrumbList","@id":"https:\/\/titandizajn.com\/de\/broschuerendesign\/#breadcrumb","itemListElement":[{"@type":"ListItem","position":1,"name":"Po\u010detna","item":"https:\/\/titandizajn.com\/de\/pocetna\/"},{"@type":"ListItem","position":2,"name":"Brosch\u00fcrendesign"}]},{"@type":"WebSite","@id":"https:\/\/titandizajn.com\/#website","url":"https:\/\/titandizajn.com\/","name":"Titan Dizajn","description":"Creative Agency","potentialAction":[{"@type":"SearchAction","target":{"@type":"EntryPoint","urlTemplate":"https:\/\/titandizajn.com\/?s={search_term_string}"},"query-input":{"@type":"PropertyValueSpecification","valueRequired":true,"valueName":"search_term_string"}}],"inLanguage":"de"}]}},"_links":{"self":[{"href":"https:\/\/titandizajn.com\/de\/wp-json\/wp\/v2\/pages\/3677","targetHints":{"allow":["GET"]}}],"collection":[{"href":"https:\/\/titandizajn.com\/de\/wp-json\/wp\/v2\/pages"}],"about":[{"href":"https:\/\/titandizajn.com\/de\/wp-json\/wp\/v2\/types\/page"}],"author":[{"embeddable":true,"href":"https:\/\/titandizajn.com\/de\/wp-json\/wp\/v2\/users\/14"}],"replies":[{"embeddable":true,"href":"https:\/\/titandizajn.com\/de\/wp-json\/wp\/v2\/comments?post=3677"}],"version-history":[{"count":5,"href":"https:\/\/titandizajn.com\/de\/wp-json\/wp\/v2\/pages\/3677\/revisions"}],"predecessor-version":[{"id":23228,"href":"https:\/\/titandizajn.com\/de\/wp-json\/wp\/v2\/pages\/3677\/revisions\/23228"}],"wp:attachment":[{"href":"https:\/\/titandizajn.com\/de\/wp-json\/wp\/v2\/media?parent=3677"}],"curies":[{"name":"wp","href":"https:\/\/api.w.org\/{rel}","templated":true}]}}