{"id":3661,"date":"2019-12-18T10:50:59","date_gmt":"2019-12-18T09:50:59","guid":{"rendered":"http:\/\/dev.titandizajn.com\/dizajn-publikacija"},"modified":"2023-09-15T12:22:49","modified_gmt":"2023-09-15T10:22:49","slug":"publikationsdesign","status":"publish","type":"page","link":"https:\/\/titandizajn.com\/de\/publikationsdesign\/","title":{"rendered":"Publikationsdesign"},"content":{"rendered":"<div id='av-layout-grid-1'  class='av-layout-grid-container entry-content-wrapper main_color av-flex-cells   av-desktop-hide av-medium-hide av-small-hide av-mini-hide   avia-builder-el-0  el_before_av_layout_row  avia-builder-el-first  container_wrap fullsize' style=' '  >\n<div class=\"flex_cell no_margin av_one_full  avia-builder-el-1  avia-builder-el-no-sibling   \"  style='vertical-align:top; padding:30px; ' ><div class='flex_cell_inner' >\n<\/div><\/div>\n<\/div>\n<div id='av-layout-grid-2'  class='av-layout-grid-container entry-content-wrapper main_color av-flex-cells     avia-builder-el-3  el_after_av_layout_row  el_before_av_masonry_entries  submenu-not-first container_wrap fullsize' style=' '  >\n<div class=\"flex_cell no_margin av_one_full  avia-builder-el-4  avia-builder-el-no-sibling   \" ><div class='flex_cell_inner' ><section class=\"av_textblock_section \"  itemscope=\"itemscope\" itemtype=\"https:\/\/schema.org\/CreativeWork\" ><div class='avia_textblock about-txt '   itemprop=\"text\" ><h2 style=\"text-align: center;\">Publikationsdesign<\/h2>\n<p style=\"text-align: center;\">Die Hauptfunktion einer Publikation besteht darin, Referenzmaterial in einem benutzerfreundlichen logischen Format zu unterhalten, zu unterrichten oder zu pr\u00e4sentieren. Deshalb ist es wichtig, dass das Design das Materialverst\u00e4ndnis des Lesers nicht beeintr\u00e4chtigt.<\/p>\n<\/div><\/section>\n<\/div><\/div>\n<\/div>\n<div id='av-masonry-1' class='av-masonry  noHover av-fixed-size av-no-gap av-hover-overlay- av-masonry-animation-active av-masonry-col-4 av-caption-on-hover av-caption-style-  av-orientation-square  '  ><div class='av-masonry-container isotope av-js-disabled ' ><div class='av-masonry-entry isotope-item av-masonry-item-no-image '><\/div><a href=\"https:\/\/titandizajn.com\/de\/portfolio\/mistery-box\/\"  id='av-masonry-1-item-24165' data-av-masonry-item='24165' class='av-masonry-entry isotope-item post-24165 portfolio type-portfolio status-publish has-post-thumbnail hentry portfolio_entries-verpackungs-design  av-masonry-item-with-image' title=\"Titan Dizajn Brand Agency 480&#215;435 &#8211; Kronos Kutije 2 kom\"  itemscope=\"itemscope\" itemtype=\"https:\/\/schema.org\/CreativeWork\" ><div class='av-inner-masonry-sizer'><\/div><figure class='av-inner-masonry main_color'><div class=\"av-masonry-outerimage-container\"><div class=\"av-masonry-image-container\" style=\"background-image: url(https:\/\/titandizajn.com\/wp-content\/uploads\/2023\/10\/Titan-Dizajn-Brand-Agency-480x435-Kronos-Kutije-2-kom.webp);\" title=\"Titan Dizajn Brand Agency 480&#215;435 &#8211; Kronos Kutije 2 kom\" ><\/div><\/div><figcaption class='av-inner-masonry-content site-background'><div class='av-inner-masonry-content-pos'><div class='av-inner-masonry-content-pos-content'><div class='avia-arrow'><\/div><h3 class='av-masonry-entry-title entry-title '  itemprop=\"headline\" >Mistery box<\/h3><\/div><\/div><\/figcaption><\/figure><\/a><!--end av-masonry entry--><a href=\"https:\/\/titandizajn.com\/de\/portfolio\/g-drive-iced-coffee\/\"  id='av-masonry-1-item-12831' data-av-masonry-item='12831' class='av-masonry-entry isotope-item post-12831 portfolio type-portfolio status-publish has-post-thumbnail hentry portfolio_entries-verpackungs-design  av-masonry-item-with-image' title=\"Titan Dizajn Brand Agency 800&#215;600 &#8211; G-Drive Iced Coffee &#8211; GRUP PHOTO-2\"  itemscope=\"itemscope\" itemtype=\"https:\/\/schema.org\/CreativeWork\" ><div class='av-inner-masonry-sizer'><\/div><figure class='av-inner-masonry main_color'><div class=\"av-masonry-outerimage-container\"><div class=\"av-masonry-image-container\" style=\"background-image: url(https:\/\/titandizajn.com\/wp-content\/uploads\/2023\/10\/Titan-Dizajn-Brand-Agency-800x600-G-Drive-Iced-Coffee-GRUP-PHOTO-2.webp);\" title=\"Titan Dizajn Brand Agency 800&#215;600 &#8211; G-Drive Iced Coffee &#8211; GRUP PHOTO-2\" ><\/div><\/div><figcaption class='av-inner-masonry-content site-background'><div class='av-inner-masonry-content-pos'><div class='av-inner-masonry-content-pos-content'><div class='avia-arrow'><\/div><h3 class='av-masonry-entry-title entry-title '  itemprop=\"headline\" >G-Drive Iced coffee<\/h3><\/div><\/div><\/figcaption><\/figure><\/a><!--end av-masonry entry--><a href=\"https:\/\/titandizajn.com\/de\/portfolio\/dellich-create\/\"  id='av-masonry-1-item-12839' data-av-masonry-item='12839' class='av-masonry-entry isotope-item post-12839 portfolio type-portfolio status-publish has-post-thumbnail hentry portfolio_entries-verpackungs-design  av-masonry-item-with-image' title=\"Titan Dizajn Brand Agency 480&#215;435 &#8211; DELISCH CREATE 1\"  itemscope=\"itemscope\" itemtype=\"https:\/\/schema.org\/CreativeWork\" ><div class='av-inner-masonry-sizer'><\/div><figure class='av-inner-masonry main_color'><div class=\"av-masonry-outerimage-container\"><div class=\"av-masonry-image-container\" style=\"background-image: url(https:\/\/titandizajn.com\/wp-content\/uploads\/2021\/09\/Titan-Dizajn-Brand-Agency-480x435-DELISCH-CREATE-1.webp);\" title=\"Titan Dizajn Brand Agency 480&#215;435 &#8211; DELISCH CREATE 1\" ><\/div><\/div><figcaption class='av-inner-masonry-content site-background'><div class='av-inner-masonry-content-pos'><div class='av-inner-masonry-content-pos-content'><div class='avia-arrow'><\/div><h3 class='av-masonry-entry-title entry-title '  itemprop=\"headline\" >Dellich create<\/h3><\/div><\/div><\/figcaption><\/figure><\/a><!--end av-masonry entry--><a href=\"https:\/\/titandizajn.com\/de\/portfolio\/whey-protein-bar\/\"  id='av-masonry-1-item-4554' data-av-masonry-item='4554' class='av-masonry-entry isotope-item post-4554 portfolio type-portfolio status-publish has-post-thumbnail hentry portfolio_entries-verpackungs-design  av-masonry-item-with-image' title=\"Titan Dizajn Brand Agency 800&#215;600 &#8211; G-Drive Protein Bars &#8211; GROUP PHOTO\"  itemscope=\"itemscope\" itemtype=\"https:\/\/schema.org\/CreativeWork\" ><div class='av-inner-masonry-sizer'><\/div><figure class='av-inner-masonry main_color'><div class=\"av-masonry-outerimage-container\"><div class=\"av-masonry-image-container\" style=\"background-image: url(https:\/\/titandizajn.com\/wp-content\/uploads\/2019\/12\/Titan-Dizajn-Brand-Agency-800x600-G-Drive-Protein-Bars-GROUP-PHOTO-1.webp);\" title=\"Titan Dizajn Brand Agency 800&#215;600 &#8211; G-Drive Protein Bars &#8211; GROUP PHOTO\" ><\/div><\/div><figcaption class='av-inner-masonry-content site-background'><div class='av-inner-masonry-content-pos'><div class='av-inner-masonry-content-pos-content'><div class='avia-arrow'><\/div><h3 class='av-masonry-entry-title entry-title '  itemprop=\"headline\" >Whey protein bar<\/h3><\/div><\/div><\/figcaption><\/figure><\/a><!--end av-masonry entry--><\/div><\/div>\n<div id='av-layout-grid-3'  class='av-layout-grid-container entry-content-wrapper main_color av-flex-cells     avia-builder-el-7  el_after_av_masonry_entries  el_before_av_masonry_entries  submenu-not-first container_wrap fullsize' style=' '  >\n<div class=\"flex_cell no_margin av_one_full  avia-builder-el-8  avia-builder-el-no-sibling   \" ><div class='flex_cell_inner' ><section class=\"av_textblock_section \"  itemscope=\"itemscope\" itemtype=\"https:\/\/schema.org\/CreativeWork\" ><div class='avia_textblock about-txt '   itemprop=\"text\" ><h2 style=\"text-align: center;\">Die Ausarbeitung und das Publikationsdesign<\/h2>\n<p style=\"text-align: center;\">Obwohl in einigen Ver\u00f6ffentlichungen die grundlegenden Prinzipien der Typografie und des Layouts nicht verwendet werden, ist es am besten, die traditionellen Gestaltungskonventionen zu befolgen, sofern der Kunde nichts anderes verlangt. Ein klares und konsistentes Layout mit logischem Fluss von Seite zu Seite kann durch ein gut strukturiertes Netzwerk erreicht werden. Durch das Entwerfen visueller Systeme f\u00fcr bestimmte Arten von Informationen, z. B. Bildunterschriften und eine Seitenspalte, k\u00f6nnen die Leser problemlos durch die Arbeit navigieren. Es ist auch wichtig, sich daran zu erinnern, dass gro\u00dfe Textmengen dazu neigen, die Augen zu erm\u00fcden. Aus diesem Grund sind viele &#8222;Leerzeichen&#8220;, eine proportionale Spaltenbreite und ein angemessener Schriftgr\u00f6\u00dfenabstand wichtige Dinge, die beachtet werden m\u00fcssen.<\/p>\n<p style=\"text-align: center;\">Alle Ver\u00f6ffentlichungen, von Romanen und Jahresberichten bis hin zu Zeitschriftenhandb\u00fcchern, haben unterschiedliche Zielgruppen und Funktionen, sodass jede eine einzigartige Designl\u00f6sung ben\u00f6tigt. Abh\u00e4ngig von der Informationsmenge und der Zielgruppe muss der Designer ein Format erstellen, das die Zielgruppe einbezieht und die Inhalte auf angemessene und gut gestaltete Weise pr\u00e4sentiert.<\/p>\n<\/div><\/section>\n<\/div><\/div>\n<\/div>\n<div id='av-masonry-2' class='av-masonry  noHover av-fixed-size av-no-gap av-hover-overlay- av-masonry-animation-active av-masonry-col-4 av-caption-on-hover av-caption-style-  av-orientation-square  '  ><div class='av-masonry-container isotope av-js-disabled ' ><div class='av-masonry-entry isotope-item av-masonry-item-no-image '><\/div><a href=\"https:\/\/titandizajn.com\/de\/portfolio\/studio-dot\/\"  id='av-masonry-2-item-3557' data-av-masonry-item='3557' class='av-masonry-entry isotope-item post-3557 portfolio type-portfolio status-publish has-post-thumbnail hentry tag-graphic-design-sr-de tag-logo-design-sr-de portfolio_entries-grafik-design portfolio_entries-logotyp-design  av-masonry-item-with-image' title=\"Dot studio\"  itemscope=\"itemscope\" itemtype=\"https:\/\/schema.org\/CreativeWork\" ><div class='av-inner-masonry-sizer'><\/div><figure class='av-inner-masonry main_color'><div class=\"av-masonry-outerimage-container\"><div class=\"av-masonry-image-container\" style=\"background-image: url(https:\/\/titandizajn.com\/wp-content\/uploads\/2019\/07\/dot.jpg);\" title=\"Dot studio\" ><\/div><\/div><figcaption class='av-inner-masonry-content site-background'><div class='av-inner-masonry-content-pos'><div class='av-inner-masonry-content-pos-content'><div class='avia-arrow'><\/div><h3 class='av-masonry-entry-title entry-title '  itemprop=\"headline\" >Studio Dot<\/h3><\/div><\/div><\/figcaption><\/figure><\/a><!--end av-masonry entry--><a href=\"https:\/\/titandizajn.com\/de\/portfolio\/balkan-grow\/\"  id='av-masonry-2-item-3319' data-av-masonry-item='3319' class='av-masonry-entry isotope-item post-3319 portfolio type-portfolio status-publish has-post-thumbnail hentry tag-graphic-design-sr-de tag-logo-design-sr-de portfolio_entries-grafik-design portfolio_entries-logotyp-design  av-masonry-item-with-image' title=\"balkan-grow\"  itemscope=\"itemscope\" itemtype=\"https:\/\/schema.org\/CreativeWork\" ><div class='av-inner-masonry-sizer'><\/div><figure class='av-inner-masonry main_color'><div class=\"av-masonry-outerimage-container\"><div class=\"av-masonry-image-container\" style=\"background-image: url(https:\/\/titandizajn.com\/wp-content\/uploads\/2019\/07\/balkan-grow-1.jpg);\" title=\"balkan-grow\" ><\/div><\/div><figcaption class='av-inner-masonry-content site-background'><div class='av-inner-masonry-content-pos'><div class='av-inner-masonry-content-pos-content'><div class='avia-arrow'><\/div><h3 class='av-masonry-entry-title entry-title '  itemprop=\"headline\" >Balkan Grow<\/h3><\/div><\/div><\/figcaption><\/figure><\/a><!--end av-masonry entry--><a href=\"https:\/\/titandizajn.com\/de\/portfolio\/choco-biscuit\/\"  id='av-masonry-2-item-3513' data-av-masonry-item='3513' class='av-masonry-entry isotope-item post-3513 portfolio type-portfolio status-publish has-post-thumbnail hentry tag-graphic-design-sr-de tag-package-design-sr-de portfolio_entries-grafik-design portfolio_entries-verpackungs-design  av-masonry-item-with-image' title=\"Choco biscuit\"  itemscope=\"itemscope\" itemtype=\"https:\/\/schema.org\/CreativeWork\" ><div class='av-inner-masonry-sizer'><\/div><figure class='av-inner-masonry main_color'><div class=\"av-masonry-outerimage-container\"><div class=\"av-masonry-image-container\" style=\"background-image: url(https:\/\/titandizajn.com\/wp-content\/uploads\/2019\/07\/Choco-biscuit.jpg);\" title=\"Choco biscuit\" ><\/div><\/div><figcaption class='av-inner-masonry-content site-background'><div class='av-inner-masonry-content-pos'><div class='av-inner-masonry-content-pos-content'><div class='avia-arrow'><\/div><h3 class='av-masonry-entry-title entry-title '  itemprop=\"headline\" >Choco Biscuit<\/h3><\/div><\/div><\/figcaption><\/figure><\/a><!--end av-masonry entry--><a href=\"https:\/\/titandizajn.com\/de\/portfolio\/el-famoso\/\"  id='av-masonry-2-item-3330' data-av-masonry-item='3330' class='av-masonry-entry isotope-item post-3330 portfolio type-portfolio status-publish has-post-thumbnail hentry tag-graphic-design-sr-de tag-package-design-sr-de portfolio_entries-grafik-design portfolio_entries-verpackungs-design  av-masonry-item-with-image' title=\"El Famoso\"  itemscope=\"itemscope\" itemtype=\"https:\/\/schema.org\/CreativeWork\" ><div class='av-inner-masonry-sizer'><\/div><figure class='av-inner-masonry main_color'><div class=\"av-masonry-outerimage-container\"><div class=\"av-masonry-image-container\" style=\"background-image: url(https:\/\/titandizajn.com\/wp-content\/uploads\/2019\/07\/elfamoso-prva.jpg);\" title=\"El Famoso\" ><\/div><\/div><figcaption class='av-inner-masonry-content site-background'><div class='av-inner-masonry-content-pos'><div class='av-inner-masonry-content-pos-content'><div class='avia-arrow'><\/div><h3 class='av-masonry-entry-title entry-title '  itemprop=\"headline\" >El Famoso<\/h3><\/div><\/div><\/figcaption><\/figure><\/a><!--end av-masonry entry--><\/div><\/div>\n","protected":false},"excerpt":{"rendered":"","protected":false},"author":14,"featured_media":0,"parent":0,"menu_order":0,"comment_status":"closed","ping_status":"open","template":"","meta":{"_acf_changed":false,"inline_featured_image":false,"footnotes":""},"class_list":["post-3661","page","type-page","status-publish","hentry"],"acf":[],"yoast_head":"<!-- This site is optimized with the Yoast SEO plugin v27.3 - https:\/\/yoast.com\/product\/yoast-seo-wordpress\/ -->\n<title>Publikationsdesign - Titan Dizajn<\/title>\n<meta name=\"robots\" content=\"index, follow, max-snippet:-1, max-image-preview:large, max-video-preview:-1\" \/>\n<link rel=\"canonical\" href=\"https:\/\/titandizajn.com\/de\/publikationsdesign\/\" \/>\n<meta property=\"og:locale\" content=\"de_DE\" \/>\n<meta property=\"og:type\" content=\"article\" \/>\n<meta property=\"og:title\" content=\"Publikationsdesign - Titan Dizajn\" \/>\n<meta property=\"og:url\" content=\"https:\/\/titandizajn.com\/de\/publikationsdesign\/\" \/>\n<meta property=\"og:site_name\" content=\"Titan Dizajn\" \/>\n<meta property=\"article:modified_time\" content=\"2023-09-15T10:22:49+00:00\" \/>\n<meta property=\"og:image\" content=\"https:\/\/titandizajn.com\/wp-content\/uploads\/2019\/06\/logo-1.png\" \/>\n\t<meta property=\"og:image:width\" content=\"91\" \/>\n\t<meta property=\"og:image:height\" content=\"107\" \/>\n\t<meta property=\"og:image:type\" content=\"image\/png\" \/>\n<meta name=\"twitter:card\" content=\"summary_large_image\" \/>\n<meta name=\"twitter:label1\" content=\"Gesch\u00e4tzte Lesezeit\" \/>\n\t<meta name=\"twitter:data1\" content=\"2\u00a0Minuten\" \/>\n<script type=\"application\/ld+json\" class=\"yoast-schema-graph\">{\"@context\":\"https:\\\/\\\/schema.org\",\"@graph\":[{\"@type\":\"WebPage\",\"@id\":\"https:\\\/\\\/titandizajn.com\\\/de\\\/publikationsdesign\\\/\",\"url\":\"https:\\\/\\\/titandizajn.com\\\/de\\\/publikationsdesign\\\/\",\"name\":\"Publikationsdesign - Titan Dizajn\",\"isPartOf\":{\"@id\":\"https:\\\/\\\/titandizajn.com\\\/#website\"},\"datePublished\":\"2019-12-18T09:50:59+00:00\",\"dateModified\":\"2023-09-15T10:22:49+00:00\",\"breadcrumb\":{\"@id\":\"https:\\\/\\\/titandizajn.com\\\/de\\\/publikationsdesign\\\/#breadcrumb\"},\"inLanguage\":\"de\",\"potentialAction\":[{\"@type\":\"ReadAction\",\"target\":[\"https:\\\/\\\/titandizajn.com\\\/de\\\/publikationsdesign\\\/\"]}]},{\"@type\":\"BreadcrumbList\",\"@id\":\"https:\\\/\\\/titandizajn.com\\\/de\\\/publikationsdesign\\\/#breadcrumb\",\"itemListElement\":[{\"@type\":\"ListItem\",\"position\":1,\"name\":\"Po\u010detna\",\"item\":\"https:\\\/\\\/titandizajn.com\\\/de\\\/pocetna\\\/\"},{\"@type\":\"ListItem\",\"position\":2,\"name\":\"Publikationsdesign\"}]},{\"@type\":\"WebSite\",\"@id\":\"https:\\\/\\\/titandizajn.com\\\/#website\",\"url\":\"https:\\\/\\\/titandizajn.com\\\/\",\"name\":\"Titan Dizajn\",\"description\":\"Creative Agency\",\"potentialAction\":[{\"@type\":\"SearchAction\",\"target\":{\"@type\":\"EntryPoint\",\"urlTemplate\":\"https:\\\/\\\/titandizajn.com\\\/?s={search_term_string}\"},\"query-input\":{\"@type\":\"PropertyValueSpecification\",\"valueRequired\":true,\"valueName\":\"search_term_string\"}}],\"inLanguage\":\"de\"}]}<\/script>\n<!-- \/ Yoast SEO plugin. -->","yoast_head_json":{"title":"Publikationsdesign - Titan Dizajn","robots":{"index":"index","follow":"follow","max-snippet":"max-snippet:-1","max-image-preview":"max-image-preview:large","max-video-preview":"max-video-preview:-1"},"canonical":"https:\/\/titandizajn.com\/de\/publikationsdesign\/","og_locale":"de_DE","og_type":"article","og_title":"Publikationsdesign - Titan Dizajn","og_url":"https:\/\/titandizajn.com\/de\/publikationsdesign\/","og_site_name":"Titan Dizajn","article_modified_time":"2023-09-15T10:22:49+00:00","og_image":[{"width":91,"height":107,"url":"https:\/\/titandizajn.com\/wp-content\/uploads\/2019\/06\/logo-1.png","type":"image\/png"}],"twitter_card":"summary_large_image","twitter_misc":{"Gesch\u00e4tzte Lesezeit":"2\u00a0Minuten"},"schema":{"@context":"https:\/\/schema.org","@graph":[{"@type":"WebPage","@id":"https:\/\/titandizajn.com\/de\/publikationsdesign\/","url":"https:\/\/titandizajn.com\/de\/publikationsdesign\/","name":"Publikationsdesign - Titan Dizajn","isPartOf":{"@id":"https:\/\/titandizajn.com\/#website"},"datePublished":"2019-12-18T09:50:59+00:00","dateModified":"2023-09-15T10:22:49+00:00","breadcrumb":{"@id":"https:\/\/titandizajn.com\/de\/publikationsdesign\/#breadcrumb"},"inLanguage":"de","potentialAction":[{"@type":"ReadAction","target":["https:\/\/titandizajn.com\/de\/publikationsdesign\/"]}]},{"@type":"BreadcrumbList","@id":"https:\/\/titandizajn.com\/de\/publikationsdesign\/#breadcrumb","itemListElement":[{"@type":"ListItem","position":1,"name":"Po\u010detna","item":"https:\/\/titandizajn.com\/de\/pocetna\/"},{"@type":"ListItem","position":2,"name":"Publikationsdesign"}]},{"@type":"WebSite","@id":"https:\/\/titandizajn.com\/#website","url":"https:\/\/titandizajn.com\/","name":"Titan Dizajn","description":"Creative Agency","potentialAction":[{"@type":"SearchAction","target":{"@type":"EntryPoint","urlTemplate":"https:\/\/titandizajn.com\/?s={search_term_string}"},"query-input":{"@type":"PropertyValueSpecification","valueRequired":true,"valueName":"search_term_string"}}],"inLanguage":"de"}]}},"_links":{"self":[{"href":"https:\/\/titandizajn.com\/de\/wp-json\/wp\/v2\/pages\/3661","targetHints":{"allow":["GET"]}}],"collection":[{"href":"https:\/\/titandizajn.com\/de\/wp-json\/wp\/v2\/pages"}],"about":[{"href":"https:\/\/titandizajn.com\/de\/wp-json\/wp\/v2\/types\/page"}],"author":[{"embeddable":true,"href":"https:\/\/titandizajn.com\/de\/wp-json\/wp\/v2\/users\/14"}],"replies":[{"embeddable":true,"href":"https:\/\/titandizajn.com\/de\/wp-json\/wp\/v2\/comments?post=3661"}],"version-history":[{"count":5,"href":"https:\/\/titandizajn.com\/de\/wp-json\/wp\/v2\/pages\/3661\/revisions"}],"predecessor-version":[{"id":3810,"href":"https:\/\/titandizajn.com\/de\/wp-json\/wp\/v2\/pages\/3661\/revisions\/3810"}],"wp:attachment":[{"href":"https:\/\/titandizajn.com\/de\/wp-json\/wp\/v2\/media?parent=3661"}],"curies":[{"name":"wp","href":"https:\/\/api.w.org\/{rel}","templated":true}]}}