{"id":3656,"date":"2019-12-09T10:58:32","date_gmt":"2019-12-09T09:58:32","guid":{"rendered":"http:\/\/dev.titandizajn.com\/dizajn-plakata"},"modified":"2023-09-15T11:56:21","modified_gmt":"2023-09-15T09:56:21","slug":"plakatendesign","status":"publish","type":"page","link":"https:\/\/titandizajn.com\/de\/plakatendesign\/","title":{"rendered":"Plakatendesign"},"content":{"rendered":"<div id='av-layout-grid-1'  class='av-layout-grid-container entry-content-wrapper main_color av-flex-cells   av-desktop-hide av-medium-hide av-small-hide av-mini-hide   avia-builder-el-0  el_before_av_layout_row  avia-builder-el-first  category-filter container_wrap fullsize' style=' '  >\n<div class=\"flex_cell no_margin av_one_full  avia-builder-el-1  avia-builder-el-no-sibling   \"  style='vertical-align:top; padding:30px; ' ><div class='flex_cell_inner' >\n<\/div><\/div>\n<\/div>\n<div id='av-layout-grid-2'  class='av-layout-grid-container entry-content-wrapper main_color av-flex-cells     avia-builder-el-3  el_after_av_layout_row  el_before_av_masonry_entries  submenu-not-first container_wrap fullsize' style=' '  >\n<div class=\"flex_cell no_margin av_one_full  avia-builder-el-4  avia-builder-el-no-sibling   \" ><div class='flex_cell_inner' ><section class=\"av_textblock_section \"  itemscope=\"itemscope\" itemtype=\"https:\/\/schema.org\/CreativeWork\" ><div class='avia_textblock about-txt '   itemprop=\"text\" ><h2 style=\"text-align: center;\">Plakatendesign<\/h2>\n<p style=\"text-align: center;\">Das erste Ziel eines jeden Polakats ist es, die Aufmerksamkeit der Passanten auf sich zu ziehen und die geplante Nachricht sofort zu \u00fcbermitteln. Wenn die Welt mit Lichtern, Schildern, Werbetafeln und Objektiven \u00fcberf\u00fcllt ist, wird es immer schwieriger, dynamische Plakate zu erstellen, die sich von der visuellen Hektik abheben und mit den Zuschauern in Verbindung stehen. Aus diesem Grund ist ein starkes visuelles Konzept, das wenig oder keinen Text erfordert, f\u00fcr die Kommunikation und eine klare Hierarchie von gr\u00f6\u00dfter Bedeutung.<\/p>\n<\/div><\/section>\n<\/div><\/div>\n<\/div>\n<div id='av-masonry-1' class='av-masonry  noHover av-fixed-size av-no-gap av-hover-overlay- av-masonry-animation-active av-masonry-col-4 av-caption-on-hover av-caption-style-  av-orientation-square  '  ><div class='av-masonry-container isotope av-js-disabled ' ><div class='av-masonry-entry isotope-item av-masonry-item-no-image '><\/div><a href=\"https:\/\/titandizajn.com\/de\/portfolio\/krc-krc\/\"  id='av-masonry-1-item-4051' data-av-masonry-item='4051' class='av-masonry-entry isotope-item post-4051 portfolio type-portfolio status-publish has-post-thumbnail hentry portfolio_entries-grafik-design portfolio_entries-plakatendesign  av-masonry-item-with-image' title=\"Krc Krc\"  itemscope=\"itemscope\" itemtype=\"https:\/\/schema.org\/CreativeWork\" ><div class='av-inner-masonry-sizer'><\/div><figure class='av-inner-masonry main_color'><div class=\"av-masonry-outerimage-container\"><div class=\"av-masonry-image-container\" style=\"background-image: url(https:\/\/titandizajn.com\/wp-content\/uploads\/2019\/12\/7.jpg);\"><\/div><\/div><figcaption class='av-inner-masonry-content site-background'><div class='av-inner-masonry-content-pos'><div class='av-inner-masonry-content-pos-content'><div class='avia-arrow'><\/div><h3 class='av-masonry-entry-title entry-title '  itemprop=\"headline\" >Krc Krc<\/h3><\/div><\/div><\/figcaption><\/figure><\/a><!--end av-masonry entry--><a href=\"https:\/\/titandizajn.com\/de\/portfolio\/skola-turkog-jezika\/\"  id='av-masonry-1-item-4034' data-av-masonry-item='4034' class='av-masonry-entry isotope-item post-4034 portfolio type-portfolio status-publish has-post-thumbnail hentry portfolio_entries-grafik-design portfolio_entries-plakatendesign  av-masonry-item-with-image' title=\"\u0160kola Turkog Jezika\"  itemscope=\"itemscope\" itemtype=\"https:\/\/schema.org\/CreativeWork\" ><div class='av-inner-masonry-sizer'><\/div><figure class='av-inner-masonry main_color'><div class=\"av-masonry-outerimage-container\"><div class=\"av-masonry-image-container\" style=\"background-image: url(https:\/\/titandizajn.com\/wp-content\/uploads\/2019\/12\/3.jpg);\"><\/div><\/div><figcaption class='av-inner-masonry-content site-background'><div class='av-inner-masonry-content-pos'><div class='av-inner-masonry-content-pos-content'><div class='avia-arrow'><\/div><h3 class='av-masonry-entry-title entry-title '  itemprop=\"headline\" >\u0160kola Turkog Jezika<\/h3><\/div><\/div><\/figcaption><\/figure><\/a><!--end av-masonry entry--><\/div><\/div>\n<div id='av-layout-grid-3'  class='av-layout-grid-container entry-content-wrapper main_color av-flex-cells     avia-builder-el-7  el_after_av_masonry_entries  el_before_av_masonry_entries  submenu-not-first container_wrap fullsize' style=' '  >\n<div class=\"flex_cell no_margin av_one_full  avia-builder-el-8  avia-builder-el-no-sibling   \" ><div class='flex_cell_inner' ><section class=\"av_textblock_section \"  itemscope=\"itemscope\" itemtype=\"https:\/\/schema.org\/CreativeWork\" ><div class='avia_textblock about-txt '   itemprop=\"text\" ><h2 style=\"text-align: center;\">Das graphische Design des Plakats \u2013 des Posters<\/h2>\n<p style=\"text-align: center;\">Beim Entwerfen eines Posters wird ber\u00fccksichtigt, wo das Poster platziert wird. Befindet es sich im Geb\u00e4ude, ist es unter vielen anderen Plakaten an einem lebendigen Ort gut beleuchtet oder wird es gefaltet oder wird es per Post verschickt? Entscheiden Sie, ob Beobachter Zeit haben, um stehen zu bleiben, um sich das Poster anzusehen, oder ob sie ihre Aufmerksamkeit auf sich ziehen und die Botschaft in Sekundenschnelle mit kraftvoller und optimierter Komposition \u00fcbermitteln m\u00fcssen. Jedes Szenario erfordert eine andere Entwurfsstrategie, um erfolgreich zu sein.<\/p>\n<p style=\"text-align: center;\">Gro\u00dfe Poster ziehen die Aufmerksamkeit des Betrachters effektiver auf sich. Die einzigen Einschr\u00e4nkungen betreffen die Platzierung des Plakats, die Gr\u00f6\u00dfe der Druckmaschine und das Budget des Kunden.<\/p>\n<\/div><\/section>\n<\/div><\/div>\n<\/div>\n<div id='av-masonry-2' class='av-masonry  noHover av-fixed-size av-no-gap av-hover-overlay- av-masonry-animation-active av-masonry-col-4 av-caption-on-hover av-caption-style-  av-orientation-square  '  ><div class='av-masonry-container isotope av-js-disabled ' ><div class='av-masonry-entry isotope-item av-masonry-item-no-image '><\/div><a href=\"https:\/\/titandizajn.com\/de\/portfolio\/skola-turkog-jezika\/\"  id='av-masonry-2-item-4034' data-av-masonry-item='4034' class='av-masonry-entry isotope-item post-4034 portfolio type-portfolio status-publish has-post-thumbnail hentry portfolio_entries-grafik-design portfolio_entries-plakatendesign  av-masonry-item-with-image' title=\"\u0160kola Turkog Jezika\"  itemscope=\"itemscope\" itemtype=\"https:\/\/schema.org\/CreativeWork\" ><div class='av-inner-masonry-sizer'><\/div><figure class='av-inner-masonry main_color'><div class=\"av-masonry-outerimage-container\"><div class=\"av-masonry-image-container\" style=\"background-image: url(https:\/\/titandizajn.com\/wp-content\/uploads\/2019\/12\/3.jpg);\"><\/div><\/div><figcaption class='av-inner-masonry-content site-background'><div class='av-inner-masonry-content-pos'><div class='av-inner-masonry-content-pos-content'><div class='avia-arrow'><\/div><h3 class='av-masonry-entry-title entry-title '  itemprop=\"headline\" >\u0160kola Turkog Jezika<\/h3><\/div><\/div><\/figcaption><\/figure><\/a><!--end av-masonry entry--><a href=\"https:\/\/titandizajn.com\/de\/portfolio\/krc-krc\/\"  id='av-masonry-2-item-4051' data-av-masonry-item='4051' class='av-masonry-entry isotope-item post-4051 portfolio type-portfolio status-publish has-post-thumbnail hentry portfolio_entries-grafik-design portfolio_entries-plakatendesign  av-masonry-item-with-image' title=\"Krc Krc\"  itemscope=\"itemscope\" itemtype=\"https:\/\/schema.org\/CreativeWork\" ><div class='av-inner-masonry-sizer'><\/div><figure class='av-inner-masonry main_color'><div class=\"av-masonry-outerimage-container\"><div class=\"av-masonry-image-container\" style=\"background-image: url(https:\/\/titandizajn.com\/wp-content\/uploads\/2019\/12\/7.jpg);\"><\/div><\/div><figcaption class='av-inner-masonry-content site-background'><div class='av-inner-masonry-content-pos'><div class='av-inner-masonry-content-pos-content'><div class='avia-arrow'><\/div><h3 class='av-masonry-entry-title entry-title '  itemprop=\"headline\" >Krc Krc<\/h3><\/div><\/div><\/figcaption><\/figure><\/a><!--end av-masonry entry--><\/div><\/div>\n","protected":false},"excerpt":{"rendered":"","protected":false},"author":14,"featured_media":0,"parent":0,"menu_order":0,"comment_status":"closed","ping_status":"open","template":"","meta":{"_acf_changed":false,"inline_featured_image":false,"footnotes":""},"class_list":["post-3656","page","type-page","status-publish","hentry"],"acf":[],"yoast_head":"<!-- This site is optimized with the Yoast SEO plugin v27.3 - https:\/\/yoast.com\/product\/yoast-seo-wordpress\/ -->\n<title>Plakatendesign - Titan Dizajn<\/title>\n<meta name=\"robots\" content=\"index, follow, max-snippet:-1, max-image-preview:large, max-video-preview:-1\" \/>\n<link rel=\"canonical\" href=\"https:\/\/titandizajn.com\/de\/plakatendesign\/\" \/>\n<meta property=\"og:locale\" content=\"de_DE\" \/>\n<meta property=\"og:type\" content=\"article\" \/>\n<meta property=\"og:title\" content=\"Plakatendesign - Titan Dizajn\" \/>\n<meta property=\"og:url\" content=\"https:\/\/titandizajn.com\/de\/plakatendesign\/\" \/>\n<meta property=\"og:site_name\" content=\"Titan Dizajn\" \/>\n<meta property=\"article:modified_time\" content=\"2023-09-15T09:56:21+00:00\" \/>\n<meta property=\"og:image\" content=\"https:\/\/titandizajn.com\/wp-content\/uploads\/2019\/06\/logo-1.png\" \/>\n\t<meta property=\"og:image:width\" content=\"91\" \/>\n\t<meta property=\"og:image:height\" content=\"107\" \/>\n\t<meta property=\"og:image:type\" content=\"image\/png\" \/>\n<meta name=\"twitter:card\" content=\"summary_large_image\" \/>\n<meta name=\"twitter:label1\" content=\"Gesch\u00e4tzte Lesezeit\" \/>\n\t<meta name=\"twitter:data1\" content=\"2\u00a0Minuten\" \/>\n<script type=\"application\/ld+json\" class=\"yoast-schema-graph\">{\"@context\":\"https:\\\/\\\/schema.org\",\"@graph\":[{\"@type\":\"WebPage\",\"@id\":\"https:\\\/\\\/titandizajn.com\\\/de\\\/plakatendesign\\\/\",\"url\":\"https:\\\/\\\/titandizajn.com\\\/de\\\/plakatendesign\\\/\",\"name\":\"Plakatendesign - Titan Dizajn\",\"isPartOf\":{\"@id\":\"https:\\\/\\\/titandizajn.com\\\/#website\"},\"datePublished\":\"2019-12-09T09:58:32+00:00\",\"dateModified\":\"2023-09-15T09:56:21+00:00\",\"breadcrumb\":{\"@id\":\"https:\\\/\\\/titandizajn.com\\\/de\\\/plakatendesign\\\/#breadcrumb\"},\"inLanguage\":\"de\",\"potentialAction\":[{\"@type\":\"ReadAction\",\"target\":[\"https:\\\/\\\/titandizajn.com\\\/de\\\/plakatendesign\\\/\"]}]},{\"@type\":\"BreadcrumbList\",\"@id\":\"https:\\\/\\\/titandizajn.com\\\/de\\\/plakatendesign\\\/#breadcrumb\",\"itemListElement\":[{\"@type\":\"ListItem\",\"position\":1,\"name\":\"Po\u010detna\",\"item\":\"https:\\\/\\\/titandizajn.com\\\/de\\\/pocetna\\\/\"},{\"@type\":\"ListItem\",\"position\":2,\"name\":\"Plakatendesign\"}]},{\"@type\":\"WebSite\",\"@id\":\"https:\\\/\\\/titandizajn.com\\\/#website\",\"url\":\"https:\\\/\\\/titandizajn.com\\\/\",\"name\":\"Titan Dizajn\",\"description\":\"Creative Agency\",\"potentialAction\":[{\"@type\":\"SearchAction\",\"target\":{\"@type\":\"EntryPoint\",\"urlTemplate\":\"https:\\\/\\\/titandizajn.com\\\/?s={search_term_string}\"},\"query-input\":{\"@type\":\"PropertyValueSpecification\",\"valueRequired\":true,\"valueName\":\"search_term_string\"}}],\"inLanguage\":\"de\"}]}<\/script>\n<!-- \/ Yoast SEO plugin. -->","yoast_head_json":{"title":"Plakatendesign - Titan Dizajn","robots":{"index":"index","follow":"follow","max-snippet":"max-snippet:-1","max-image-preview":"max-image-preview:large","max-video-preview":"max-video-preview:-1"},"canonical":"https:\/\/titandizajn.com\/de\/plakatendesign\/","og_locale":"de_DE","og_type":"article","og_title":"Plakatendesign - Titan Dizajn","og_url":"https:\/\/titandizajn.com\/de\/plakatendesign\/","og_site_name":"Titan Dizajn","article_modified_time":"2023-09-15T09:56:21+00:00","og_image":[{"width":91,"height":107,"url":"https:\/\/titandizajn.com\/wp-content\/uploads\/2019\/06\/logo-1.png","type":"image\/png"}],"twitter_card":"summary_large_image","twitter_misc":{"Gesch\u00e4tzte Lesezeit":"2\u00a0Minuten"},"schema":{"@context":"https:\/\/schema.org","@graph":[{"@type":"WebPage","@id":"https:\/\/titandizajn.com\/de\/plakatendesign\/","url":"https:\/\/titandizajn.com\/de\/plakatendesign\/","name":"Plakatendesign - Titan Dizajn","isPartOf":{"@id":"https:\/\/titandizajn.com\/#website"},"datePublished":"2019-12-09T09:58:32+00:00","dateModified":"2023-09-15T09:56:21+00:00","breadcrumb":{"@id":"https:\/\/titandizajn.com\/de\/plakatendesign\/#breadcrumb"},"inLanguage":"de","potentialAction":[{"@type":"ReadAction","target":["https:\/\/titandizajn.com\/de\/plakatendesign\/"]}]},{"@type":"BreadcrumbList","@id":"https:\/\/titandizajn.com\/de\/plakatendesign\/#breadcrumb","itemListElement":[{"@type":"ListItem","position":1,"name":"Po\u010detna","item":"https:\/\/titandizajn.com\/de\/pocetna\/"},{"@type":"ListItem","position":2,"name":"Plakatendesign"}]},{"@type":"WebSite","@id":"https:\/\/titandizajn.com\/#website","url":"https:\/\/titandizajn.com\/","name":"Titan Dizajn","description":"Creative Agency","potentialAction":[{"@type":"SearchAction","target":{"@type":"EntryPoint","urlTemplate":"https:\/\/titandizajn.com\/?s={search_term_string}"},"query-input":{"@type":"PropertyValueSpecification","valueRequired":true,"valueName":"search_term_string"}}],"inLanguage":"de"}]}},"_links":{"self":[{"href":"https:\/\/titandizajn.com\/de\/wp-json\/wp\/v2\/pages\/3656","targetHints":{"allow":["GET"]}}],"collection":[{"href":"https:\/\/titandizajn.com\/de\/wp-json\/wp\/v2\/pages"}],"about":[{"href":"https:\/\/titandizajn.com\/de\/wp-json\/wp\/v2\/types\/page"}],"author":[{"embeddable":true,"href":"https:\/\/titandizajn.com\/de\/wp-json\/wp\/v2\/users\/14"}],"replies":[{"embeddable":true,"href":"https:\/\/titandizajn.com\/de\/wp-json\/wp\/v2\/comments?post=3656"}],"version-history":[{"count":6,"href":"https:\/\/titandizajn.com\/de\/wp-json\/wp\/v2\/pages\/3656\/revisions"}],"predecessor-version":[{"id":3808,"href":"https:\/\/titandizajn.com\/de\/wp-json\/wp\/v2\/pages\/3656\/revisions\/3808"}],"wp:attachment":[{"href":"https:\/\/titandizajn.com\/de\/wp-json\/wp\/v2\/media?parent=3656"}],"curies":[{"name":"wp","href":"https:\/\/api.w.org\/{rel}","templated":true}]}}