{"id":3654,"date":"2019-12-09T11:29:14","date_gmt":"2019-12-09T10:29:14","guid":{"rendered":"http:\/\/dev.titandizajn.com\/dizajn-bilborda"},"modified":"2023-09-15T11:50:23","modified_gmt":"2023-09-15T09:50:23","slug":"billboarddesign","status":"publish","type":"page","link":"https:\/\/titandizajn.com\/de\/billboarddesign\/","title":{"rendered":"Billboarddesign"},"content":{"rendered":"<div id='av-layout-grid-1'  class='av-layout-grid-container entry-content-wrapper main_color av-flex-cells   av-desktop-hide av-medium-hide av-small-hide av-mini-hide   avia-builder-el-0  el_before_av_layout_row  avia-builder-el-first  category-filter container_wrap fullsize' style=' '  >\n<div class=\"flex_cell no_margin av_one_full  avia-builder-el-1  avia-builder-el-no-sibling   \"  style='vertical-align:top; padding:30px; ' ><div class='flex_cell_inner' >\n<\/div><\/div>\n<\/div>\n<div id='av-layout-grid-2'  class='av-layout-grid-container entry-content-wrapper main_color av-flex-cells     avia-builder-el-3  el_after_av_layout_row  el_before_av_masonry_entries  submenu-not-first container_wrap fullsize' style=' '  >\n<div class=\"flex_cell no_margin av_one_full  avia-builder-el-4  avia-builder-el-no-sibling   \" ><div class='flex_cell_inner' ><section class=\"av_textblock_section \"  itemscope=\"itemscope\" itemtype=\"https:\/\/schema.org\/CreativeWork\" ><div class='avia_textblock about-txt '   itemprop=\"text\" ><h2 style=\"text-align: center;\">Das Billboarddesign<\/h2>\n<p style=\"text-align: center;\">Der Teil der Arbeit eines jeden Designers ist das Designieren der Billboards. Das Ziel eines guten und effektiven Billboards ist es, Aufmerksamkeit der Zuschauer auf sich zu ziehen und ihnen eine klare Nachricht zu \u00fcbermitteln. Das Design des Billboards ist eine Art visuales \u00dcbermitteln der Nachricht an die Benutzer. Es gibt eine Reihe von Regeln f\u00fcr das Designieren guter Billboards, die einen guten Eindruck auf die Nutzter machen.<\/p>\n<\/div><\/section>\n<\/div><\/div>\n<\/div>\n<div id='av-masonry-1' class='av-masonry  noHover av-fixed-size av-no-gap av-hover-overlay- av-masonry-animation-active av-masonry-col-4 av-caption-on-hover av-caption-style-  av-orientation-square  '  ><div class='av-masonry-container isotope av-js-disabled ' ><div class='av-masonry-entry isotope-item av-masonry-item-no-image '><\/div><a href=\"https:\/\/titandizajn.com\/de\/portfolio\/cozzy\/\"  id='av-masonry-1-item-9764' data-av-masonry-item='9764' class='av-masonry-entry isotope-item post-9764 portfolio type-portfolio status-publish has-post-thumbnail hentry portfolio_entries-billboarddesign portfolio_entries-grafik-design portfolio_entries-vizuelni-identitet-de  av-masonry-item-with-image' title=\"Cozzzy &#8211; Post 1 (480&#215;435)\"  itemscope=\"itemscope\" itemtype=\"https:\/\/schema.org\/CreativeWork\" ><div class='av-inner-masonry-sizer'><\/div><figure class='av-inner-masonry main_color'><div class=\"av-masonry-outerimage-container\"><div class=\"av-masonry-image-container\" style=\"background-image: url(https:\/\/titandizajn.com\/wp-content\/uploads\/2021\/03\/Cozzzy-Post-1-480x435-1.jpg);\" title=\"Cozzzy &#8211; Post 1 (480&#215;435)\" ><\/div><\/div><figcaption class='av-inner-masonry-content site-background'><div class='av-inner-masonry-content-pos'><div class='av-inner-masonry-content-pos-content'><div class='avia-arrow'><\/div><h3 class='av-masonry-entry-title entry-title '  itemprop=\"headline\" >Cozzy<\/h3><\/div><\/div><\/figcaption><\/figure><\/a><!--end av-masonry entry--><\/div><\/div>\n<div id='av-layout-grid-3'  class='av-layout-grid-container entry-content-wrapper main_color av-flex-cells     avia-builder-el-7  el_after_av_masonry_entries  el_before_av_masonry_entries  submenu-not-first container_wrap fullsize' style=' '  >\n<div class=\"flex_cell no_margin av_one_full  avia-builder-el-8  avia-builder-el-no-sibling   \" ><div class='flex_cell_inner' ><section class=\"av_textblock_section \"  itemscope=\"itemscope\" itemtype=\"https:\/\/schema.org\/CreativeWork\" ><div class='avia_textblock about-txt '   itemprop=\"text\" ><h2 style=\"text-align: center;\">Das graphische Design des Billboards<\/h2>\n<p style=\"text-align: center;\"><strong>Simplizit\u00e4t:<\/strong><\/p>\n<p style=\"text-align: center;\">Im ganzen Design ist die Einfachheit am wichtigsten. Die effektesten Nachrichten sind kurz, schlicht und verst\u00e4ndlich, demnach soll das Billboard ein kurzer Ausdruck einer Idee oder der Kurzversion der Nachricht sein. Die Designer erfinden nur selten Slogane und Nachrichten, aber es ist auf jeden Fall wichtig zu wissen, dass die kurzen Nachrichten, die beste L\u00f6sung sind. Die Regel besagt von 5 bis 7 W\u00f6rter.<\/p>\n<p style=\"text-align: center;\"><strong>Denken Sie an die Zeit<\/strong><\/p>\n<p style=\"text-align: center;\">Es ist von h\u00f6chster Wichtigkeit, dass der Design die Nachricht in einer kurzen Zeit \u00fcbermittelt. Es ist wichtig zu wissen, dass die durchschnittliche Schnelligkeit beim Vorbeifahren neben des Billboards mit einem Auto\u00a0 zwischen 50 \u2013 60km\/h betr\u00e4gt. Man sollte sich auch im Klaren sein, dass man sich dann bewegt, so werden alle unn\u00f6tigen oder komplizierten Elemente am Design unbemerkt bleiben.<\/p>\n<\/div><\/section>\n<\/div><\/div>\n<\/div>\n<div id='av-masonry-2' class='av-masonry  noHover av-fixed-size av-no-gap av-hover-overlay- av-masonry-animation-active av-masonry-col-4 av-caption-on-hover av-caption-style-  av-orientation-square  '  ><div class='av-masonry-container isotope av-js-disabled ' ><div class='av-masonry-entry isotope-item av-masonry-item-no-image '><\/div><a href=\"https:\/\/titandizajn.com\/de\/portfolio\/studio-dot\/\"  id='av-masonry-2-item-3557' data-av-masonry-item='3557' class='av-masonry-entry isotope-item post-3557 portfolio type-portfolio status-publish has-post-thumbnail hentry tag-graphic-design-sr-de tag-logo-design-sr-de portfolio_entries-grafik-design portfolio_entries-logotyp-design  av-masonry-item-with-image' title=\"Dot studio\"  itemscope=\"itemscope\" itemtype=\"https:\/\/schema.org\/CreativeWork\" ><div class='av-inner-masonry-sizer'><\/div><figure class='av-inner-masonry main_color'><div class=\"av-masonry-outerimage-container\"><div class=\"av-masonry-image-container\" style=\"background-image: url(https:\/\/titandizajn.com\/wp-content\/uploads\/2019\/07\/dot.jpg);\" title=\"Dot studio\" ><\/div><\/div><figcaption class='av-inner-masonry-content site-background'><div class='av-inner-masonry-content-pos'><div class='av-inner-masonry-content-pos-content'><div class='avia-arrow'><\/div><h3 class='av-masonry-entry-title entry-title '  itemprop=\"headline\" >Studio Dot<\/h3><\/div><\/div><\/figcaption><\/figure><\/a><!--end av-masonry entry--><a href=\"https:\/\/titandizajn.com\/de\/portfolio\/balkan-grow\/\"  id='av-masonry-2-item-3319' data-av-masonry-item='3319' class='av-masonry-entry isotope-item post-3319 portfolio type-portfolio status-publish has-post-thumbnail hentry tag-graphic-design-sr-de tag-logo-design-sr-de portfolio_entries-grafik-design portfolio_entries-logotyp-design  av-masonry-item-with-image' title=\"balkan-grow\"  itemscope=\"itemscope\" itemtype=\"https:\/\/schema.org\/CreativeWork\" ><div class='av-inner-masonry-sizer'><\/div><figure class='av-inner-masonry main_color'><div class=\"av-masonry-outerimage-container\"><div class=\"av-masonry-image-container\" style=\"background-image: url(https:\/\/titandizajn.com\/wp-content\/uploads\/2019\/07\/balkan-grow-1.jpg);\" title=\"balkan-grow\" ><\/div><\/div><figcaption class='av-inner-masonry-content site-background'><div class='av-inner-masonry-content-pos'><div class='av-inner-masonry-content-pos-content'><div class='avia-arrow'><\/div><h3 class='av-masonry-entry-title entry-title '  itemprop=\"headline\" >Balkan Grow<\/h3><\/div><\/div><\/figcaption><\/figure><\/a><!--end av-masonry entry--><a href=\"https:\/\/titandizajn.com\/de\/portfolio\/choco-biscuit\/\"  id='av-masonry-2-item-3513' data-av-masonry-item='3513' class='av-masonry-entry isotope-item post-3513 portfolio type-portfolio status-publish has-post-thumbnail hentry tag-graphic-design-sr-de tag-package-design-sr-de portfolio_entries-grafik-design portfolio_entries-verpackungs-design  av-masonry-item-with-image' title=\"Choco biscuit\"  itemscope=\"itemscope\" itemtype=\"https:\/\/schema.org\/CreativeWork\" ><div class='av-inner-masonry-sizer'><\/div><figure class='av-inner-masonry main_color'><div class=\"av-masonry-outerimage-container\"><div class=\"av-masonry-image-container\" style=\"background-image: url(https:\/\/titandizajn.com\/wp-content\/uploads\/2019\/07\/Choco-biscuit.jpg);\" title=\"Choco biscuit\" ><\/div><\/div><figcaption class='av-inner-masonry-content site-background'><div class='av-inner-masonry-content-pos'><div class='av-inner-masonry-content-pos-content'><div class='avia-arrow'><\/div><h3 class='av-masonry-entry-title entry-title '  itemprop=\"headline\" >Choco Biscuit<\/h3><\/div><\/div><\/figcaption><\/figure><\/a><!--end av-masonry entry--><a href=\"https:\/\/titandizajn.com\/de\/portfolio\/el-famoso\/\"  id='av-masonry-2-item-3330' data-av-masonry-item='3330' class='av-masonry-entry isotope-item post-3330 portfolio type-portfolio status-publish has-post-thumbnail hentry tag-graphic-design-sr-de tag-package-design-sr-de portfolio_entries-grafik-design portfolio_entries-verpackungs-design  av-masonry-item-with-image' title=\"El Famoso\"  itemscope=\"itemscope\" itemtype=\"https:\/\/schema.org\/CreativeWork\" ><div class='av-inner-masonry-sizer'><\/div><figure class='av-inner-masonry main_color'><div class=\"av-masonry-outerimage-container\"><div class=\"av-masonry-image-container\" style=\"background-image: url(https:\/\/titandizajn.com\/wp-content\/uploads\/2019\/07\/elfamoso-prva.jpg);\" title=\"El Famoso\" ><\/div><\/div><figcaption class='av-inner-masonry-content site-background'><div class='av-inner-masonry-content-pos'><div class='av-inner-masonry-content-pos-content'><div class='avia-arrow'><\/div><h3 class='av-masonry-entry-title entry-title '  itemprop=\"headline\" >El Famoso<\/h3><\/div><\/div><\/figcaption><\/figure><\/a><!--end av-masonry entry--><\/div><\/div>\n<div id='av-layout-grid-4'  class='av-layout-grid-container entry-content-wrapper main_color av-flex-cells     avia-builder-el-11  el_after_av_masonry_entries  avia-builder-el-last  submenu-not-first container_wrap fullsize' style=' '  >\n<div class=\"flex_cell no_margin av_one_full  avia-builder-el-12  avia-builder-el-no-sibling   \" ><div class='flex_cell_inner' ><section class=\"av_textblock_section \"  itemscope=\"itemscope\" itemtype=\"https:\/\/schema.org\/CreativeWork\" ><div class='avia_textblock about-txt '   itemprop=\"text\" ><p style=\"text-align: center;\"><strong>Grosse Schriftarten und Texte<\/strong><\/p>\n<p style=\"text-align: center;\">Einer der Ziele von Billboards ist es, dass die Menschen die Nachricht aus Entfernung lesen k\u00f6nnen. Deshalb sind die Schl\u00fc\u00dfelw\u00f6rter gro\u00df, die Schriftart klar und einfach zu lesen. Die beste L\u00f6sung daf\u00fcr sind beserife Schriftarten und ein passender Abstand zwischen den Schriftarten.<\/p>\n<p style=\"text-align: center;\"><strong>Der Kontrast<\/strong><\/p>\n<p style=\"text-align: center;\">Ein passender Kontrast ist f\u00fcr die Lesbarkeit wichtig. Die besten Farben sind die Grundfarben: schwarz, wei\u00df und Primarfarben wie gelb, rot und blau.<\/p>\n<p style=\"text-align: center;\"><strong>Das Bild sagt mehr als Worte<\/strong><\/p>\n<p style=\"text-align: center;\">Es ist notwendig ein gro\u00dfes Bild zu benutzten um auf diese Weise die Aufmerksamkeit des Publikums am schnellsten auf sich zu ziehen. Ein Glas ist immer effektiver als drei Gl\u00e4ser. Wenn es um kleine Gegenst\u00e4nde geht, ist es wichtig sie zu vergr\u00f6\u00dfern und klar darzustellen.<\/p>\n<p style=\"text-align: center;\"><strong>Der Hintergrund<\/strong><\/p>\n<p style=\"text-align: center;\">Das beste f\u00fcr ein Billboard ist, dass der Hintergrund einfach ist und die Bilder, die Slogans und die Logos nicht beeinflusst. Freier Raum ist ein wichtiges Element im Seitendesign, aber man darf nicht vergessen, dass es sich hier um ein Billboard handelt, das eine gro\u00dfe Fl\u00e4che einnimmt.<\/p>\n<p style=\"text-align: center;\"><strong>Einladung zur Angebotsaktion<\/strong><\/p>\n<p style=\"text-align: center;\">Genau wie im Internet gibt es einen Knopf den man dr\u00fccken soll. Obwohl das am Billboard nicht m\u00f6glich ist, muss er auch zur einer Aktion einladen. Es ist wichtig zu wissen, was eine Zeilgruppe machen will, wenn es das Billboard sieht. Das Billboard kann als Wegweiser zur offizillen Seite, zu den Seiten auf Socialmedia oder einer anderen Art des Engagements, bieten.<\/p>\n<p style=\"text-align: center;\"><strong>Das Logo<\/strong><\/p>\n<p style=\"text-align: center;\">Das Gleichgewicht zwischen den Bild und dem Logo ist sehr wichtig und muss pr\u00e4sent sein. Eine ungeschriebene Regel besagt, dass das Logo nicht kleiner als 1\/8 der Fl\u00e4chengr\u00f6\u00dfe sein sollte. Das Logo ist ein Element, das den Weg zu den Nutzer finden und ihr Interesse wecken soll und sich in ihr Ged\u00e4chnis einpr\u00e4gen.<\/p>\n<\/div><\/section>\n<\/div><\/div>\n<\/div>\n","protected":false},"excerpt":{"rendered":"","protected":false},"author":14,"featured_media":0,"parent":0,"menu_order":0,"comment_status":"closed","ping_status":"open","template":"","meta":{"_acf_changed":false,"inline_featured_image":false,"footnotes":""},"class_list":["post-3654","page","type-page","status-publish","hentry"],"acf":[],"yoast_head":"<!-- This site is optimized with the Yoast SEO plugin v27.1.1 - https:\/\/yoast.com\/product\/yoast-seo-wordpress\/ -->\n<title>Billboarddesign - Titan Dizajn<\/title>\n<meta name=\"robots\" content=\"index, follow, max-snippet:-1, max-image-preview:large, max-video-preview:-1\" \/>\n<link rel=\"canonical\" href=\"https:\/\/titandizajn.com\/de\/billboarddesign\/\" \/>\n<meta property=\"og:locale\" content=\"de_DE\" \/>\n<meta property=\"og:type\" content=\"article\" \/>\n<meta property=\"og:title\" content=\"Billboarddesign - Titan Dizajn\" \/>\n<meta property=\"og:url\" content=\"https:\/\/titandizajn.com\/de\/billboarddesign\/\" \/>\n<meta property=\"og:site_name\" content=\"Titan Dizajn\" \/>\n<meta property=\"article:modified_time\" content=\"2023-09-15T09:50:23+00:00\" \/>\n<meta property=\"og:image\" content=\"https:\/\/titandizajn.com\/wp-content\/uploads\/2019\/06\/logo-1.png\" \/>\n\t<meta property=\"og:image:width\" content=\"91\" \/>\n\t<meta property=\"og:image:height\" content=\"107\" \/>\n\t<meta property=\"og:image:type\" content=\"image\/png\" \/>\n<meta name=\"twitter:card\" content=\"summary_large_image\" \/>\n<meta name=\"twitter:label1\" content=\"Gesch\u00e4tzte Lesezeit\" \/>\n\t<meta name=\"twitter:data1\" content=\"4\u00a0Minuten\" \/>\n<script type=\"application\/ld+json\" class=\"yoast-schema-graph\">{\"@context\":\"https:\/\/schema.org\",\"@graph\":[{\"@type\":\"WebPage\",\"@id\":\"https:\/\/titandizajn.com\/de\/billboarddesign\/\",\"url\":\"https:\/\/titandizajn.com\/de\/billboarddesign\/\",\"name\":\"Billboarddesign - Titan Dizajn\",\"isPartOf\":{\"@id\":\"https:\/\/titandizajn.com\/#website\"},\"datePublished\":\"2019-12-09T10:29:14+00:00\",\"dateModified\":\"2023-09-15T09:50:23+00:00\",\"breadcrumb\":{\"@id\":\"https:\/\/titandizajn.com\/de\/billboarddesign\/#breadcrumb\"},\"inLanguage\":\"de\",\"potentialAction\":[{\"@type\":\"ReadAction\",\"target\":[\"https:\/\/titandizajn.com\/de\/billboarddesign\/\"]}]},{\"@type\":\"BreadcrumbList\",\"@id\":\"https:\/\/titandizajn.com\/de\/billboarddesign\/#breadcrumb\",\"itemListElement\":[{\"@type\":\"ListItem\",\"position\":1,\"name\":\"Po\u010detna\",\"item\":\"https:\/\/titandizajn.com\/de\/pocetna\/\"},{\"@type\":\"ListItem\",\"position\":2,\"name\":\"Billboarddesign\"}]},{\"@type\":\"WebSite\",\"@id\":\"https:\/\/titandizajn.com\/#website\",\"url\":\"https:\/\/titandizajn.com\/\",\"name\":\"Titan Dizajn\",\"description\":\"Creative Agency\",\"potentialAction\":[{\"@type\":\"SearchAction\",\"target\":{\"@type\":\"EntryPoint\",\"urlTemplate\":\"https:\/\/titandizajn.com\/?s={search_term_string}\"},\"query-input\":{\"@type\":\"PropertyValueSpecification\",\"valueRequired\":true,\"valueName\":\"search_term_string\"}}],\"inLanguage\":\"de\"}]}<\/script>\n<!-- \/ Yoast SEO plugin. -->","yoast_head_json":{"title":"Billboarddesign - Titan Dizajn","robots":{"index":"index","follow":"follow","max-snippet":"max-snippet:-1","max-image-preview":"max-image-preview:large","max-video-preview":"max-video-preview:-1"},"canonical":"https:\/\/titandizajn.com\/de\/billboarddesign\/","og_locale":"de_DE","og_type":"article","og_title":"Billboarddesign - Titan Dizajn","og_url":"https:\/\/titandizajn.com\/de\/billboarddesign\/","og_site_name":"Titan Dizajn","article_modified_time":"2023-09-15T09:50:23+00:00","og_image":[{"width":91,"height":107,"url":"https:\/\/titandizajn.com\/wp-content\/uploads\/2019\/06\/logo-1.png","type":"image\/png"}],"twitter_card":"summary_large_image","twitter_misc":{"Gesch\u00e4tzte Lesezeit":"4\u00a0Minuten"},"schema":{"@context":"https:\/\/schema.org","@graph":[{"@type":"WebPage","@id":"https:\/\/titandizajn.com\/de\/billboarddesign\/","url":"https:\/\/titandizajn.com\/de\/billboarddesign\/","name":"Billboarddesign - Titan Dizajn","isPartOf":{"@id":"https:\/\/titandizajn.com\/#website"},"datePublished":"2019-12-09T10:29:14+00:00","dateModified":"2023-09-15T09:50:23+00:00","breadcrumb":{"@id":"https:\/\/titandizajn.com\/de\/billboarddesign\/#breadcrumb"},"inLanguage":"de","potentialAction":[{"@type":"ReadAction","target":["https:\/\/titandizajn.com\/de\/billboarddesign\/"]}]},{"@type":"BreadcrumbList","@id":"https:\/\/titandizajn.com\/de\/billboarddesign\/#breadcrumb","itemListElement":[{"@type":"ListItem","position":1,"name":"Po\u010detna","item":"https:\/\/titandizajn.com\/de\/pocetna\/"},{"@type":"ListItem","position":2,"name":"Billboarddesign"}]},{"@type":"WebSite","@id":"https:\/\/titandizajn.com\/#website","url":"https:\/\/titandizajn.com\/","name":"Titan Dizajn","description":"Creative Agency","potentialAction":[{"@type":"SearchAction","target":{"@type":"EntryPoint","urlTemplate":"https:\/\/titandizajn.com\/?s={search_term_string}"},"query-input":{"@type":"PropertyValueSpecification","valueRequired":true,"valueName":"search_term_string"}}],"inLanguage":"de"}]}},"_links":{"self":[{"href":"https:\/\/titandizajn.com\/de\/wp-json\/wp\/v2\/pages\/3654","targetHints":{"allow":["GET"]}}],"collection":[{"href":"https:\/\/titandizajn.com\/de\/wp-json\/wp\/v2\/pages"}],"about":[{"href":"https:\/\/titandizajn.com\/de\/wp-json\/wp\/v2\/types\/page"}],"author":[{"embeddable":true,"href":"https:\/\/titandizajn.com\/de\/wp-json\/wp\/v2\/users\/14"}],"replies":[{"embeddable":true,"href":"https:\/\/titandizajn.com\/de\/wp-json\/wp\/v2\/comments?post=3654"}],"version-history":[{"count":6,"href":"https:\/\/titandizajn.com\/de\/wp-json\/wp\/v2\/pages\/3654\/revisions"}],"predecessor-version":[{"id":23220,"href":"https:\/\/titandizajn.com\/de\/wp-json\/wp\/v2\/pages\/3654\/revisions\/23220"}],"wp:attachment":[{"href":"https:\/\/titandizajn.com\/de\/wp-json\/wp\/v2\/media?parent=3654"}],"curies":[{"name":"wp","href":"https:\/\/api.w.org\/{rel}","templated":true}]}}