{"id":3652,"date":"2019-12-09T10:42:29","date_gmt":"2019-12-09T09:42:29","guid":{"rendered":"http:\/\/dev.titandizajn.com\/dizajn-kataloga"},"modified":"2023-09-15T11:54:20","modified_gmt":"2023-09-15T09:54:20","slug":"design-des-katalogs","status":"publish","type":"page","link":"https:\/\/titandizajn.com\/de\/design-des-katalogs\/","title":{"rendered":"Design des Katalogs"},"content":{"rendered":"<div id='av-layout-grid-1'  class='av-layout-grid-container entry-content-wrapper main_color av-flex-cells   av-desktop-hide av-medium-hide av-small-hide av-mini-hide   avia-builder-el-0  el_before_av_layout_row  avia-builder-el-first  category-filter container_wrap fullsize' style=' '  >\n<div class=\"flex_cell no_margin av_one_full  avia-builder-el-1  avia-builder-el-no-sibling   \"  style='vertical-align:top; padding:30px; ' ><div class='flex_cell_inner' >\n<\/div><\/div>\n<\/div>\n<div id='av-layout-grid-2'  class='av-layout-grid-container entry-content-wrapper main_color av-flex-cells     avia-builder-el-3  el_after_av_layout_row  el_before_av_masonry_entries  submenu-not-first container_wrap fullsize' style=' '  >\n<div class=\"flex_cell no_margin av_one_full  avia-builder-el-4  avia-builder-el-no-sibling   \" ><div class='flex_cell_inner' ><section class=\"av_textblock_section \"  itemscope=\"itemscope\" itemtype=\"https:\/\/schema.org\/CreativeWork\" ><div class='avia_textblock about-txt '   itemprop=\"text\" ><h2 style=\"text-align: center;\">Das design und die ausarbeitung des katalogs<\/h2>\n<p style=\"text-align: center;\"><strong>Das Grafikdesign<\/strong>, das Katalogdesign ist ein Werkzeug f\u00fcr ein Unternehmen, um ein Sortiment von Artikeln aus verschiedenen Produktlinien zu pr\u00e4sentieren. Dies bedeutet, dass der Katalog an Kunden ohne den Vermittler des Verk\u00e4ufers geliefert wird, um sie zum Kauf zu bewegen. Der Katalog muss \u00fcberzeugender sein, um den Betrachter mit sch\u00f6nen Fotografien und detaillierten Beschreibungen zu begeistern. In der Titan Design Agentur bieten wir Ihnen eine einzigartige grafische Ausarbeitung des Katalogs.<\/p>\n<p style=\"text-align: center;\">Von der Idee \u00fcber das Design bis hin zum Fotografieren Ihrer Produkte, die im Katalog enthalten sein werden.<\/p>\n<\/div><\/section>\n<\/div><\/div>\n<\/div>\n<div id='av-masonry-1' class='av-masonry  noHover av-fixed-size av-no-gap av-hover-overlay- av-masonry-animation-active av-masonry-col-4 av-caption-on-hover av-caption-style-  av-orientation-square  '  ><div class='av-masonry-container isotope av-js-disabled ' ><div class='av-masonry-entry isotope-item av-masonry-item-no-image '><\/div><a href=\"https:\/\/titandizajn.com\/de\/portfolio\/petit-coco\/\"  id='av-masonry-1-item-3433' data-av-masonry-item='3433' class='av-masonry-entry isotope-item post-3433 portfolio type-portfolio status-publish has-post-thumbnail hentry tag-graphic-design-sr-de tag-logo-design-sr-de portfolio_entries-design-des-katalogs portfolio_entries-grafik-design portfolio_entries-logotyp-design  av-masonry-item-with-image' title=\"Petit coco\"  itemscope=\"itemscope\" itemtype=\"https:\/\/schema.org\/CreativeWork\" ><div class='av-inner-masonry-sizer'><\/div><figure class='av-inner-masonry main_color'><div class=\"av-masonry-outerimage-container\"><div class=\"av-masonry-image-container\" style=\"background-image: url(https:\/\/titandizajn.com\/wp-content\/uploads\/2019\/11\/petit-prva.jpg);\" title=\"Petit coco\" ><\/div><\/div><figcaption class='av-inner-masonry-content site-background'><div class='av-inner-masonry-content-pos'><div class='av-inner-masonry-content-pos-content'><div class='avia-arrow'><\/div><h3 class='av-masonry-entry-title entry-title '  itemprop=\"headline\" >Petit Coco<\/h3><\/div><\/div><\/figcaption><\/figure><\/a><!--end av-masonry entry--><\/div><\/div>\n<div id='av-layout-grid-3'  class='av-layout-grid-container entry-content-wrapper main_color av-flex-cells     avia-builder-el-7  el_after_av_masonry_entries  el_before_av_masonry_entries  submenu-not-first container_wrap fullsize' style=' '  >\n<div class=\"flex_cell no_margin av_one_full  avia-builder-el-8  avia-builder-el-no-sibling   \" ><div class='flex_cell_inner' ><section class=\"av_textblock_section \"  itemscope=\"itemscope\" itemtype=\"https:\/\/schema.org\/CreativeWork\" ><div class='avia_textblock about-txt '   itemprop=\"text\" ><h2 style=\"text-align: center;\">Das graphische Design des Katalogs<\/h2>\n<p style=\"text-align: center;\">Effektive Kataloge erm\u00f6glichen den Nutzern, Informationen, welche sie ben\u00f6tigen schnell zu finden. Der einfachste Weg um das zu erreichen ist es, den Inhalt mit klar-definierten und markierten Teilen, die leicht zu finden und unterscheidbar sind, zu organisieren. Diese Produktkategorien k\u00f6nnen sich je nach Artikeltyp, der Funktion, die sie haben oder dem Ort, wo sie benutzt werden.<\/p>\n<p style=\"text-align: center;\">Der graphische Designer kann gro\u00dfe Bilder, Titel oder eine Farbenauswahl benutzten, um die unterschiedlichen Teile zu markieren. Gleichzeitig ist es aber auch ganz wichtig, die Seite leicht bedienen zu k\u00f6nnen, was ein gut organisiertes Netzwerk bewerkstelligen kann. Da die K\u00e4ufer h\u00e4ufig keinen physischen Kontakt mit dem Produkt haben, ist es wichtig, dass die Artikel mit Hilfe von Fotos und detalierter Beschreibung im Katalog pr\u00e4zise dargestellt werden. Die Gr\u00f6\u00dfe, die Farbe, der Preis und andere besondere Karakteristiken sollen wegen schneller Erkennung im Text betont werden.<\/p>\n<\/div><\/section>\n<\/div><\/div>\n<\/div>\n<div id='av-masonry-2' class='av-masonry  noHover av-fixed-size av-no-gap av-hover-overlay- av-masonry-animation-active av-masonry-col-4 av-caption-on-hover av-caption-style-  av-orientation-square  '  ><div class='av-masonry-container isotope av-js-disabled ' ><div class='av-masonry-entry isotope-item av-masonry-item-no-image '><\/div><a href=\"https:\/\/titandizajn.com\/de\/portfolio\/petit-coco\/\"  id='av-masonry-2-item-3433' data-av-masonry-item='3433' class='av-masonry-entry isotope-item post-3433 portfolio type-portfolio status-publish has-post-thumbnail hentry tag-graphic-design-sr-de tag-logo-design-sr-de portfolio_entries-design-des-katalogs portfolio_entries-grafik-design portfolio_entries-logotyp-design  av-masonry-item-with-image' title=\"Petit coco\"  itemscope=\"itemscope\" itemtype=\"https:\/\/schema.org\/CreativeWork\" ><div class='av-inner-masonry-sizer'><\/div><figure class='av-inner-masonry main_color'><div class=\"av-masonry-outerimage-container\"><div class=\"av-masonry-image-container\" style=\"background-image: url(https:\/\/titandizajn.com\/wp-content\/uploads\/2019\/11\/petit-prva.jpg);\" title=\"Petit coco\" ><\/div><\/div><figcaption class='av-inner-masonry-content site-background'><div class='av-inner-masonry-content-pos'><div class='av-inner-masonry-content-pos-content'><div class='avia-arrow'><\/div><h3 class='av-masonry-entry-title entry-title '  itemprop=\"headline\" >Petit Coco<\/h3><\/div><\/div><\/figcaption><\/figure><\/a><!--end av-masonry entry--><\/div><\/div>\n<div id='av-layout-grid-4'  class='av-layout-grid-container entry-content-wrapper main_color av-flex-cells     avia-builder-el-11  el_after_av_masonry_entries  avia-builder-el-last  submenu-not-first container_wrap fullsize' style=' '  >\n<div class=\"flex_cell no_margin av_one_full  avia-builder-el-12  avia-builder-el-no-sibling   \" ><div class='flex_cell_inner' ><section class=\"av_textblock_section \"  itemscope=\"itemscope\" itemtype=\"https:\/\/schema.org\/CreativeWork\" ><div class='avia_textblock about-txt '   itemprop=\"text\" ><h2 style=\"text-align: center;\">Katalog oder Brosch\u00fcre?<\/h2>\n<p style=\"text-align: center;\">Borsch\u00fcren und Kataloge haben \u00e4hnliche Funktionen, so dass ihr prim\u00e4res Ziel der Verkauf von Produkten oder Dienstleistungsanbietung einem Zielmarkt ist. Der Unterschied liegt darin, dass Brosch\u00fcren haupts\u00e4chlich nur eine Reihe der Produkte oder der Dienstleistungen anbieten und die werden von den Verk\u00e4ufern nur unterwegs gegeben bzw. geleistet, w\u00e4hrend die Kataloge \u00fcber Asortimane \u00fcber Artikel verschiedener Produktreihen verf\u00fcgen. Sie kommen ohne Vermittler zu den Verk\u00e4ufern, um sie so anzuziehen. Kataloge m\u00fcssen \u00fcberzeugender, um den Betrachter mit Hilfe sch\u00f6ner Fotos und detalierter Beschreibung anzuregen.<\/p>\n<\/div><\/section>\n<\/div><\/div>\n<\/div>\n","protected":false},"excerpt":{"rendered":"","protected":false},"author":14,"featured_media":0,"parent":0,"menu_order":0,"comment_status":"closed","ping_status":"open","template":"","meta":{"_acf_changed":false,"inline_featured_image":false,"footnotes":""},"class_list":["post-3652","page","type-page","status-publish","hentry"],"acf":[],"yoast_head":"<!-- This site is optimized with the Yoast SEO plugin v27.3 - https:\/\/yoast.com\/product\/yoast-seo-wordpress\/ -->\n<title>Design des Katalogs - Titan Dizajn<\/title>\n<meta name=\"robots\" content=\"index, follow, max-snippet:-1, max-image-preview:large, max-video-preview:-1\" \/>\n<link rel=\"canonical\" href=\"https:\/\/titandizajn.com\/de\/design-des-katalogs\/\" \/>\n<meta property=\"og:locale\" content=\"de_DE\" \/>\n<meta property=\"og:type\" content=\"article\" \/>\n<meta property=\"og:title\" content=\"Design des Katalogs - Titan Dizajn\" \/>\n<meta property=\"og:url\" content=\"https:\/\/titandizajn.com\/de\/design-des-katalogs\/\" \/>\n<meta property=\"og:site_name\" content=\"Titan Dizajn\" \/>\n<meta property=\"article:modified_time\" content=\"2023-09-15T09:54:20+00:00\" \/>\n<meta property=\"og:image\" content=\"https:\/\/titandizajn.com\/wp-content\/uploads\/2019\/06\/logo-1.png\" \/>\n\t<meta property=\"og:image:width\" content=\"91\" \/>\n\t<meta property=\"og:image:height\" content=\"107\" \/>\n\t<meta property=\"og:image:type\" content=\"image\/png\" \/>\n<meta name=\"twitter:card\" content=\"summary_large_image\" \/>\n<meta name=\"twitter:label1\" content=\"Gesch\u00e4tzte Lesezeit\" \/>\n\t<meta name=\"twitter:data1\" content=\"3\u00a0Minuten\" \/>\n<script type=\"application\/ld+json\" class=\"yoast-schema-graph\">{\"@context\":\"https:\\\/\\\/schema.org\",\"@graph\":[{\"@type\":\"WebPage\",\"@id\":\"https:\\\/\\\/titandizajn.com\\\/de\\\/design-des-katalogs\\\/\",\"url\":\"https:\\\/\\\/titandizajn.com\\\/de\\\/design-des-katalogs\\\/\",\"name\":\"Design des Katalogs - Titan Dizajn\",\"isPartOf\":{\"@id\":\"https:\\\/\\\/titandizajn.com\\\/#website\"},\"datePublished\":\"2019-12-09T09:42:29+00:00\",\"dateModified\":\"2023-09-15T09:54:20+00:00\",\"breadcrumb\":{\"@id\":\"https:\\\/\\\/titandizajn.com\\\/de\\\/design-des-katalogs\\\/#breadcrumb\"},\"inLanguage\":\"de\",\"potentialAction\":[{\"@type\":\"ReadAction\",\"target\":[\"https:\\\/\\\/titandizajn.com\\\/de\\\/design-des-katalogs\\\/\"]}]},{\"@type\":\"BreadcrumbList\",\"@id\":\"https:\\\/\\\/titandizajn.com\\\/de\\\/design-des-katalogs\\\/#breadcrumb\",\"itemListElement\":[{\"@type\":\"ListItem\",\"position\":1,\"name\":\"Po\u010detna\",\"item\":\"https:\\\/\\\/titandizajn.com\\\/de\\\/pocetna\\\/\"},{\"@type\":\"ListItem\",\"position\":2,\"name\":\"Design des Katalogs\"}]},{\"@type\":\"WebSite\",\"@id\":\"https:\\\/\\\/titandizajn.com\\\/#website\",\"url\":\"https:\\\/\\\/titandizajn.com\\\/\",\"name\":\"Titan Dizajn\",\"description\":\"Creative Agency\",\"potentialAction\":[{\"@type\":\"SearchAction\",\"target\":{\"@type\":\"EntryPoint\",\"urlTemplate\":\"https:\\\/\\\/titandizajn.com\\\/?s={search_term_string}\"},\"query-input\":{\"@type\":\"PropertyValueSpecification\",\"valueRequired\":true,\"valueName\":\"search_term_string\"}}],\"inLanguage\":\"de\"}]}<\/script>\n<!-- \/ Yoast SEO plugin. -->","yoast_head_json":{"title":"Design des Katalogs - Titan Dizajn","robots":{"index":"index","follow":"follow","max-snippet":"max-snippet:-1","max-image-preview":"max-image-preview:large","max-video-preview":"max-video-preview:-1"},"canonical":"https:\/\/titandizajn.com\/de\/design-des-katalogs\/","og_locale":"de_DE","og_type":"article","og_title":"Design des Katalogs - Titan Dizajn","og_url":"https:\/\/titandizajn.com\/de\/design-des-katalogs\/","og_site_name":"Titan Dizajn","article_modified_time":"2023-09-15T09:54:20+00:00","og_image":[{"width":91,"height":107,"url":"https:\/\/titandizajn.com\/wp-content\/uploads\/2019\/06\/logo-1.png","type":"image\/png"}],"twitter_card":"summary_large_image","twitter_misc":{"Gesch\u00e4tzte Lesezeit":"3\u00a0Minuten"},"schema":{"@context":"https:\/\/schema.org","@graph":[{"@type":"WebPage","@id":"https:\/\/titandizajn.com\/de\/design-des-katalogs\/","url":"https:\/\/titandizajn.com\/de\/design-des-katalogs\/","name":"Design des Katalogs - Titan Dizajn","isPartOf":{"@id":"https:\/\/titandizajn.com\/#website"},"datePublished":"2019-12-09T09:42:29+00:00","dateModified":"2023-09-15T09:54:20+00:00","breadcrumb":{"@id":"https:\/\/titandizajn.com\/de\/design-des-katalogs\/#breadcrumb"},"inLanguage":"de","potentialAction":[{"@type":"ReadAction","target":["https:\/\/titandizajn.com\/de\/design-des-katalogs\/"]}]},{"@type":"BreadcrumbList","@id":"https:\/\/titandizajn.com\/de\/design-des-katalogs\/#breadcrumb","itemListElement":[{"@type":"ListItem","position":1,"name":"Po\u010detna","item":"https:\/\/titandizajn.com\/de\/pocetna\/"},{"@type":"ListItem","position":2,"name":"Design des Katalogs"}]},{"@type":"WebSite","@id":"https:\/\/titandizajn.com\/#website","url":"https:\/\/titandizajn.com\/","name":"Titan Dizajn","description":"Creative Agency","potentialAction":[{"@type":"SearchAction","target":{"@type":"EntryPoint","urlTemplate":"https:\/\/titandizajn.com\/?s={search_term_string}"},"query-input":{"@type":"PropertyValueSpecification","valueRequired":true,"valueName":"search_term_string"}}],"inLanguage":"de"}]}},"_links":{"self":[{"href":"https:\/\/titandizajn.com\/de\/wp-json\/wp\/v2\/pages\/3652","targetHints":{"allow":["GET"]}}],"collection":[{"href":"https:\/\/titandizajn.com\/de\/wp-json\/wp\/v2\/pages"}],"about":[{"href":"https:\/\/titandizajn.com\/de\/wp-json\/wp\/v2\/types\/page"}],"author":[{"embeddable":true,"href":"https:\/\/titandizajn.com\/de\/wp-json\/wp\/v2\/users\/14"}],"replies":[{"embeddable":true,"href":"https:\/\/titandizajn.com\/de\/wp-json\/wp\/v2\/comments?post=3652"}],"version-history":[{"count":6,"href":"https:\/\/titandizajn.com\/de\/wp-json\/wp\/v2\/pages\/3652\/revisions"}],"predecessor-version":[{"id":23235,"href":"https:\/\/titandizajn.com\/de\/wp-json\/wp\/v2\/pages\/3652\/revisions\/23235"}],"wp:attachment":[{"href":"https:\/\/titandizajn.com\/de\/wp-json\/wp\/v2\/media?parent=3652"}],"curies":[{"name":"wp","href":"https:\/\/api.w.org\/{rel}","templated":true}]}}